{"id":22936,"date":"2022-04-08T06:12:09","date_gmt":"2022-04-08T04:12:09","guid":{"rendered":"https:\/\/mgvpublications.com\/kedi-olarak-hayatim\/"},"modified":"2022-04-08T06:12:09","modified_gmt":"2022-04-08T04:12:09","slug":"kedi-olarak-hayatim","status":"publish","type":"product","link":"https:\/\/mgvpublications.com\/de\/kedi-olarak-hayatim\/","title":{"rendered":"Kedi Olarak Hayat\u0131m"},"content":{"rendered":"<p>\u00c7evirmen: Esma Fethiye G\u00fc\u00e7l\u00fc<br \/>Yay\u0131n Tarihi: 10.03.2022<br \/>ISBN: 9786050844252<br \/>Dil: T\u00dcRK\u00c7E<br \/>Sayfa Say\u0131s\u0131: 232<br \/>Cilt Tipi: Karton Kapak<br \/>Ka\u011f\u0131t Cinsi: Kitap Ka\u011f\u0131d\u0131<br \/>Boyut: 13.5 x 20.5 cm<br \/>Di\u011fer \u00d6zellik: 10+ Ya\u015f<\/p>","protected":false},"excerpt":{"rendered":"<p>Leonard bir uzayl\u0131. Onun hi\u00e7bir zaman bir ad\u0131 olmad\u0131. Ya da bir v\u00fccudu. Ya da en iyi arkada\u015f\u0131. Leonard\u2019\u0131n galaksisinde ya\u015fayan her uzayl\u0131, \u00fc\u00e7 y\u00fcz\u00fcnc\u00fc do\u011fum g\u00fcn\u00fcnde \u00f6d\u00fcl olarak d\u00fcnyadaki bir canl\u0131n\u0131n bedeninde vakit ge\u00e7irmeye hak kazan\u0131r. Bu f\u0131rsat aya\u011f\u0131na geldi\u011fi i\u00e7in \u00e7ok heyecanl\u0131 olan Leonard, ulusal bir parkta orman koruyucusu olarak d\u00fcnyaya gelmeyi beklerken kendini bir sokak kedisinin bedeninde bulur. Neyse ki Leonard\u2019\u0131n yolu Olive ad\u0131ndaki gen\u00e7 bir insanla kesi\u015fir ve birlikte bir yuva bulmak i\u00e7in yolculu\u011fa at\u0131l\u0131rlar. Ben Cosmo\u2019nun yazar\u0131ndan bir aile bulman\u0131n ne demek oldu\u011funa dair e\u011flenceli, dokunakl\u0131 ve s\u00fcr\u00fckleyici bir hik\u00e2ye.<\/p>","protected":false},"featured_media":22935,"template":"","meta":{"spay_email":""},"product_cat":[172],"product_tag":[],"item":[360],"acf":[],"_links":{"self":[{"href":"https:\/\/mgvpublications.com\/de\/wp-json\/wp\/v2\/product\/22936"}],"collection":[{"href":"https:\/\/mgvpublications.com\/de\/wp-json\/wp\/v2\/product"}],"about":[{"href":"https:\/\/mgvpublications.com\/de\/wp-json\/wp\/v2\/types\/product"}],"wp:featuredmedia":[{"embeddable":true,"href":"https:\/\/mgvpublications.com\/de\/wp-json\/wp\/v2\/media\/22935"}],"wp:attachment":[{"href":"https:\/\/mgvpublications.com\/de\/wp-json\/wp\/v2\/media?parent=22936"}],"wp:term":[{"taxonomy":"product_cat","embeddable":true,"href":"https:\/\/mgvpublications.com\/de\/wp-json\/wp\/v2\/product_cat?post=22936"},{"taxonomy":"product_tag","embeddable":true,"href":"https:\/\/mgvpublications.com\/de\/wp-json\/wp\/v2\/product_tag?post=22936"},{"taxonomy":"item","embeddable":true,"href":"https:\/\/mgvpublications.com\/de\/wp-json\/wp\/v2\/item?post=22936"}],"curies":[{"name":"wp","href":"https:\/\/api.w.org\/{rel}","templated":true}]}}