{"id":22932,"date":"2022-04-08T06:12:02","date_gmt":"2022-04-08T04:12:02","guid":{"rendered":"https:\/\/mgvpublications.com\/karatay-sozu\/"},"modified":"2022-04-08T06:12:02","modified_gmt":"2022-04-08T04:12:02","slug":"karatay-sozu","status":"publish","type":"product","link":"https:\/\/mgvpublications.com\/de\/karatay-sozu\/","title":{"rendered":"Karatay S\u00f6z\u00fc"},"content":{"rendered":"<p>Yay\u0131n Tarihi: 18.03.2022<br \/>ISBN: 9786257479677<br \/>Dil: T\u00dcRK\u00c7E<br \/>Sayfa Say\u0131s\u0131: 168<br \/>Cilt Tipi: Karton Kapak<br \/>Ka\u011f\u0131t Cinsi: Kitap Ka\u011f\u0131d\u0131<br \/>Boyut: 15.5 x 23 cm<\/p>","protected":false},"excerpt":{"rendered":"<p>60 y\u0131ll\u0131k hekimden t\u00fcm vir\u00fcslere ve bakterilere kar\u015f\u0131 kolayl\u0131kla uygulayabilece\u011finiz korunma y\u00f6ntemleri! KARATAY S\u00d6Z\u00dc Her ya\u015fta, her zamanda, her ko\u015fulda\u2026 Ba\u011f\u0131\u015f\u0131kl\u0131k Z\u0131rh\u0131m\u0131z Canan Hoca\u2019n\u0131n yazd\u0131\u011f\u0131 kitaplar T\u00fcrkiye\u2019de \u2018halk hareketi\u2019 oldu. O hep \u2018ezber bozan\u2019 oldu. O hep \u2018cesur\u2019 \u00e7\u0131k\u0131\u015flar\u0131yla g\u00fcndem oldu. O hep sonunda \u2018hakl\u0131 \u00e7\u0131kan\u2019 oldu. O, \u2018iyile\u015fmez denilen hastal\u0131klar\u0131 iyile\u015ftiren\u2019 oldu. Yay\u0131nlanm\u0131\u015f 7 kitab\u0131 bug\u00fcne kadar toplamda 2 milyona yak\u0131n sat\u0131\u015f yapt\u0131. Nisan 2011\u2019de Karatay Diyeti kitab\u0131 yay\u0131mland\u0131\u011f\u0131nda kar\u015f\u0131t fikirde olanlar\u0131n \u00e7o\u011fu \u015fimdilerde Karatay Diyeti ve Karatay Mutfa\u011f\u0131 kitaplar\u0131ndaki \u00f6nerileri dile getiriyorlar. Canan Hoca hi\u00e7bir televizyona \u00e7\u0131kmak i\u00e7in para vermedi, hi\u00e7bir programdan para almad\u0131, firmalardan gelen hi\u00e7bir reklam teklifini kabul etmedi. Kamu kurumlar\u0131ndan gelen davetlere \u00f6ncelik ve a\u011f\u0131rl\u0131k verdi. Kat\u0131ld\u0131\u011f\u0131 hi\u00e7bir etkinlikten \u2018para\u2019 almad\u0131. Davet eden kuruma, \u201cKitaplar\u0131m\u0131 al\u0131n, s\u00f6yle\u015fi sonunda halka \u00fccretsiz da\u011f\u0131t\u0131n, ancak bu \u015fartla gelirim,\u201d dedi. Kat\u0131ld\u0131\u011f\u0131 etkinliklerde bile halk\u0131n kitaplar\u0131na kolayca ula\u015fabilmesini, okuyup \u00f6\u011frenmesini, herkesin sa\u011fl\u0131kl\u0131 beslenme ve ya\u015fam bi\u00e7imini \u00f6\u011frenip uygulayabilmesini d\u00fc\u015f\u00fcnd\u00fc. Eyl\u00fcl 2019\u2019da medyada ba\u015flayan baz\u0131 haks\u0131z itibars\u0131zla\u015ft\u0131rma s\u00f6ylemleri onu \u00e7ok \u00fczd\u00fc! Sonras\u0131nda ya\u015fanan iki y\u0131ll\u0131k salg\u0131n s\u00fcrecinde ekranlarda s\u00f6z hakk\u0131 olmasa da yine \u2018s\u00f6z\u00fcn\u00fcn eri\u2019 oldu! Her ko\u015fulda, hi\u00e7 y\u0131lmadan, daima hakikatten yana \u2018m\u00fccadele\u2019 ederek t\u00fcm sevenlerine \u2018\u015feref s\u00f6z\u00fc\u2019 verdi! Halk\u0131n nezdinde \u2018Karatay S\u00f6z\u00fc\u2019 hep \u2018g\u00fcvenilir\u2019 oldu! Canan Hoca merkeze yine insan\u0131 koyuyor ve insan\u0131 karaci\u011ferini ayr\u0131 kalbini ayr\u0131 g\u00f6rmeden, bir b\u00fct\u00fcn halinde ve \u00e7evresiyle birlikte ele al\u0131yor. \u0130la\u00e7 firmalar\u0131n\u0131n g\u00fcd\u00fcm\u00fcnde olan ve insan\u0131 adeta sistem \u00e7ark\u0131n\u0131n unsuru haline getiren h\u00e2kim g\u00f6r\u00fc\u015fe prim vermiyor, hi\u00e7bir zaman da vermedi! O y\u00fczden diyor ki, \u00f6nce v\u00fccuduna ihtiyac\u0131 olan sa\u011fl\u0131kl\u0131 besinleri sa\u011flad\u0131\u011f\u0131ndan emin ol ama bunun i\u00e7in v\u00fccudunun neye ihtiyac\u0131 oldu\u011funu do\u011fru \u00f6\u011fren. Ve yine diyor ki, \u00f6nce ba\u011f\u0131\u015f\u0131kl\u0131\u011f\u0131m\u0131z\u0131 korumak ve kadim bilgileri kullanmak esast\u0131r. \u2018Ba\u011f\u0131\u015f\u0131kl\u0131k z\u0131rh\u0131\u2019na hepimizin ihtiyac\u0131 var! Bu kitap, t\u00fcm vir\u00fcs ve bakterilerden nas\u0131l korunaca\u011f\u0131m\u0131z\u0131, bunu bedenimizle en uyumlu, kadim yollardan nas\u0131l yapaca\u011f\u0131m\u0131z\u0131 anlat\u0131yor. S\u00f6z \u015fimdi Hocalar\u0131n Hocas\u0131 Prof. Karatay\u2019da\u2026 Karatay S\u00f6z\u00fc her ya\u015fta, her zaman, her ko\u015fulda ba\u015fucu kitab\u0131n\u0131z olacak!<\/p>","protected":false},"featured_media":22931,"template":"","meta":{"spay_email":""},"product_cat":[169],"product_tag":[],"item":[685],"acf":[],"_links":{"self":[{"href":"https:\/\/mgvpublications.com\/de\/wp-json\/wp\/v2\/product\/22932"}],"collection":[{"href":"https:\/\/mgvpublications.com\/de\/wp-json\/wp\/v2\/product"}],"about":[{"href":"https:\/\/mgvpublications.com\/de\/wp-json\/wp\/v2\/types\/product"}],"wp:featuredmedia":[{"embeddable":true,"href":"https:\/\/mgvpublications.com\/de\/wp-json\/wp\/v2\/media\/22931"}],"wp:attachment":[{"href":"https:\/\/mgvpublications.com\/de\/wp-json\/wp\/v2\/media?parent=22932"}],"wp:term":[{"taxonomy":"product_cat","embeddable":true,"href":"https:\/\/mgvpublications.com\/de\/wp-json\/wp\/v2\/product_cat?post=22932"},{"taxonomy":"product_tag","embeddable":true,"href":"https:\/\/mgvpublications.com\/de\/wp-json\/wp\/v2\/product_tag?post=22932"},{"taxonomy":"item","embeddable":true,"href":"https:\/\/mgvpublications.com\/de\/wp-json\/wp\/v2\/item?post=22932"}],"curies":[{"name":"wp","href":"https:\/\/api.w.org\/{rel}","templated":true}]}}