{"id":22930,"date":"2022-04-08T06:11:57","date_gmt":"2022-04-08T04:11:57","guid":{"rendered":"https:\/\/mgvpublications.com\/ne-icin-varsan-onun-icin-yasa-bir-arayisin-romani\/"},"modified":"2022-04-10T17:45:22","modified_gmt":"2022-04-10T15:45:22","slug":"ne-icin-varsan-onun-icin-yasa-bir-arayisin-romani","status":"publish","type":"product","link":"https:\/\/mgvpublications.com\/de\/ne-icin-varsan-onun-icin-yasa-bir-arayisin-romani\/","title":{"rendered":"Ne \u0130\u00e7in Varsan Onun \u0130\u00e7in Ya\u015fa Bir Aray\u0131\u015f\u0131n Roman\u0131"},"content":{"rendered":"<p>Yay\u0131n Tarihi: 05.10.2021<br \/>ISBN: 9786254414046<br \/>Dil: T\u00dcRK\u00c7E<br \/>Sayfa Say\u0131s\u0131: 264<br \/>Cilt Tipi: Karton Kapak<br \/>Ka\u011f\u0131t Cinsi: Kitap Ka\u011f\u0131d\u0131<br \/>Boyut: 13.5 x 21 cm<br \/>Editor: \u00d6zlem Esmerg\u00fcl<\/p>","protected":false},"excerpt":{"rendered":"<p>\u201cT\u00fcm muhte\u015fem hik\u00e2yeler iki \u015fekilde ba\u015flar. Ya bir insan bir yolculu\u011fa \u00e7\u0131kar ya da \u015fehre bir yabanc\u0131 gelir.\u201d -Tolstoy Demirden keskin bir d\u00fcd\u00fck sesi y\u00fckseldi o s\u0131rada. Ayr\u0131l\u0131\u011f\u0131n ciddiyeti buz gibi sard\u0131 bedenimi. Kap\u0131lar kapand\u0131 sonra&#8230; \u00c7antam sa\u011f\u0131mda, yaln\u0131zl\u0131k kar\u015f\u0131mda&#8230; Gidiyorum! Hay\u0131r bir saniye! Filmlerde b\u00f6yle olmazd\u0131 ki&#8230; Son anda muhakkak bir kalma sebebi yazard\u0131 senarist. Tam hareket etmek \u00fczereyken trenden atlay\u0131verirdi esas adam. Oysa \u015fimdi raylar\u0131n \u00fczerinde kaymaya ba\u015flam\u0131\u015ft\u0131 bile tren&#8230; Ayr\u0131l\u0131\u011f\u0131n g\u00f6\u011fs\u00fcme oturan a\u011f\u0131rl\u0131\u011f\u0131yla camdan d\u0131\u015far\u0131 bak\u0131p el sallayan insanlarla dolu peronu izledim. Beni u\u011furlamaya gelmeyen herkese te\u015fekk\u00fcr eder gibi bir damla g\u00f6zya\u015f\u0131 b\u0131rakt\u0131m oraya.<\/p>","protected":false},"featured_media":22929,"template":"","meta":{"spay_email":""},"product_cat":[168],"product_tag":[],"item":[1350],"acf":[],"_links":{"self":[{"href":"https:\/\/mgvpublications.com\/de\/wp-json\/wp\/v2\/product\/22930"}],"collection":[{"href":"https:\/\/mgvpublications.com\/de\/wp-json\/wp\/v2\/product"}],"about":[{"href":"https:\/\/mgvpublications.com\/de\/wp-json\/wp\/v2\/types\/product"}],"wp:featuredmedia":[{"embeddable":true,"href":"https:\/\/mgvpublications.com\/de\/wp-json\/wp\/v2\/media\/22929"}],"wp:attachment":[{"href":"https:\/\/mgvpublications.com\/de\/wp-json\/wp\/v2\/media?parent=22930"}],"wp:term":[{"taxonomy":"product_cat","embeddable":true,"href":"https:\/\/mgvpublications.com\/de\/wp-json\/wp\/v2\/product_cat?post=22930"},{"taxonomy":"product_tag","embeddable":true,"href":"https:\/\/mgvpublications.com\/de\/wp-json\/wp\/v2\/product_tag?post=22930"},{"taxonomy":"item","embeddable":true,"href":"https:\/\/mgvpublications.com\/de\/wp-json\/wp\/v2\/item?post=22930"}],"curies":[{"name":"wp","href":"https:\/\/api.w.org\/{rel}","templated":true}]}}