{"id":22928,"date":"2022-04-08T06:11:56","date_gmt":"2022-04-08T04:11:56","guid":{"rendered":"https:\/\/mgvpublications.com\/hadi-insallah\/"},"modified":"2022-09-02T20:31:15","modified_gmt":"2022-09-02T18:31:15","slug":"hadi-insallah","status":"publish","type":"product","link":"https:\/\/mgvpublications.com\/de\/hadi-insallah\/","title":{"rendered":"Hadi \u0130n\u015fallah"},"content":{"rendered":"<p>Yay\u0131n Tarihi: 09.03.2022<br \/>ISBN: 9786052692639<br \/>Dil: T\u00dcRK\u00c7E<br \/>Sayfa Say\u0131s\u0131: 240<br \/>Cilt Tipi: Karton Kapak<br \/>Ka\u011f\u0131t Cinsi: Kitap Ka\u011f\u0131d\u0131<br \/>Boyut: 13.5 x 19.5 cm<\/p>","protected":false},"excerpt":{"rendered":"<p>G\u00fczel \u015feyler zaman al\u0131r. Bazen de zaman g\u00fczel \u015feyleri al\u0131r\u2026 Hi\u00e7bir kar\u015f\u0131la\u015fma tesad\u00fcf de\u011fildir. Hayat\u0131na giren-\u00e7\u0131kan herkes, ya bir l\u00fctuftur ya da bir imtihan. Unutma, deniyorsan ama olmuyorsa; deneniyorsundur. \u00d6yleyse tevekk\u00fclden daha huzurlusu var m\u0131? Ne g\u00fczel duad\u0131r; Allah\u2019\u0131m! Bir g\u00fcn \u00fcmidimi kaybedersem, yazd\u0131\u011f\u0131n kaderin hayallerimden daha g\u00fczel oldu\u011funu bana hat\u0131rlat!<\/p>","protected":false},"featured_media":22927,"template":"","meta":{"spay_email":""},"product_cat":[168],"product_tag":[],"item":[379],"acf":[],"_links":{"self":[{"href":"https:\/\/mgvpublications.com\/de\/wp-json\/wp\/v2\/product\/22928"}],"collection":[{"href":"https:\/\/mgvpublications.com\/de\/wp-json\/wp\/v2\/product"}],"about":[{"href":"https:\/\/mgvpublications.com\/de\/wp-json\/wp\/v2\/types\/product"}],"wp:featuredmedia":[{"embeddable":true,"href":"https:\/\/mgvpublications.com\/de\/wp-json\/wp\/v2\/media\/22927"}],"wp:attachment":[{"href":"https:\/\/mgvpublications.com\/de\/wp-json\/wp\/v2\/media?parent=22928"}],"wp:term":[{"taxonomy":"product_cat","embeddable":true,"href":"https:\/\/mgvpublications.com\/de\/wp-json\/wp\/v2\/product_cat?post=22928"},{"taxonomy":"product_tag","embeddable":true,"href":"https:\/\/mgvpublications.com\/de\/wp-json\/wp\/v2\/product_tag?post=22928"},{"taxonomy":"item","embeddable":true,"href":"https:\/\/mgvpublications.com\/de\/wp-json\/wp\/v2\/item?post=22928"}],"curies":[{"name":"wp","href":"https:\/\/api.w.org\/{rel}","templated":true}]}}