{"id":22926,"date":"2022-04-08T06:11:50","date_gmt":"2022-04-08T04:11:50","guid":{"rendered":"https:\/\/mgvpublications.com\/uc-21-kurali-sifa-rituelleri\/"},"modified":"2022-04-19T16:11:04","modified_gmt":"2022-04-19T14:11:04","slug":"uc-21-kurali-sifa-rituelleri","status":"publish","type":"product","link":"https:\/\/mgvpublications.com\/de\/uc-21-kurali-sifa-rituelleri\/","title":{"rendered":"\u00dc\u00e7 21 Kural\u0131 \u015eifa Rit\u00fcelleri"},"content":{"rendered":"<p>Yay\u0131n Tarihi: 21.02.2022<br \/>ISBN: 9786258400069<br \/>Dil: T\u00dcRK\u00c7E<br \/>Sayfa Say\u0131s\u0131: 184<br \/>Cilt Tipi: Karton Kapak<br \/>Ka\u011f\u0131t Cinsi: Kitap Ka\u011f\u0131d\u0131<br \/>Boyut: 13.5 x 21 cm<\/p>","protected":false},"excerpt":{"rendered":"<p>\u201cSonunu bilmeden sonuna gidece\u011fiz.\u201d Para blokajlar\u0131n\u0131 kald\u0131rma, ba\u011f\u0131ml\u0131l\u0131klar, kilo, ili\u015fkiler, kendini sevme, bedensel \u015fifa, hedef vizyonu, aile ili\u015fkileri, d\u0131\u015f d\u00fcnyayla ileti\u015fim, ruhsal onar\u0131m ve ba\u015far\u0131 hedefleyenler i\u00e7in A\u015fk\u0131m Kap\u0131\u015fmak\u2019tan rit\u00fcellerle \u00dc\u00e7 21 Kural\u0131! \u00d6nce duayla ba\u015fl\u0131yor her \u015fey sonra niyetlerimize var\u0131yor. Hayat\u0131n dengesi, ruhun dinginli\u011fi ve ge\u00e7mi\u015fle y\u00fczle\u015fmek i\u00e7in; bolluk, bereket, ba\u015far\u0131 ve en \u00f6nemlisi senin i\u00e7in&#8230; \u00dc\u00e7 21 Kural\u0131 \u015eifa Rit\u00fcelleri\u2019ni yapmaya haz\u0131r m\u0131s\u0131n?<\/p>","protected":false},"featured_media":22925,"template":"","meta":{"spay_email":""},"product_cat":[169],"product_tag":[],"item":[774],"acf":[],"_links":{"self":[{"href":"https:\/\/mgvpublications.com\/de\/wp-json\/wp\/v2\/product\/22926"}],"collection":[{"href":"https:\/\/mgvpublications.com\/de\/wp-json\/wp\/v2\/product"}],"about":[{"href":"https:\/\/mgvpublications.com\/de\/wp-json\/wp\/v2\/types\/product"}],"wp:featuredmedia":[{"embeddable":true,"href":"https:\/\/mgvpublications.com\/de\/wp-json\/wp\/v2\/media\/22925"}],"wp:attachment":[{"href":"https:\/\/mgvpublications.com\/de\/wp-json\/wp\/v2\/media?parent=22926"}],"wp:term":[{"taxonomy":"product_cat","embeddable":true,"href":"https:\/\/mgvpublications.com\/de\/wp-json\/wp\/v2\/product_cat?post=22926"},{"taxonomy":"product_tag","embeddable":true,"href":"https:\/\/mgvpublications.com\/de\/wp-json\/wp\/v2\/product_tag?post=22926"},{"taxonomy":"item","embeddable":true,"href":"https:\/\/mgvpublications.com\/de\/wp-json\/wp\/v2\/item?post=22926"}],"curies":[{"name":"wp","href":"https:\/\/api.w.org\/{rel}","templated":true}]}}