{"id":22924,"date":"2022-04-08T06:11:49","date_gmt":"2022-04-08T04:11:49","guid":{"rendered":"https:\/\/mgvpublications.com\/ateste-yeserdim\/"},"modified":"2022-04-08T06:11:49","modified_gmt":"2022-04-08T04:11:49","slug":"ateste-yeserdim","status":"publish","type":"product","link":"https:\/\/mgvpublications.com\/de\/ateste-yeserdim\/","title":{"rendered":"Ate\u015fte Ye\u015ferdim"},"content":{"rendered":"<p>Kapak: Kenan B\u0131y\u0131kl\u0131<br \/>Yay\u0131n Tarihi: 19.03.2020<br \/>ISBN: 9789752694668<br \/>Dil: T\u00dcRK\u00c7E<br \/>Sayfa Say\u0131s\u0131: 272<br \/>Cilt Tipi: Karton Kapak<br \/>Ka\u011f\u0131t Cinsi: Kitap Ka\u011f\u0131d\u0131<br \/>Boyut: 13.5 x 19.5 cm<\/p>","protected":false},"excerpt":{"rendered":"<p>Geni\u015f bir okuyucusu olan tan\u0131nm\u0131\u015f bir yazar\u0131n hayat\u0131ndan \u00f6nemli sahnelerin de yer ald\u0131\u011f\u0131 bu kitap; her insana ibret olacak kadar \u015fa\u015f\u0131rt\u0131c\u0131, d\u00fc\u015f\u00fcnd\u00fcr\u00fcc\u00fc ve duygu y\u00fckl\u00fc konulardan olu\u015fmaktad\u0131r. B\u00fct\u00fcn olumsuz \u015fartlara ra\u011fmen azmin, \u00fcmidin ve fedak\u00e2rl\u0131\u011f\u0131n sonunda elde edilen ba\u015far\u0131, herkese \u00f6rnek olmas\u0131 niyetiyle kaleme al\u0131nm\u0131\u015ft\u0131r. Y\u00fcrekleri titreten bu amans\u0131z ya\u015fam m\u00fccadelesi, \u00e7aresizlik i\u00e7inde \u00e7areyi, dert i\u00e7inde derman\u0131 anlatmaktad\u0131r. Bu hayat \u00f6yk\u00fcs\u00fcnde sab\u0131r, azim, umut ve ihanet birbirine kar\u0131\u015fm\u0131\u015ft\u0131r. \u00d6yle ki her insana yetecek kadar ibret dersi vard\u0131r. Her an\u0131 \u00e7ileyle, dramla ve g\u00f6zya\u015f\u0131yla sulanan bu ya\u015fam ser\u00fcveninde, dayan\u0131lmaz \u00e7\u0131rp\u0131n\u0131\u015flar y\u00fcrekleri burkmakta ve duygular\u0131 \u015faha kald\u0131rmaktad\u0131r. En a\u011f\u0131r \u015fartlarda bile \u201cnas\u0131l ba\u015far\u0131ld\u0131\u011f\u0131n\u0131\u201d anlatan bu eser; hayata k\u00fcsen, ba\u015far\u0131s\u0131zl\u0131\u011f\u0131 kabullenen ve \u00fcmidini yitiren her insana, yeni bir \u00fcmit ve \u015fa\u015fmaz bir rehber olacakt\u0131r. Dayanabilen y\u00fcreklere\u2026<\/p>","protected":false},"featured_media":22923,"template":"","meta":{"spay_email":""},"product_cat":[168],"product_tag":[],"item":[732],"acf":[],"_links":{"self":[{"href":"https:\/\/mgvpublications.com\/de\/wp-json\/wp\/v2\/product\/22924"}],"collection":[{"href":"https:\/\/mgvpublications.com\/de\/wp-json\/wp\/v2\/product"}],"about":[{"href":"https:\/\/mgvpublications.com\/de\/wp-json\/wp\/v2\/types\/product"}],"wp:featuredmedia":[{"embeddable":true,"href":"https:\/\/mgvpublications.com\/de\/wp-json\/wp\/v2\/media\/22923"}],"wp:attachment":[{"href":"https:\/\/mgvpublications.com\/de\/wp-json\/wp\/v2\/media?parent=22924"}],"wp:term":[{"taxonomy":"product_cat","embeddable":true,"href":"https:\/\/mgvpublications.com\/de\/wp-json\/wp\/v2\/product_cat?post=22924"},{"taxonomy":"product_tag","embeddable":true,"href":"https:\/\/mgvpublications.com\/de\/wp-json\/wp\/v2\/product_tag?post=22924"},{"taxonomy":"item","embeddable":true,"href":"https:\/\/mgvpublications.com\/de\/wp-json\/wp\/v2\/item?post=22924"}],"curies":[{"name":"wp","href":"https:\/\/api.w.org\/{rel}","templated":true}]}}