{"id":22914,"date":"2022-04-08T06:11:32","date_gmt":"2022-04-08T04:11:32","guid":{"rendered":"https:\/\/mgvpublications.com\/basarisizlar-kulubu\/"},"modified":"2022-04-08T06:11:32","modified_gmt":"2022-04-08T04:11:32","slug":"basarisizlar-kulubu","status":"publish","type":"product","link":"https:\/\/mgvpublications.com\/de\/basarisizlar-kulubu\/","title":{"rendered":"Ba\u015far\u0131s\u0131zlar Kul\u00fcb\u00fc"},"content":{"rendered":"<p>Yay\u0131n Tarihi: 07.01.2022<br \/>ISBN: 9786050843743<br \/>Dil: T\u00dcRK\u00c7E<br \/>Sayfa Say\u0131s\u0131: 160<br \/>Cilt Tipi: Karton Kapak<br \/>Ka\u011f\u0131t Cinsi: Kitap Ka\u011f\u0131d\u0131<br \/>Boyut: 12.5 x 19.5 cm<br \/>\u00c7izer: Emre Karacan<br \/>Di\u011fer \u00d6zellik: 10+ Ya\u015f<\/p>","protected":false},"excerpt":{"rendered":"<p>&#8220;Bir ki\u015fi g\u00f6r\u00fcnmeyendir. Ya iki ki\u015fi? G\u00f6r\u00fcnen, koca bir destektir!&#8221; \u00c7imen, Ya\u011fmur ve Polen\u2026 Birbirini tan\u0131mayan \u00fc\u00e7 \u00e7ocu\u011fun yolu \u201cBa\u015far\u0131s\u0131zlar Kul\u00fcb\u00fc\u201dnde kesi\u015fiyor. Peki, bu kul\u00fcbe kimler kat\u0131labilir? Ba\u015far\u0131s\u0131z olma korkusuyla y\u00fczle\u015fmek isteyen herkes! \u0130\u015fte, bu hik\u00e2ye kendilerini derslerde, sporda, sanatta veya akl\u0131m\u0131za gelebilecek her alanda ba\u015far\u0131s\u0131z hisseden herkesi kucakl\u0131yor. Sen de ba\u015far\u0131 yar\u0131\u015f\u0131nda kendini geride kalm\u0131\u015f hissediyorsan bu kitap sana \u201cPes etme!\u201d diye f\u0131s\u0131ld\u0131yor.<\/p>","protected":false},"featured_media":22913,"template":"","meta":{"spay_email":""},"product_cat":[172],"product_tag":[],"item":[360],"acf":[],"_links":{"self":[{"href":"https:\/\/mgvpublications.com\/de\/wp-json\/wp\/v2\/product\/22914"}],"collection":[{"href":"https:\/\/mgvpublications.com\/de\/wp-json\/wp\/v2\/product"}],"about":[{"href":"https:\/\/mgvpublications.com\/de\/wp-json\/wp\/v2\/types\/product"}],"wp:featuredmedia":[{"embeddable":true,"href":"https:\/\/mgvpublications.com\/de\/wp-json\/wp\/v2\/media\/22913"}],"wp:attachment":[{"href":"https:\/\/mgvpublications.com\/de\/wp-json\/wp\/v2\/media?parent=22914"}],"wp:term":[{"taxonomy":"product_cat","embeddable":true,"href":"https:\/\/mgvpublications.com\/de\/wp-json\/wp\/v2\/product_cat?post=22914"},{"taxonomy":"product_tag","embeddable":true,"href":"https:\/\/mgvpublications.com\/de\/wp-json\/wp\/v2\/product_tag?post=22914"},{"taxonomy":"item","embeddable":true,"href":"https:\/\/mgvpublications.com\/de\/wp-json\/wp\/v2\/item?post=22914"}],"curies":[{"name":"wp","href":"https:\/\/api.w.org\/{rel}","templated":true}]}}