{"id":22908,"date":"2022-04-08T06:11:26","date_gmt":"2022-04-08T04:11:26","guid":{"rendered":"https:\/\/mgvpublications.com\/cocuk-universitesi-biyoloji-anatomi\/"},"modified":"2022-04-08T06:11:26","modified_gmt":"2022-04-08T04:11:26","slug":"cocuk-universitesi-biyoloji-anatomi","status":"publish","type":"product","link":"https:\/\/mgvpublications.com\/de\/cocuk-universitesi-biyoloji-anatomi\/","title":{"rendered":"\u00c7ocuk \u00dcniversitesi \/ Biyoloji Anatomi"},"content":{"rendered":"<p>Yay\u0131n Tarihi: 07.03.2022<br \/>ISBN: 9786057112828<br \/>Dil: T\u00dcRK\u00c7E<br \/>Sayfa Say\u0131s\u0131: 12<br \/>Cilt Tipi: Karton Kapak<br \/>Ka\u011f\u0131t Cinsi: Kitap Ka\u011f\u0131d\u0131<br \/>Boyut: 15.5 x 15.5 cm<br \/>\u00c7izer: \u00c7a\u011fr\u0131 Odaba\u015f\u0131<\/p>","protected":false},"excerpt":{"rendered":"<p>\u201cBu kitab\u0131n, \u00fclkemin \u00e7ocuklar\u0131na \u2018bilimin \u0131\u015f\u0131\u011f\u0131nda bir hayat\u2019 ilham\u0131 vermesi dileklerimle.\u201d Prof. Dr. Aziz Sancar V\u00fccudunu ke\u015ffetmeye ne dersin? Organlar\u0131 y\u00f6neten beyin, p\u0131t p\u0131t atan bir kalp, kollar, bacaklar ve eller. \u0130\u015fte ANATOM\u0130! ANATOM\u0130 i\u015fte bu kadar basit!<\/p>","protected":false},"featured_media":22907,"template":"","meta":{"spay_email":""},"product_cat":[172],"product_tag":[],"item":[1789],"acf":[],"_links":{"self":[{"href":"https:\/\/mgvpublications.com\/de\/wp-json\/wp\/v2\/product\/22908"}],"collection":[{"href":"https:\/\/mgvpublications.com\/de\/wp-json\/wp\/v2\/product"}],"about":[{"href":"https:\/\/mgvpublications.com\/de\/wp-json\/wp\/v2\/types\/product"}],"wp:featuredmedia":[{"embeddable":true,"href":"https:\/\/mgvpublications.com\/de\/wp-json\/wp\/v2\/media\/22907"}],"wp:attachment":[{"href":"https:\/\/mgvpublications.com\/de\/wp-json\/wp\/v2\/media?parent=22908"}],"wp:term":[{"taxonomy":"product_cat","embeddable":true,"href":"https:\/\/mgvpublications.com\/de\/wp-json\/wp\/v2\/product_cat?post=22908"},{"taxonomy":"product_tag","embeddable":true,"href":"https:\/\/mgvpublications.com\/de\/wp-json\/wp\/v2\/product_tag?post=22908"},{"taxonomy":"item","embeddable":true,"href":"https:\/\/mgvpublications.com\/de\/wp-json\/wp\/v2\/item?post=22908"}],"curies":[{"name":"wp","href":"https:\/\/api.w.org\/{rel}","templated":true}]}}