{"id":22904,"date":"2022-04-08T06:11:20","date_gmt":"2022-04-08T04:11:20","guid":{"rendered":"https:\/\/mgvpublications.com\/iciyorsak-sebebi-var\/"},"modified":"2022-04-25T03:28:04","modified_gmt":"2022-04-25T01:28:04","slug":"iciyorsak-sebebi-var","status":"publish","type":"product","link":"https:\/\/mgvpublications.com\/de\/iciyorsak-sebebi-var\/","title":{"rendered":"\u0130\u00e7iyorsak Sebebi Var"},"content":{"rendered":"<p>Yay\u0131n Tarihi: 07.09.2020<br \/>ISBN: 9786052691281<br \/>Dil: T\u00dcRK\u00c7E<br \/>Sayfa Say\u0131s\u0131: 168<br \/>Cilt Tipi: Karton Kapak<br \/>Ka\u011f\u0131t Cinsi: Kitap Ka\u011f\u0131d\u0131<br \/>Boyut: 13.5 x 19.5 cm<\/p>","protected":false},"excerpt":{"rendered":"<p>Derdin hep yan\u0131nda ise \u015f\u00fckret! Derdin derman oldu\u011fu gibi ayn\u0131 zamanda dosttur sana&#8230; Ve hep ac\u0131lar s\u00f6yler. Gecenin en demli an\u0131nda gelir, \u00e7ay\u0131ma ortak olur. Ve sorar: Nedendir gece gece bu kadar \u00e7ay? \u00c7ay\u0131mdan bir yudum al\u0131p masaya b\u0131rakmamdan al\u0131r cavab\u0131n\u0131: \u0130\u00e7iyorsak sebebi var dost&#8230; *** Eminim kitab\u0131 okuyan her gen\u00e7 \u201cBenim de bir derdim var ve i\u00e7iyorsam sebebi var\u201d diyecek. O dert ki, bir davan\u0131n kimli\u011fi ve edebi hayat\u0131n anahtar\u0131&#8230; Sat\u0131r aralar\u0131nda ilerledik\u00e7e iman g\u00f6zl\u00fc\u011f\u00fcn\u00fc tak\u0131p k\u00e2inat\u0131 seyretmenin huzuruna varacaks\u0131n\u0131z&#8230; Ve Kur\u2019\u00e2n eczanesinden bu asr\u0131n manevi hastal\u0131klar\u0131na \u015fifalar sunan K\u0131rm\u0131z\u0131 Kitaplar\u2019a a\u015fk\u0131n\u0131z\u0131 tazeleyeceksiniz<\/p>","protected":false},"featured_media":22903,"template":"","meta":{"spay_email":""},"product_cat":[169],"product_tag":[],"item":[379],"acf":[],"_links":{"self":[{"href":"https:\/\/mgvpublications.com\/de\/wp-json\/wp\/v2\/product\/22904"}],"collection":[{"href":"https:\/\/mgvpublications.com\/de\/wp-json\/wp\/v2\/product"}],"about":[{"href":"https:\/\/mgvpublications.com\/de\/wp-json\/wp\/v2\/types\/product"}],"wp:featuredmedia":[{"embeddable":true,"href":"https:\/\/mgvpublications.com\/de\/wp-json\/wp\/v2\/media\/22903"}],"wp:attachment":[{"href":"https:\/\/mgvpublications.com\/de\/wp-json\/wp\/v2\/media?parent=22904"}],"wp:term":[{"taxonomy":"product_cat","embeddable":true,"href":"https:\/\/mgvpublications.com\/de\/wp-json\/wp\/v2\/product_cat?post=22904"},{"taxonomy":"product_tag","embeddable":true,"href":"https:\/\/mgvpublications.com\/de\/wp-json\/wp\/v2\/product_tag?post=22904"},{"taxonomy":"item","embeddable":true,"href":"https:\/\/mgvpublications.com\/de\/wp-json\/wp\/v2\/item?post=22904"}],"curies":[{"name":"wp","href":"https:\/\/api.w.org\/{rel}","templated":true}]}}