{"id":22902,"date":"2022-04-08T06:11:14","date_gmt":"2022-04-08T04:11:14","guid":{"rendered":"https:\/\/mgvpublications.com\/hayat-apartmani-kiracisi\/"},"modified":"2022-04-08T06:11:14","modified_gmt":"2022-04-08T04:11:14","slug":"hayat-apartmani-kiracisi","status":"publish","type":"product","link":"https:\/\/mgvpublications.com\/de\/hayat-apartmani-kiracisi\/","title":{"rendered":"Hayat Apartman\u0131 Kirac\u0131s\u0131"},"content":{"rendered":"<p>Yay\u0131n Tarihi: 07.09.2020<br \/>ISBN: 9786052691243<br \/>Dil: T\u00dcRK\u00c7E<br \/>Sayfa Say\u0131s\u0131: 192<br \/>Cilt Tipi: Karton Kapak<br \/>Ka\u011f\u0131t Cinsi: Kitap Ka\u011f\u0131d\u0131<br \/>Boyut: 13.5 x 19.5 cm<\/p>","protected":false},"excerpt":{"rendered":"<p>Ebed i\u00e7in \u00e7\u0131k\u0131lan yolculu\u011fun d\u00fcnya dura\u011f\u0131nda k\u0131sa bir mola verdi\u011fimizi kabullenemiyoruz. S\u00fcrekli bir \u015feyler biriktirmekle me\u015fgul\u00fcz. Kirac\u0131s\u0131 oldu\u011fumuz hayat\u0131n bir \u00f6m\u00fcr hamall\u0131\u011f\u0131n\u0131 yapmak neden? \u00c7\u0131kt\u0131k\u00e7a eskiyen hayat apartman\u0131nda ka\u00e7 tane \u201cke\u015fkeler\u201d biriktirdin? Gayelerin, arzular olarak m\u0131 kald\u0131? Ka\u00e7 pi\u015fmanl\u0131\u011f\u0131n var? \u201c\u015eimdi s\u0131ras\u0131 de\u011fil\u201d diye erteledi\u011fin nefis muhasebeni son kata do\u011fru dizlerinde derman kalmay\u0131nca m\u0131 yapacaks\u0131n? Du\u0308n elinden c\u0327\u0131kt\u0131. Yar\u0131na senedin yok. O\u0308mru\u0308nu\u0308 bulundug\u0306un gu\u0308n bil&#8230;<\/p>","protected":false},"featured_media":22901,"template":"","meta":{"spay_email":""},"product_cat":[169],"product_tag":[],"item":[379],"acf":[],"_links":{"self":[{"href":"https:\/\/mgvpublications.com\/de\/wp-json\/wp\/v2\/product\/22902"}],"collection":[{"href":"https:\/\/mgvpublications.com\/de\/wp-json\/wp\/v2\/product"}],"about":[{"href":"https:\/\/mgvpublications.com\/de\/wp-json\/wp\/v2\/types\/product"}],"wp:featuredmedia":[{"embeddable":true,"href":"https:\/\/mgvpublications.com\/de\/wp-json\/wp\/v2\/media\/22901"}],"wp:attachment":[{"href":"https:\/\/mgvpublications.com\/de\/wp-json\/wp\/v2\/media?parent=22902"}],"wp:term":[{"taxonomy":"product_cat","embeddable":true,"href":"https:\/\/mgvpublications.com\/de\/wp-json\/wp\/v2\/product_cat?post=22902"},{"taxonomy":"product_tag","embeddable":true,"href":"https:\/\/mgvpublications.com\/de\/wp-json\/wp\/v2\/product_tag?post=22902"},{"taxonomy":"item","embeddable":true,"href":"https:\/\/mgvpublications.com\/de\/wp-json\/wp\/v2\/item?post=22902"}],"curies":[{"name":"wp","href":"https:\/\/api.w.org\/{rel}","templated":true}]}}