{"id":22900,"date":"2022-04-08T06:11:14","date_gmt":"2022-04-08T04:11:14","guid":{"rendered":"https:\/\/mgvpublications.com\/paranormal-hikayeler\/"},"modified":"2022-04-08T06:11:14","modified_gmt":"2022-04-08T04:11:14","slug":"paranormal-hikayeler","status":"publish","type":"product","link":"https:\/\/mgvpublications.com\/de\/paranormal-hikayeler\/","title":{"rendered":"Paranormal Hikayeler"},"content":{"rendered":"<p>Yay\u0131n Tarihi: 14.10.2020<br \/>ISBN: 9786052691311<br \/>Dil: T\u00dcRK\u00c7E<br \/>Sayfa Say\u0131s\u0131: 288<br \/>Cilt Tipi: Karton Kapak<br \/>Ka\u011f\u0131t Cinsi: Kitap Ka\u011f\u0131d\u0131<br \/>Boyut: 13.5 x 19.5 cm<\/p>","protected":false},"excerpt":{"rendered":"<p>Siz hi\u00e7 ya\u015flanan bir oyuncak bebek g\u00f6rd\u00fcn\u00fcz m\u00fc? Ya da kafatas\u0131nda ger\u00e7ek bir insan beyni ta\u015f\u0131yan kukla? Peki \u00e7ocuklar\u0131 ka\u00e7\u0131rd\u0131\u011f\u0131 iddia edilen Slender Man efsanesini biliyor musunuz? Tav\u015fan adam\u0131, g\u00fclen k\u00f6pekleri, lanetlenmi\u015f sandalyeyi, a\u011fz\u0131 y\u0131rt\u0131k kad\u0131n\u0131, bo\u015fluktaki k\u0131z\u0131 hi\u00e7 duydunuz mu? Paranormal ve korku hikayelerinin \u00fcnl\u00fc ismi I\u015f\u0131l I\u015f\u0131k, birbirinden \u00fcrk\u00fct\u00fcc\u00fc ve merak uyand\u0131r\u0131c\u0131 paranormal hikayeleri sizler i\u00e7in derledi. Gizemli olaylardan lanetli bebeklere, \u015fehir efsanelerinden korku dolu hikayelere kadar bir\u00e7ok t\u00fcyler \u00fcrpertici hik\u00e2ye sizleri bekliyor.<\/p>","protected":false},"featured_media":22899,"template":"","meta":{"spay_email":""},"product_cat":[168],"product_tag":[],"item":[379],"acf":[],"_links":{"self":[{"href":"https:\/\/mgvpublications.com\/de\/wp-json\/wp\/v2\/product\/22900"}],"collection":[{"href":"https:\/\/mgvpublications.com\/de\/wp-json\/wp\/v2\/product"}],"about":[{"href":"https:\/\/mgvpublications.com\/de\/wp-json\/wp\/v2\/types\/product"}],"wp:featuredmedia":[{"embeddable":true,"href":"https:\/\/mgvpublications.com\/de\/wp-json\/wp\/v2\/media\/22899"}],"wp:attachment":[{"href":"https:\/\/mgvpublications.com\/de\/wp-json\/wp\/v2\/media?parent=22900"}],"wp:term":[{"taxonomy":"product_cat","embeddable":true,"href":"https:\/\/mgvpublications.com\/de\/wp-json\/wp\/v2\/product_cat?post=22900"},{"taxonomy":"product_tag","embeddable":true,"href":"https:\/\/mgvpublications.com\/de\/wp-json\/wp\/v2\/product_tag?post=22900"},{"taxonomy":"item","embeddable":true,"href":"https:\/\/mgvpublications.com\/de\/wp-json\/wp\/v2\/item?post=22900"}],"curies":[{"name":"wp","href":"https:\/\/api.w.org\/{rel}","templated":true}]}}