{"id":22898,"date":"2022-04-08T06:11:08","date_gmt":"2022-04-08T04:11:08","guid":{"rendered":"https:\/\/mgvpublications.com\/bilimler-tarihcisi-fuat-sezgin\/"},"modified":"2022-04-08T06:11:08","modified_gmt":"2022-04-08T04:11:08","slug":"bilimler-tarihcisi-fuat-sezgin","status":"publish","type":"product","link":"https:\/\/mgvpublications.com\/de\/bilimler-tarihcisi-fuat-sezgin\/","title":{"rendered":"Bilimler Tarih\u00e7isi Fuat Sezgin"},"content":{"rendered":"<p>Yay\u0131n Tarihi: 01.02.2022<br \/>ISBN: 9786052793121<br \/>Dil: T\u00dcRK\u00c7E<br \/>Sayfa Say\u0131s\u0131: 200<br \/>Cilt Tipi: Karton Kapak<br \/>Ka\u011f\u0131t Cinsi: Kitap Ka\u011f\u0131d\u0131<br \/>Boyut: 12.5 x 21 cm<\/p>","protected":false},"excerpt":{"rendered":"<p>Zirvesine t\u0131rmanaca\u011f\u0131 g\u00fcn\u00fcn hayaliyle A\u011fr\u0131 Da\u011f\u0131\u2019n\u0131 seyreden bir \u00e7ocuk&#8230; Her \u015feyi merak eden, b\u0131k\u0131p usanmadan bilginin pe\u015finden ko\u015fan Fuat&#8230; B\u00fcy\u00fcd\u00fc\u011f\u00fc zaman g\u00fcnde 17 saat masa ba\u015f\u0131nda \u00e7al\u0131\u015facak, 27 yabanc\u0131 dil \u00f6\u011frenecek 60\u2019tan fazla \u00fclkede 400 bin civar\u0131nda el yazmas\u0131 eser inceleyecekti. Fuat Sezgin, ortaokul y\u0131llar\u0131nda kafas\u0131n\u0131 kurcalamaya ba\u015flayan \u201cM\u00fcsl\u00fcmanlar\u0131n bilimler tarihine katk\u0131s\u0131 nedir?\u201d sorusuna e\u015fsiz bir cevap bulacakt\u0131r.<\/p>","protected":false},"featured_media":22897,"template":"","meta":{"spay_email":""},"product_cat":[172],"product_tag":[],"item":[920],"acf":[],"_links":{"self":[{"href":"https:\/\/mgvpublications.com\/de\/wp-json\/wp\/v2\/product\/22898"}],"collection":[{"href":"https:\/\/mgvpublications.com\/de\/wp-json\/wp\/v2\/product"}],"about":[{"href":"https:\/\/mgvpublications.com\/de\/wp-json\/wp\/v2\/types\/product"}],"wp:featuredmedia":[{"embeddable":true,"href":"https:\/\/mgvpublications.com\/de\/wp-json\/wp\/v2\/media\/22897"}],"wp:attachment":[{"href":"https:\/\/mgvpublications.com\/de\/wp-json\/wp\/v2\/media?parent=22898"}],"wp:term":[{"taxonomy":"product_cat","embeddable":true,"href":"https:\/\/mgvpublications.com\/de\/wp-json\/wp\/v2\/product_cat?post=22898"},{"taxonomy":"product_tag","embeddable":true,"href":"https:\/\/mgvpublications.com\/de\/wp-json\/wp\/v2\/product_tag?post=22898"},{"taxonomy":"item","embeddable":true,"href":"https:\/\/mgvpublications.com\/de\/wp-json\/wp\/v2\/item?post=22898"}],"curies":[{"name":"wp","href":"https:\/\/api.w.org\/{rel}","templated":true}]}}