{"id":22894,"date":"2022-04-08T06:11:02","date_gmt":"2022-04-08T04:11:02","guid":{"rendered":"https:\/\/mgvpublications.com\/yildiz-hatiralari\/"},"modified":"2024-10-25T22:22:26","modified_gmt":"2024-10-25T20:22:26","slug":"yildiz-hatiralari","status":"publish","type":"product","link":"https:\/\/mgvpublications.com\/de\/yildiz-hatiralari\/","title":{"rendered":"Y\u0131ld\u0131z Hat\u0131ralar\u0131"},"content":{"rendered":"<p>Yay\u0131n Tarihi: 04.10.2021<br \/>ISBN: 9786053260318<br \/>Bask\u0131 Say\u0131s\u0131: Dr. Ahmet Zeki \u0130zg\u00f6er<br \/>Dil: T\u00dcRK\u00c7E<br \/>Sayfa Say\u0131s\u0131: 536<br \/>Cilt Tipi: Karton Kapak<br \/>Ka\u011f\u0131t Cinsi: Kitap Ka\u011f\u0131d\u0131<br \/>Boyut: 13.5 x 21 cm<br \/>Derleyici: Dr. Ahmet Zeki \u0130zg\u00f6er<\/p>","protected":false},"excerpt":{"rendered":"<p>Saltanat\u0131n\u0131n ve k\u0131sa bir s\u00fcre sonra da vefat\u0131n\u0131n \u00fczerinden 100 y\u0131l ge\u00e7mi\u015f olmas\u0131na ra\u011fmen, Abd\u00fclhamid ismi halen tart\u0131\u015f\u0131lmaya devam etmektedir. Bu eser, Sultan II. Abd\u00fclhamid&#8217;in en yak\u0131n isimlerinden biri olan Tahsin Pa\u015fa&#8217;n\u0131n, tarihin en cilveli d\u00f6nemlerinde Y\u0131ld\u0131z Saray\u0131&#8217;nda ya\u015fad\u0131\u011f\u0131 tan\u0131kl\u0131klar\u0131n bir belgesidir. Padi\u015fah\u0131n s\u00e2d\u0131k ve has adamlar\u0131ndan biri olan Tahsin Pa\u015fa&#8217;n\u0131n bu hat\u0131rat\u0131, konusunun uzman\u0131 olan A.Zeki \u0130zg\u00f6er&#8217;in titiz \u00e7al\u0131\u015fmas\u0131yla, eksiksiz bir \u015fekilde okura ula\u015f\u0131yor. Tarih\u00e7iler ve tarihe ilgi duyanlar i\u00e7in \u00f6nemli bir belge kitap&#8230;<\/p>","protected":false},"featured_media":22893,"template":"","meta":{"spay_email":""},"product_cat":[170],"product_tag":[],"item":[1932],"acf":[],"_links":{"self":[{"href":"https:\/\/mgvpublications.com\/de\/wp-json\/wp\/v2\/product\/22894"}],"collection":[{"href":"https:\/\/mgvpublications.com\/de\/wp-json\/wp\/v2\/product"}],"about":[{"href":"https:\/\/mgvpublications.com\/de\/wp-json\/wp\/v2\/types\/product"}],"wp:featuredmedia":[{"embeddable":true,"href":"https:\/\/mgvpublications.com\/de\/wp-json\/wp\/v2\/media\/22893"}],"wp:attachment":[{"href":"https:\/\/mgvpublications.com\/de\/wp-json\/wp\/v2\/media?parent=22894"}],"wp:term":[{"taxonomy":"product_cat","embeddable":true,"href":"https:\/\/mgvpublications.com\/de\/wp-json\/wp\/v2\/product_cat?post=22894"},{"taxonomy":"product_tag","embeddable":true,"href":"https:\/\/mgvpublications.com\/de\/wp-json\/wp\/v2\/product_tag?post=22894"},{"taxonomy":"item","embeddable":true,"href":"https:\/\/mgvpublications.com\/de\/wp-json\/wp\/v2\/item?post=22894"}],"curies":[{"name":"wp","href":"https:\/\/api.w.org\/{rel}","templated":true}]}}