{"id":22892,"date":"2022-04-08T06:11:01","date_gmt":"2022-04-08T04:11:01","guid":{"rendered":"https:\/\/mgvpublications.com\/din-ve-psikoloji\/"},"modified":"2022-04-08T06:11:01","modified_gmt":"2022-04-08T04:11:01","slug":"din-ve-psikoloji","status":"publish","type":"product","link":"https:\/\/mgvpublications.com\/de\/din-ve-psikoloji\/","title":{"rendered":"Din ve Psikoloji"},"content":{"rendered":"<p>\u00c7evirmen: Hatice B\u00fc\u015fra G\u00f6k<br \/>Yay\u0131n Tarihi: 21.01.2022<br \/>ISBN: 9786053265566<br \/>Dil: T\u00dcRK\u00c7E<br \/>Sayfa Say\u0131s\u0131: 367<br \/>Cilt Tipi: Karton Kapak<br \/>Ka\u011f\u0131t Cinsi: Kitap Ka\u011f\u0131d\u0131<br \/>Boyut: 13.5 x 21 cm<\/p>","protected":false},"excerpt":{"rendered":"<p>Yirminci y\u00fczy\u0131l\u0131n en tan\u0131nm\u0131\u015f \u0130ngiliz sosyal psikologlar\u0131ndan biri olan Michael Argyle\u2019\u0131n yurt d\u0131\u015f\u0131nda \u00e7ok satan kitab\u0131 Din ve Psikoloji art\u0131k T\u00fcrk\u00e7ede! Kitap, din psikolojisi \u00fczerine s\u0131ra d\u0131\u015f\u0131 bir kitap olma \u00f6zelli\u011fini ta\u015f\u0131yor. \u201cDin, insan hayat\u0131n\u0131n \u00e7ok \u00f6nemli bir par\u00e7as\u0131d\u0131r ve psikologlar\u0131n bundan \u00f6\u011frenecek \u015feyleri vard\u0131r\u201d diyen yazar, din kavram\u0131yla psikoloji kavram\u0131n\u0131 ayr\u0131 ayr\u0131 incelikle ele al\u0131yor ve bu iki mefhumun kesi\u015ftikleri kaynak noktas\u0131na ula\u015f\u0131yor. Bir\u00e7ok psikolog, sosyolog ve d\u00fc\u015f\u00fcn\u00fcrden al\u0131nt\u0131lar yapmas\u0131n\u0131n yan\u0131 s\u0131ra ele ald\u0131\u011f\u0131 konular\u0131 tablo ve grafiklerle \u015fekil \u015fekil g\u00f6steriyor. Psikologlar, ilahiyat \u00f6\u011frencileri, din psikolojisi \u00fczerine \u00e7al\u0131\u015fanlar veya dini derinlemesine anlama gayretinde olanlar i\u00e7in bulunmaz bir \u00e7al\u0131\u015fma!<\/p>","protected":false},"featured_media":22891,"template":"","meta":{"spay_email":""},"product_cat":[175],"product_tag":[],"item":[1932],"acf":[],"_links":{"self":[{"href":"https:\/\/mgvpublications.com\/de\/wp-json\/wp\/v2\/product\/22892"}],"collection":[{"href":"https:\/\/mgvpublications.com\/de\/wp-json\/wp\/v2\/product"}],"about":[{"href":"https:\/\/mgvpublications.com\/de\/wp-json\/wp\/v2\/types\/product"}],"wp:featuredmedia":[{"embeddable":true,"href":"https:\/\/mgvpublications.com\/de\/wp-json\/wp\/v2\/media\/22891"}],"wp:attachment":[{"href":"https:\/\/mgvpublications.com\/de\/wp-json\/wp\/v2\/media?parent=22892"}],"wp:term":[{"taxonomy":"product_cat","embeddable":true,"href":"https:\/\/mgvpublications.com\/de\/wp-json\/wp\/v2\/product_cat?post=22892"},{"taxonomy":"product_tag","embeddable":true,"href":"https:\/\/mgvpublications.com\/de\/wp-json\/wp\/v2\/product_tag?post=22892"},{"taxonomy":"item","embeddable":true,"href":"https:\/\/mgvpublications.com\/de\/wp-json\/wp\/v2\/item?post=22892"}],"curies":[{"name":"wp","href":"https:\/\/api.w.org\/{rel}","templated":true}]}}