{"id":22884,"date":"2022-04-08T06:10:49","date_gmt":"2022-04-08T04:10:49","guid":{"rendered":"https:\/\/mgvpublications.com\/tefsire-giris-mukaddimetu-tefsirir-ragib\/"},"modified":"2022-04-08T06:10:49","modified_gmt":"2022-04-08T04:10:49","slug":"tefsire-giris-mukaddimetu-tefsirir-ragib","status":"publish","type":"product","link":"https:\/\/mgvpublications.com\/de\/tefsire-giris-mukaddimetu-tefsirir-ragib\/","title":{"rendered":"Tefsire Giri\u015f Mukaddimet\u00fc Tefs\u00eeri\u2019r-Rag\u0131b"},"content":{"rendered":"<p>\u00c7evirmen: Celalettin Divlekci<br \/>Yay\u0131n Tarihi: 13.04.2021<br \/>ISBN: 9789752484627<br \/>Dil: T\u00dcRK\u00c7E<br \/>Sayfa Say\u0131s\u0131: 232<br \/>Cilt Tipi: Karton Kapak<br \/>Ka\u011f\u0131t Cinsi: Kitap Ka\u011f\u0131d\u0131<br \/>Boyut: 16.5 x 24 cm<\/p>","protected":false},"excerpt":{"rendered":"<p>Kur\u2019an\u2019daki garip kelimeleri a\u00e7\u0131klamak \u00fczere kaleme ald\u0131\u011f\u0131 el-M\u00fcfred\u00e2t ve ahlak alan\u0131nda telif etti\u011fi eserleriyle tan\u0131nan R\u00e2g\u0131b el-\u0130sfah\u00e2n\u00ee\u2019nin (\u00f6. 425\/1033-34) Tefs\u00eeru\u2019r-R\u00e2g\u0131b adl\u0131 tamam\u0131 g\u00fcn\u00fcm\u00fcze ula\u015fmayan tefsirinin mukaddimesi, tefsir usul\u00fc a\u00e7\u0131s\u0131ndan kurucu metin niteli\u011findedir. Bu \u00e7al\u0131\u015fmada tenkitli ne\u015friyle birlikte terc\u00fcmesi sunulan s\u00f6z konusu mukaddimede \u0130sfah\u00e2n\u00ee; filolojik a\u00e7\u0131dan s\u00f6z\u00fcn tabiat\u0131, dil-yorum ili\u015fkisi, metni farkl\u0131 yorumlara a\u00e7\u0131k hale getiren hususlar, metni\/s\u00f6z\u00fc do\u011fru anlaman\u0131n \u00f6n\u00fcndeki engeller, laf\u0131z merkezli ve anlam merkezli yorumlar, nesh ba\u011flam\u0131nda dinin sabiteleri ve de\u011fi\u015fkenleri, Kur\u2019an\u2019\u0131n i\u00e7ermi\u015f oldu\u011fu s\u00f6z t\u00fcrleri ve beyan keyfiyeti, Kur\u2019an\u2019\u0131 anlama ve yorumlama s\u00fcre\u00e7leri ve Kur\u2019an\u2019\u0131 anlamada kar\u015f\u0131la\u015f\u0131labilecek problemler t\u00fcr\u00fcnden konular\u0131 son derece veciz bir \u015fekilde incelemektedir. \u201cR\u00e2g\u0131b\u2019\u0131n tefsiri, do\u011fruyu ortaya \u00e7\u0131karma, hakikatini anlay\u0131p bilme (tahkik) a\u00e7\u0131s\u0131ndan son noktad\u0131r.\u201d F\u00eeruz\u00e2b\u00e2d\u00ee (\u00f6. 817\/1414) \u201cR\u00e2g\u0131b-\u0131 \u0130sfah\u00e2n\u00ee haddiz\u00e2t\u0131nda b\u00fcy\u00fck bir m\u00fcfessirdir, tefsir tarihine b\u00fcy\u00fck bir hizmette bulunmu\u015ftur. Tefsire dair yazd\u0131\u011f\u0131 eseri ikmal edememi\u015ftir. Fakat bu n\u00e2tamam eser b\u00fcy\u00fck bir k\u0131ymeti h\u00e2izdir, hatt\u00e2 K\u00e2d\u00ee Beyz\u00e2v\u00ee gibi bir b\u00fcy\u00fck m\u00fcfessir, bu kitaptaki tahkikattan m\u00fcstefit olmu\u015ftur.\u201d \u00d6mer Nasuhi Bilmen (\u00f6. 1971)<\/p>","protected":false},"featured_media":22883,"template":"","meta":{"spay_email":""},"product_cat":[174],"product_tag":[],"item":[460],"acf":[],"_links":{"self":[{"href":"https:\/\/mgvpublications.com\/de\/wp-json\/wp\/v2\/product\/22884"}],"collection":[{"href":"https:\/\/mgvpublications.com\/de\/wp-json\/wp\/v2\/product"}],"about":[{"href":"https:\/\/mgvpublications.com\/de\/wp-json\/wp\/v2\/types\/product"}],"wp:featuredmedia":[{"embeddable":true,"href":"https:\/\/mgvpublications.com\/de\/wp-json\/wp\/v2\/media\/22883"}],"wp:attachment":[{"href":"https:\/\/mgvpublications.com\/de\/wp-json\/wp\/v2\/media?parent=22884"}],"wp:term":[{"taxonomy":"product_cat","embeddable":true,"href":"https:\/\/mgvpublications.com\/de\/wp-json\/wp\/v2\/product_cat?post=22884"},{"taxonomy":"product_tag","embeddable":true,"href":"https:\/\/mgvpublications.com\/de\/wp-json\/wp\/v2\/product_tag?post=22884"},{"taxonomy":"item","embeddable":true,"href":"https:\/\/mgvpublications.com\/de\/wp-json\/wp\/v2\/item?post=22884"}],"curies":[{"name":"wp","href":"https:\/\/api.w.org\/{rel}","templated":true}]}}