{"id":22868,"date":"2022-04-08T06:10:25","date_gmt":"2022-04-08T04:10:25","guid":{"rendered":"https:\/\/mgvpublications.com\/hilelerle-canakkale\/"},"modified":"2022-04-12T12:45:55","modified_gmt":"2022-04-12T10:45:55","slug":"hilelerle-canakkale","status":"publish","type":"product","link":"https:\/\/mgvpublications.com\/de\/hilelerle-canakkale\/","title":{"rendered":"Hilelerle \u00c7anakkale"},"content":{"rendered":"<p>Yay\u0131n Tarihi: 01.03.2011<br \/>ISBN: 9789759751067<br \/>Dil: T\u00dcRK\u00c7E<br \/>Sayfa Say\u0131s\u0131: 287<br \/>Cilt Tipi: Karton Kapak<br \/>Ka\u011f\u0131t Cinsi: Kitap Ka\u011f\u0131d\u0131<br \/>Boyut: 13.5 x 19.5 cm<\/p>","protected":false},"excerpt":{"rendered":"<p>\u00c7anakkale sava\u015flar\u0131nda, belki ba\u015fka sava\u015flar\u0131n hi\u00e7 birinde uygulanmayan \u00e7e\u015fitlilikte ve miktarlarda sava\u015f hilesi uygulanm\u0131\u015ft\u0131. Sava\u015f alan\u0131 \u00e7ok dard\u0131r. Taraflar\u0131n bilek g\u00fcre\u015fi ortada kilitlenmi\u015f, ilerlemek imkan\u0131 kalmam\u0131\u015ft\u0131. Bu durumda hileler devreye sokulmu\u015f, k\u00fc\u00e7\u00fck bir yelkenli teknenin alt\u0131na kocaman bir deniz-at\u0131n\u0131n gizlenmesi, veya binlerce y\u0131l \u00f6ncesine ait \u2018\u2019Truva At\u0131\u2019\u2019 hilesinin, ayn\u0131 isim verilerek burada tekrar uygulanmas\u0131 gibi, \u00e7ok \u00e7e\u015fitli hilelere imza at\u0131lm\u0131\u015ft\u0131. Tahtadan yap\u0131lm\u0131\u015f sahte sava\u015f gemileri, sahte \u00e7\u0131karma g\u00f6sterileri, sahte tabyalar, top g\u00f6r\u00fcnt\u00fcs\u00fc verilmi\u015f soba borular\u0131, sahte mermiler, asker hayvan veya u\u00e7ak maket-leri gibi, uygulanm\u0131\u015f olan bir \u00e7ok hile, bu kitab\u0131n konusunu te\u015fkil etmektedir. T\u00fcrk askerine kar\u015f\u0131, d\u00fc\u015fman saflar\u0131nda \u00e7ok say\u0131da m\u00fcsl\u00fcman asker getirilerek sava\u015fa sokulmu\u015ftu. Yine i\u015fin i\u00e7ine yalan ve hile kar\u0131\u015f-t\u0131r\u0131ld\u0131\u011f\u0131n\u0131 g\u00f6r\u00fcyoruz.<\/p>","protected":false},"featured_media":22867,"template":"","meta":{"spay_email":""},"product_cat":[170],"product_tag":[],"item":[727],"acf":[],"_links":{"self":[{"href":"https:\/\/mgvpublications.com\/de\/wp-json\/wp\/v2\/product\/22868"}],"collection":[{"href":"https:\/\/mgvpublications.com\/de\/wp-json\/wp\/v2\/product"}],"about":[{"href":"https:\/\/mgvpublications.com\/de\/wp-json\/wp\/v2\/types\/product"}],"wp:featuredmedia":[{"embeddable":true,"href":"https:\/\/mgvpublications.com\/de\/wp-json\/wp\/v2\/media\/22867"}],"wp:attachment":[{"href":"https:\/\/mgvpublications.com\/de\/wp-json\/wp\/v2\/media?parent=22868"}],"wp:term":[{"taxonomy":"product_cat","embeddable":true,"href":"https:\/\/mgvpublications.com\/de\/wp-json\/wp\/v2\/product_cat?post=22868"},{"taxonomy":"product_tag","embeddable":true,"href":"https:\/\/mgvpublications.com\/de\/wp-json\/wp\/v2\/product_tag?post=22868"},{"taxonomy":"item","embeddable":true,"href":"https:\/\/mgvpublications.com\/de\/wp-json\/wp\/v2\/item?post=22868"}],"curies":[{"name":"wp","href":"https:\/\/api.w.org\/{rel}","templated":true}]}}