{"id":22866,"date":"2022-04-08T06:10:20","date_gmt":"2022-04-08T04:10:20","guid":{"rendered":"https:\/\/mgvpublications.com\/burasi-cok-onemli\/"},"modified":"2022-04-08T06:10:20","modified_gmt":"2022-04-08T04:10:20","slug":"burasi-cok-onemli","status":"publish","type":"product","link":"https:\/\/mgvpublications.com\/de\/burasi-cok-onemli\/","title":{"rendered":"Buras\u0131 \u00c7ok \u00d6nemli!"},"content":{"rendered":"<p>Yay\u0131n Tarihi: 11.03.2022<br \/>ISBN: 9786257548472<br \/>Dil: T\u00dcRK\u00c7E<br \/>Sayfa Say\u0131s\u0131: 288<br \/>Cilt Tipi: Karton Kapak<br \/>Ka\u011f\u0131t Cinsi: Kitap Ka\u011f\u0131d\u0131<br \/>Boyut: 14 x 21 cm<\/p>","protected":false},"excerpt":{"rendered":"<p>\u015eunu \u00e7ok net bir bi\u00e7imde ifade edebilirim ki biz k\u00f6pr\u00fcy\u00fc ge\u00e7tik. EVET! T\u00fcrkiye Cumhuriyeti olarak biz art\u0131k k\u00f6pr\u00fcy\u00fc ge\u00e7tik. \u00c7ok da uzun bir s\u00fcre kalmad\u0131; 2030 y\u0131l\u0131n\u0131 dahi bulmadan ekonomik ve refah d\u00fczeyi olarak \u00fclke tarihinin en g\u00fc\u00e7l\u00fc d\u00f6nemine girece\u011fiz&#8230; Ki\u015fi ba\u015f\u0131 gelir, cari denge, istihdam ve \u00fcretim anlam\u0131nda d\u00fcnyan\u0131n en geli\u015fmi\u015f \u00fclkelerinden biri olma s\u00fcrecimiz ba\u015flayacak. Tarihten ald\u0131\u011f\u0131 b\u00fcy\u00fck mirasla&#8230; \u00dc\u00e7 k\u0131tan\u0131n kesi\u015fim noktas\u0131ndaki jeopolitik ve jeostratejik konumuyla&#8230; \u00d6zellikle son 20 y\u0131ld\u0131r konsolide etti\u011fi b\u00f6lgesel ve k\u00fcresel tecr\u00fcbeyle&#8230; Sahip oldu\u011fu g\u00fc\u00e7l\u00fc liderlikle&#8230; Ula\u015f\u0131mdan savunma sanayiine, ekonomiden enerjiye in\u015fa etti\u011fi sa\u011flam altyap\u0131 ve kapasitesiyle&#8230; T\u00fcrkiye bu tasavvuru ortaya koyabilmeye namzet en \u00f6nemli \u00fclkelerden biri olacakt\u0131r.<\/p>","protected":false},"featured_media":22865,"template":"","meta":{"spay_email":""},"product_cat":[1187],"product_tag":[],"item":[716],"acf":[],"_links":{"self":[{"href":"https:\/\/mgvpublications.com\/de\/wp-json\/wp\/v2\/product\/22866"}],"collection":[{"href":"https:\/\/mgvpublications.com\/de\/wp-json\/wp\/v2\/product"}],"about":[{"href":"https:\/\/mgvpublications.com\/de\/wp-json\/wp\/v2\/types\/product"}],"wp:featuredmedia":[{"embeddable":true,"href":"https:\/\/mgvpublications.com\/de\/wp-json\/wp\/v2\/media\/22865"}],"wp:attachment":[{"href":"https:\/\/mgvpublications.com\/de\/wp-json\/wp\/v2\/media?parent=22866"}],"wp:term":[{"taxonomy":"product_cat","embeddable":true,"href":"https:\/\/mgvpublications.com\/de\/wp-json\/wp\/v2\/product_cat?post=22866"},{"taxonomy":"product_tag","embeddable":true,"href":"https:\/\/mgvpublications.com\/de\/wp-json\/wp\/v2\/product_tag?post=22866"},{"taxonomy":"item","embeddable":true,"href":"https:\/\/mgvpublications.com\/de\/wp-json\/wp\/v2\/item?post=22866"}],"curies":[{"name":"wp","href":"https:\/\/api.w.org\/{rel}","templated":true}]}}