{"id":22862,"date":"2022-04-08T06:10:13","date_gmt":"2022-04-08T04:10:13","guid":{"rendered":"https:\/\/mgvpublications.com\/bu-benim-bedenim\/"},"modified":"2022-04-08T06:10:13","modified_gmt":"2022-04-08T04:10:13","slug":"bu-benim-bedenim","status":"publish","type":"product","link":"https:\/\/mgvpublications.com\/de\/bu-benim-bedenim\/","title":{"rendered":"Bu Benim Bedenim"},"content":{"rendered":"<p>Yay\u0131n Tarihi: 04.03.2022<br \/>ISBN: 9786257479653<br \/>Dil: T\u00dcRK\u00c7E<br \/>Sayfa Say\u0131s\u0131: 128<br \/>Cilt Tipi: Karton Kapak<br \/>Ka\u011f\u0131t Cinsi: Kitap Ka\u011f\u0131d\u0131<br \/>Boyut: 13.5 x 21 cm<br \/>\u00c7izer: \u0130brahim \u00c7ift\u00e7i<br \/>Editor: \u00d6mer Faruk Paksu<\/p>","protected":false},"excerpt":{"rendered":"<p>Bir Sivrisine\u011fin G\u00f6z\u00fcnden E\u011flence, Macera, Aksiyon Dolu Bir Fark\u0131ndal\u0131k Kitab\u0131 Ben bilim hayvan\u0131 Prof. Dr. V\u0131zv\u0131zakan. Hik\u00e2yem tarih \u00f6ncesi \u00e7a\u011flarda ba\u015flad\u0131. O zamanlar buralar hep tarlayd\u0131. Sen hen\u00fcz yoktun meydanlarda, dinozorlar vard\u0131. Ben o dinozor senin bu dinozor benim gezerken bir \u015feyler fark ettim. Uzun y\u0131llar boyunca de\u011fi\u015fik canl\u0131larla tan\u0131\u015fmaya devam ettim ve fark ettiklerim bir bir \u00e7o\u011fald\u0131. Aslanlarla, yunuslarla, fillerle, kedilerle tan\u0131\u015ft\u0131m&#8230; Gergedanlarla, timsahlarla, kaplumba\u011falarla, k\u00f6peklerle, tav\u015fanlarla, kangurularla&#8230; Ve tabii insanlarla tan\u0131\u015ft\u0131m. Her bir tan\u0131\u015f\u0131kl\u0131k bilim yolunda att\u0131\u011f\u0131m kocaman v\u0131z\u0131lt\u0131lara neden oldu. Edindi\u011fim bilgileri \u201cBilime Paha Bi\u00e7ilmez Katk\u0131lar\u0131m\u201d ba\u015fl\u0131\u011f\u0131yla bu kitapta toplad\u0131m. Neler mi var kitapta? Her t\u00fcr\u00fcn neden farkl\u0131 v\u00fccudu var? Cinsiyetlerin farkl\u0131l\u0131\u011f\u0131 neden \u00f6nemli? D\u00fcnyaya gelme yolculu\u011fu nas\u0131l bir \u015fey? V\u00fccudumuzun \u00f6zel b\u00f6lgeleri hangileri? \u201c\u0130yi dokunu\u015f\u201d, \u201ck\u00f6t\u00fc dokunu\u015f\u201d ne demek? Peki bedenimizi nas\u0131l koruyabiliriz? T\u00fcm bu sorular\u0131n cevab\u0131n\u0131 anlatmak i\u00e7in Sinotor\u2019uma bindim geliyorum. Haydi bakal\u0131m ba\u015flayal\u0131m!<\/p>","protected":false},"featured_media":22861,"template":"","meta":{"spay_email":""},"product_cat":[172],"product_tag":[],"item":[685],"acf":[],"_links":{"self":[{"href":"https:\/\/mgvpublications.com\/de\/wp-json\/wp\/v2\/product\/22862"}],"collection":[{"href":"https:\/\/mgvpublications.com\/de\/wp-json\/wp\/v2\/product"}],"about":[{"href":"https:\/\/mgvpublications.com\/de\/wp-json\/wp\/v2\/types\/product"}],"wp:featuredmedia":[{"embeddable":true,"href":"https:\/\/mgvpublications.com\/de\/wp-json\/wp\/v2\/media\/22861"}],"wp:attachment":[{"href":"https:\/\/mgvpublications.com\/de\/wp-json\/wp\/v2\/media?parent=22862"}],"wp:term":[{"taxonomy":"product_cat","embeddable":true,"href":"https:\/\/mgvpublications.com\/de\/wp-json\/wp\/v2\/product_cat?post=22862"},{"taxonomy":"product_tag","embeddable":true,"href":"https:\/\/mgvpublications.com\/de\/wp-json\/wp\/v2\/product_tag?post=22862"},{"taxonomy":"item","embeddable":true,"href":"https:\/\/mgvpublications.com\/de\/wp-json\/wp\/v2\/item?post=22862"}],"curies":[{"name":"wp","href":"https:\/\/api.w.org\/{rel}","templated":true}]}}