{"id":22858,"date":"2022-04-08T06:10:07","date_gmt":"2022-04-08T04:10:07","guid":{"rendered":"https:\/\/mgvpublications.com\/size-yalan-soylediler-cetin-doganin-gozunden-28-subat\/"},"modified":"2022-04-19T13:02:55","modified_gmt":"2022-04-19T11:02:55","slug":"size-yalan-soylediler-cetin-doganin-gozunden-28-subat","status":"publish","type":"product","link":"https:\/\/mgvpublications.com\/de\/size-yalan-soylediler-cetin-doganin-gozunden-28-subat\/","title":{"rendered":"Size Yalan S\u00f6ylediler \u00c7etin Do\u011fan&#8217;\u0131n G\u00f6z\u00fcnden 28 \u015eubat"},"content":{"rendered":"<p>Yay\u0131n Tarihi: 02.03.2022<br \/>ISBN: 9786254180675<br \/>Dil: T\u00dcRK\u00c7E<br \/>Sayfa Say\u0131s\u0131: 176<br \/>Cilt Tipi: Karton Kapak<br \/>Ka\u011f\u0131t Cinsi: Kitap Ka\u011f\u0131d\u0131<br \/>Boyut: 13.7 x 23 cm<\/p>","protected":false},"excerpt":{"rendered":"<p>\u2022 Erbakan 28 \u015eubat Davas\u0131\u2019na neden kar\u015f\u0131yd\u0131? Atat\u00fcrk\u00e7\u00fc askerlerin san\u0131k oldu\u011fu kumpas davalar\u0131na neden destek vermedi? \u2022 28 \u015eubat\u00e7\u0131lar\u0131n Erbakan\u2019\u0131 istifa ettirdi\u011fi iddialar\u0131n\u0131 \u00e7\u00fcr\u00fcten resmi belgeler&#8230; Erbakan-\u00c7iller protokol\u00fc, Erbakan\u2019\u0131n Demirel\u2019e verdi\u011fi istifa mektubu ve s\u00fcrecin tan\u0131klar\u0131n\u0131n a\u00e7\u0131klamalar\u0131\u2026 \u2022 \u201c28 \u015eubat s\u00fcrecinde bask\u0131 g\u00f6rmedik\u201d diyen AKP kurucusu\u2026 \u2022 \u00c7evik Bir\u2019in \u201cdemokrasiye balans ayar\u0131 yapt\u0131k\u201d dedi\u011fi yalan\u0131 nas\u0131l ve nerede imal edildi? \u2022 Polisin g\u00f6zalt\u0131na ald\u0131\u011f\u0131 Aczmendilerin \u201casker taraf\u0131ndan korundu\u011fu\u201d yalan\u0131n\u0131 s\u00f6yleyen Cumhurba\u015fkan\u0131 Ba\u015fdan\u0131\u015fman\u0131\u2026 \u2022 28 \u015eubat\u2019\u0131n FET\u00d6\u2019y\u00fc nas\u0131l \u201ctekmeledi\u011fi ve yumruklad\u0131\u011f\u0131n\u0131n\u201d belgeleri\u2026 G\u00fcven Erkaya\u2019n\u0131n saptad\u0131\u011f\u0131 ve ihra\u00e7 etti\u011fi 12 ki\u015filik FET\u00d6 \u00e7elik \u00e7ekirde\u011fi\u2026 \u2022 28 \u015eubat\u2019ta Karaday\u0131\u2019n\u0131n \u00d6zel Kalem M\u00fcd\u00fcr\u00fc olan Hulusi Akar neden suskun? FET\u00d6 davalar\u0131nda kimler Akar\u2019\u0131n tan\u0131kl\u0131\u011f\u0131n\u0131 ve dinlenmesini istedi? \u2022 \u00c7evik Bir\u2019e mal edilen \u201cpost-modern darbe\u201d tan\u0131m\u0131n\u0131 asl\u0131nda hangi gazeteci kullanm\u0131\u015ft\u0131? \u2022 Sincan\u2019daki tanklar\u0131n komutan\u0131 neden mahkemeye \u00e7a\u011fr\u0131lmad\u0131? \u2022 FET\u00d6 Mahkemesinin 28 \u015eubat Davas\u0131\u2019na \u201cm\u00fc\u015fteki\u201d olarak dahil etti\u011fi o isimlerin hik\u00e2yeleri\u2026 \u2022 28 \u015eubat Davas\u0131\u2019ndaki FET\u00d6 izleri\u2026 \u2022 SADAT davaya nas\u0131l m\u00fcdahale etti?<\/p>","protected":false},"featured_media":22857,"template":"","meta":{"spay_email":""},"product_cat":[173],"product_tag":[],"item":[697],"acf":[],"_links":{"self":[{"href":"https:\/\/mgvpublications.com\/de\/wp-json\/wp\/v2\/product\/22858"}],"collection":[{"href":"https:\/\/mgvpublications.com\/de\/wp-json\/wp\/v2\/product"}],"about":[{"href":"https:\/\/mgvpublications.com\/de\/wp-json\/wp\/v2\/types\/product"}],"wp:featuredmedia":[{"embeddable":true,"href":"https:\/\/mgvpublications.com\/de\/wp-json\/wp\/v2\/media\/22857"}],"wp:attachment":[{"href":"https:\/\/mgvpublications.com\/de\/wp-json\/wp\/v2\/media?parent=22858"}],"wp:term":[{"taxonomy":"product_cat","embeddable":true,"href":"https:\/\/mgvpublications.com\/de\/wp-json\/wp\/v2\/product_cat?post=22858"},{"taxonomy":"product_tag","embeddable":true,"href":"https:\/\/mgvpublications.com\/de\/wp-json\/wp\/v2\/product_tag?post=22858"},{"taxonomy":"item","embeddable":true,"href":"https:\/\/mgvpublications.com\/de\/wp-json\/wp\/v2\/item?post=22858"}],"curies":[{"name":"wp","href":"https:\/\/api.w.org\/{rel}","templated":true}]}}