{"id":22854,"date":"2022-04-08T06:10:02","date_gmt":"2022-04-08T04:10:02","guid":{"rendered":"https:\/\/mgvpublications.com\/islamcilik-eksik-olan-artik-baska-bir-sey\/"},"modified":"2022-04-08T06:10:02","modified_gmt":"2022-04-08T04:10:02","slug":"islamcilik-eksik-olan-artik-baska-bir-sey","status":"publish","type":"product","link":"https:\/\/mgvpublications.com\/de\/islamcilik-eksik-olan-artik-baska-bir-sey\/","title":{"rendered":"\u0130slamc\u0131l\u0131k Eksik Olan Art\u0131k Ba\u015fka Bir \u015eey"},"content":{"rendered":"<p>Yay\u0131n Tarihi: 28.09.2016<br \/>ISBN: 9789753559935<br \/>Dil: T\u00dcRK\u00c7E<br \/>Sayfa Say\u0131s\u0131: 392<br \/>Cilt Tipi: Karton Kapak<br \/>Ka\u011f\u0131t Cinsi: Kitap Ka\u011f\u0131d\u0131<br \/>Boyut: 13.5 x 21 cm<\/p>","protected":false},"excerpt":{"rendered":"<p>T\u00fcrkiye\u2019de (ve d\u00fcnyada) \u0130sl\u00e2mc\u0131l\u0131k hi\u00e7 olmad\u0131\u011f\u0131 kadar \u00e7ok tart\u0131\u015f\u0131ld\u0131, h\u00e2len de tart\u0131\u015f\u0131lmakta. Din siyaset ili\u015fkisi ba\u015fta olmak \u00fczere, adalet, \u0130sl\u00e2mc\u0131lar\u0131n talepleri, ba\u015f\u00f6rt\u00fcs\u00fc, din e\u011fitimi, K\u00fcrt sorunu, Alevilik, kentle\u015fme, kentsel d\u00f6n\u00fc\u015f\u00fcm, yoksulluk, Ortado\u011fu vb. konular\u0131 i\u00e7eren son derece ciddi bir siyasal s\u00fcre\u00e7 ya\u015fanmakta. Bu kitap, Cihan Akta\u015f\u2019\u0131n son on be\u015f y\u0131lda \u0130sl\u00e2mc\u0131l\u0131k \u00fczerine yapt\u0131\u011f\u0131 okumalar\u0131n sonucunda kaleme ald\u0131\u011f\u0131 yaz\u0131lardan olu\u015fmakta.<\/p>","protected":false},"featured_media":22853,"template":"","meta":{"spay_email":""},"product_cat":[174],"product_tag":[],"item":[1932],"acf":[],"_links":{"self":[{"href":"https:\/\/mgvpublications.com\/de\/wp-json\/wp\/v2\/product\/22854"}],"collection":[{"href":"https:\/\/mgvpublications.com\/de\/wp-json\/wp\/v2\/product"}],"about":[{"href":"https:\/\/mgvpublications.com\/de\/wp-json\/wp\/v2\/types\/product"}],"wp:featuredmedia":[{"embeddable":true,"href":"https:\/\/mgvpublications.com\/de\/wp-json\/wp\/v2\/media\/22853"}],"wp:attachment":[{"href":"https:\/\/mgvpublications.com\/de\/wp-json\/wp\/v2\/media?parent=22854"}],"wp:term":[{"taxonomy":"product_cat","embeddable":true,"href":"https:\/\/mgvpublications.com\/de\/wp-json\/wp\/v2\/product_cat?post=22854"},{"taxonomy":"product_tag","embeddable":true,"href":"https:\/\/mgvpublications.com\/de\/wp-json\/wp\/v2\/product_tag?post=22854"},{"taxonomy":"item","embeddable":true,"href":"https:\/\/mgvpublications.com\/de\/wp-json\/wp\/v2\/item?post=22854"}],"curies":[{"name":"wp","href":"https:\/\/api.w.org\/{rel}","templated":true}]}}