{"id":22852,"date":"2022-04-08T06:10:01","date_gmt":"2022-04-08T04:10:01","guid":{"rendered":"https:\/\/mgvpublications.com\/halama-benzedigim-icin\/"},"modified":"2022-04-08T06:10:01","modified_gmt":"2022-04-08T04:10:01","slug":"halama-benzedigim-icin","status":"publish","type":"product","link":"https:\/\/mgvpublications.com\/de\/halama-benzedigim-icin\/","title":{"rendered":"Halama Benzedi\u011fim \u0130\u00e7in"},"content":{"rendered":"<p>Yay\u0131n Tarihi: 29.08.2019<br \/>ISBN: 9786053260233<br \/>Dil: T\u00dcRK\u00c7E<br \/>Sayfa Say\u0131s\u0131: 155<br \/>Cilt Tipi: Karton Kapak<br \/>Ka\u011f\u0131t Cinsi: Kitap Ka\u011f\u0131d\u0131<br \/>Boyut: 13.5 x 21 cm<\/p>","protected":false},"excerpt":{"rendered":"<p>Usta edebiyat\u00e7\u0131 Cihan Akta\u015f&#8217;\u0131n, naif kahramanlardan kurgulad\u0131\u011f\u0131 10 farkl\u0131 ve \u00e7arp\u0131c\u0131 \u00f6yk\u00fc&#8230; Bu \u00f6yk\u00fclerde yal\u0131n anlat\u0131mlar\u0131n dinginli\u011fi, okurun kar\u015f\u0131s\u0131na aniden \u00e7\u0131kan \u00e7arp\u0131c\u0131 bir metafor veya y\u00fckselen tempo ile de\u011fi\u015fiyor, kayboluyor. Bir solukta bitecek, insan y\u00fcre\u011finde kal\u0131c\u0131 tatlar b\u0131rakacak \u00f6yk\u00fcler&#8230;<\/p>","protected":false},"featured_media":22851,"template":"","meta":{"spay_email":""},"product_cat":[168],"product_tag":[],"item":[1932],"acf":[],"_links":{"self":[{"href":"https:\/\/mgvpublications.com\/de\/wp-json\/wp\/v2\/product\/22852"}],"collection":[{"href":"https:\/\/mgvpublications.com\/de\/wp-json\/wp\/v2\/product"}],"about":[{"href":"https:\/\/mgvpublications.com\/de\/wp-json\/wp\/v2\/types\/product"}],"wp:featuredmedia":[{"embeddable":true,"href":"https:\/\/mgvpublications.com\/de\/wp-json\/wp\/v2\/media\/22851"}],"wp:attachment":[{"href":"https:\/\/mgvpublications.com\/de\/wp-json\/wp\/v2\/media?parent=22852"}],"wp:term":[{"taxonomy":"product_cat","embeddable":true,"href":"https:\/\/mgvpublications.com\/de\/wp-json\/wp\/v2\/product_cat?post=22852"},{"taxonomy":"product_tag","embeddable":true,"href":"https:\/\/mgvpublications.com\/de\/wp-json\/wp\/v2\/product_tag?post=22852"},{"taxonomy":"item","embeddable":true,"href":"https:\/\/mgvpublications.com\/de\/wp-json\/wp\/v2\/item?post=22852"}],"curies":[{"name":"wp","href":"https:\/\/api.w.org\/{rel}","templated":true}]}}