{"id":22840,"date":"2022-04-08T06:09:43","date_gmt":"2022-04-08T04:09:43","guid":{"rendered":"https:\/\/mgvpublications.com\/onun-adiyla-baslamak-yasama-miskat-tefsiri\/"},"modified":"2022-04-08T06:09:43","modified_gmt":"2022-04-08T04:09:43","slug":"onun-adiyla-baslamak-yasama-miskat-tefsiri","status":"publish","type":"product","link":"https:\/\/mgvpublications.com\/de\/onun-adiyla-baslamak-yasama-miskat-tefsiri\/","title":{"rendered":"Onun Ad\u0131yla Ba\u015flamak Ya\u015fama Mi\u015fkat Tefsiri"},"content":{"rendered":"<p>Yay\u0131n Tarihi: 26.05.2018<br \/>ISBN: 9786052154571<br \/>Dil: T\u00dcRK\u00c7E<br \/>Sayfa Say\u0131s\u0131: 696<br \/>Cilt Tipi: Karton Kapak<br \/>Ka\u011f\u0131t Cinsi: Kitap Ka\u011f\u0131d\u0131<br \/>Boyut: 13.5 x 19.6 cm<\/p>","protected":false},"excerpt":{"rendered":"<p>Elinizdeki bu eser; mucez bir tefsir kitab\u0131d\u0131r. Geni\u015f\u00e7e ilmi derinlikle ihtiva etmektedir. Gen\u00e7lerimizin bilmesi gereken muhtasar \u201cvahiy k\u00fclt\u00fcr\u00fc\u201d bilgileri i\u00e7erir. Bu \u00fcr\u00fcn bir nebze de olsa gen\u00e7 Dima\u011flar\u0131n bilgi ve d\u00fc\u015f\u00fcnce d\u00fcnyas\u0131na kat\u0131 sa\u011flayacakt\u0131r. G\u00f6z\u00fcm\u00fcn\u00fcz\u00fcn nuru olan evlatlar\u0131m\u0131z i\u00e7in bir \u201cel kitab\u0131\u201d mahiyetinedir. Lise ya da \u00fcniversitede okuyan \u00f6\u011frencilerin ders haklar\u0131nda ve sohbetlerine rehberlik edecektir. Faydal\u0131 olmas\u0131 dilek ve temennileriyle\u2026<\/p>","protected":false},"featured_media":22839,"template":"","meta":{"spay_email":""},"product_cat":[174],"product_tag":[],"item":[1750],"acf":[],"_links":{"self":[{"href":"https:\/\/mgvpublications.com\/de\/wp-json\/wp\/v2\/product\/22840"}],"collection":[{"href":"https:\/\/mgvpublications.com\/de\/wp-json\/wp\/v2\/product"}],"about":[{"href":"https:\/\/mgvpublications.com\/de\/wp-json\/wp\/v2\/types\/product"}],"wp:featuredmedia":[{"embeddable":true,"href":"https:\/\/mgvpublications.com\/de\/wp-json\/wp\/v2\/media\/22839"}],"wp:attachment":[{"href":"https:\/\/mgvpublications.com\/de\/wp-json\/wp\/v2\/media?parent=22840"}],"wp:term":[{"taxonomy":"product_cat","embeddable":true,"href":"https:\/\/mgvpublications.com\/de\/wp-json\/wp\/v2\/product_cat?post=22840"},{"taxonomy":"product_tag","embeddable":true,"href":"https:\/\/mgvpublications.com\/de\/wp-json\/wp\/v2\/product_tag?post=22840"},{"taxonomy":"item","embeddable":true,"href":"https:\/\/mgvpublications.com\/de\/wp-json\/wp\/v2\/item?post=22840"}],"curies":[{"name":"wp","href":"https:\/\/api.w.org\/{rel}","templated":true}]}}