{"id":22826,"date":"2022-04-08T06:09:20","date_gmt":"2022-04-08T04:09:20","guid":{"rendered":"https:\/\/mgvpublications.com\/zihin-haritalari\/"},"modified":"2022-04-08T06:09:20","modified_gmt":"2022-04-08T04:09:20","slug":"zihin-haritalari","status":"publish","type":"product","link":"https:\/\/mgvpublications.com\/de\/zihin-haritalari\/","title":{"rendered":"Zihin Haritalar\u0131"},"content":{"rendered":"<p>\u00c7evirmen: G\u00fcnt\u00fcl\u00fc Tercanl\u0131<br \/>Yay\u0131n Tarihi: 01.04.2021<br \/>ISBN: 9786051062983<br \/>Dil: T\u00dcRK\u00c7E<br \/>Sayfa Say\u0131s\u0131: 212<br \/>Cilt Tipi: Karton Kapak<br \/>Ka\u011f\u0131t Cinsi: Ku\u015fe Ka\u011f\u0131t<br \/>Boyut: 16.5 x 23.5 cm<\/p>","protected":false},"excerpt":{"rendered":"<p>Haf\u0131zan\u0131z\u0131, yarat\u0131c\u0131l\u0131\u011f\u0131n\u0131z\u0131, konsantrasyonunuzu art\u0131rmak, konu\u015fma yetene\u011finizi, d\u00fc\u015f\u00fcnme becerilerinizi geli\u015ftirmek ve k\u0131vrak bir zekaya sahip olmak ister misiniz? Zihin Haritalar\u0131 d\u00fcnyada milyonlarca insan\u0131n ya\u015fam\u0131n\u0131 de\u011fi\u015ftiren, devrimsel nitelikteki not alma ve planlama sistemini sunuyor. Zihin Haritalar\u0131 ya\u015fam\u0131n\u0131z\u0131 kolayla\u015ft\u0131r\u0131r: Her \u015feyi kolay hat\u0131rlaman\u0131z\u0131, Parlak fikirler \u00fcretmenizi, Sunum ya da raporlar\u0131n\u0131z\u0131 rahatl\u0131kla haz\u0131rlaman\u0131z\u0131, Tart\u0131\u015fmalarda insanlar\u0131 ustaca ikna etmenizi, Ki\u015fisel hedeflerinizi planlaman\u0131z\u0131, Hayat\u0131n\u0131z\u0131n kontrol\u00fcn\u00fc ele alman\u0131z\u0131 sa\u011flar. Zihin Haritalar\u0131 e\u011fitim ve i\u015f ya\u015fam\u0131nda f\u0131rt\u0131na etkisi yaratm\u0131\u015f, d\u00fcnya genelinde 250 milyondan fazla insan\u0131n kulland\u0131\u011f\u0131 \u00e7\u0131\u011f\u0131r a\u00e7an not alma tekni\u011fi ile \u2018beynin \u0130svi\u00e7re \u00e7ak\u0131s\u0131\u2019 olarak adland\u0131r\u0131lm\u0131\u015ft\u0131r.<\/p>","protected":false},"featured_media":22825,"template":"","meta":{"spay_email":""},"product_cat":[169],"product_tag":[],"item":[748],"acf":[],"_links":{"self":[{"href":"https:\/\/mgvpublications.com\/de\/wp-json\/wp\/v2\/product\/22826"}],"collection":[{"href":"https:\/\/mgvpublications.com\/de\/wp-json\/wp\/v2\/product"}],"about":[{"href":"https:\/\/mgvpublications.com\/de\/wp-json\/wp\/v2\/types\/product"}],"wp:featuredmedia":[{"embeddable":true,"href":"https:\/\/mgvpublications.com\/de\/wp-json\/wp\/v2\/media\/22825"}],"wp:attachment":[{"href":"https:\/\/mgvpublications.com\/de\/wp-json\/wp\/v2\/media?parent=22826"}],"wp:term":[{"taxonomy":"product_cat","embeddable":true,"href":"https:\/\/mgvpublications.com\/de\/wp-json\/wp\/v2\/product_cat?post=22826"},{"taxonomy":"product_tag","embeddable":true,"href":"https:\/\/mgvpublications.com\/de\/wp-json\/wp\/v2\/product_tag?post=22826"},{"taxonomy":"item","embeddable":true,"href":"https:\/\/mgvpublications.com\/de\/wp-json\/wp\/v2\/item?post=22826"}],"curies":[{"name":"wp","href":"https:\/\/api.w.org\/{rel}","templated":true}]}}