{"id":22814,"date":"2022-04-08T06:09:01","date_gmt":"2022-04-08T04:09:01","guid":{"rendered":"https:\/\/mgvpublications.com\/mutluluk-kurleri-2\/"},"modified":"2022-04-08T21:27:13","modified_gmt":"2022-04-08T19:27:13","slug":"mutluluk-kurleri-2","status":"publish","type":"product","link":"https:\/\/mgvpublications.com\/de\/mutluluk-kurleri-2\/","title":{"rendered":"Mutluluk K\u00fcrleri 2"},"content":{"rendered":"<p>Yay\u0131n Tarihi: 28.04.2021<br \/>ISBN: 9786052214619<br \/>Dil: T\u00dcRK\u00c7E<br \/>Sayfa Say\u0131s\u0131: 352<br \/>Cilt Tipi: Karton Kapak<br \/>Ka\u011f\u0131t Cinsi: Kitap Ka\u011f\u0131d\u0131<br \/>Boyut: 15.5 x 23 cm<\/p>","protected":false},"excerpt":{"rendered":"<p>&#8220;Ba\u011f\u0131\u015f\u0131kl\u0131k sistemi g\u00fc\u00e7l\u00fc olan mutlu olur! Mutlulu\u011fu v\u00fccudun kendisi \u00fcretir! V\u00fccut, fiziki olarak din\u00e7, enerjik ve hastal\u0131klara kar\u015f\u0131 diren\u00e7li oldu\u011funda, insan manen de huzurlu ve mutlu hisseder. Ben fiziki ve manevi dengenin do\u011fru kurulmas\u0131n\u0131 &#8216;Sa\u011fl\u0131kl\u0131 Ya\u015fam Sanat\u0131&#8217; olarak adland\u0131r\u0131yorum ve bu sanat\u0131n bir plan dahilinde icra edilmesi gerekti\u011fini d\u00fc\u015f\u00fcn\u00fcyorum. \u0130\u015fte sizlere yeni kitab\u0131mda bu plan\u0131n ad\u0131mlar\u0131n\u0131 ve inceliklerini basit, anla\u015f\u0131l\u0131r bir dille anlatt\u0131m. Herkesin kolayl\u0131kla uygulayabilece\u011fi k\u00fcrler ve tavsiyeler verdim. H\u0131zl\u0131 ve sonu\u00e7 odakl\u0131 bir yol \u00e7izdim sizler i\u00e7in. Onbinlerce ki\u015finin okuyup uygulayarak mutluluk ve \u015fifa buldu\u011fu Mutluluk K\u00fcrleri kitab\u0131mdan sonra \u015fimdi Mutluluk K\u00fcrleri 2 ile kar\u015f\u0131n\u0131zday\u0131m. Okuyucular\u0131m\u0131n sa\u011fl\u0131kl\u0131 ve mutlu olmas\u0131 tek gayemdir. O zaman haydi bu mutluluk yolculu\u011funa birlikte \u00e7\u0131kal\u0131m! Kitaptaki \u00f6nerilerimi uygulad\u0131\u011f\u0131n\u0131zda, &#8216;kendimi \u00e7ok iyi hissediyorum&#8217; diyebiliyorsan\u0131z, ne mutlu bana&#8230;&#8221; Dr. \u00dcmit Akta\u015f Art\u0131k sa\u011fl\u0131\u011f\u0131n\u0131z\u0131n bozuldu\u011funu g\u00f6rd\u00fck\u00e7e karamsarl\u0131\u011fa kap\u0131lman\u0131za gerek yok. Biz bu kitab\u0131 sizi mutlu etmek i\u00e7in yazd\u0131k. \u00c7aresiz de\u011filsiniz. \u00c7\u00f6z\u00fcm mutfa\u011f\u0131n\u0131zda, do\u011fada, \u00e7\u00f6z\u00fcm sizde!<\/p>","protected":false},"featured_media":22813,"template":"","meta":{"spay_email":""},"product_cat":[1352],"product_tag":[],"item":[685],"acf":[],"_links":{"self":[{"href":"https:\/\/mgvpublications.com\/de\/wp-json\/wp\/v2\/product\/22814"}],"collection":[{"href":"https:\/\/mgvpublications.com\/de\/wp-json\/wp\/v2\/product"}],"about":[{"href":"https:\/\/mgvpublications.com\/de\/wp-json\/wp\/v2\/types\/product"}],"wp:featuredmedia":[{"embeddable":true,"href":"https:\/\/mgvpublications.com\/de\/wp-json\/wp\/v2\/media\/22813"}],"wp:attachment":[{"href":"https:\/\/mgvpublications.com\/de\/wp-json\/wp\/v2\/media?parent=22814"}],"wp:term":[{"taxonomy":"product_cat","embeddable":true,"href":"https:\/\/mgvpublications.com\/de\/wp-json\/wp\/v2\/product_cat?post=22814"},{"taxonomy":"product_tag","embeddable":true,"href":"https:\/\/mgvpublications.com\/de\/wp-json\/wp\/v2\/product_tag?post=22814"},{"taxonomy":"item","embeddable":true,"href":"https:\/\/mgvpublications.com\/de\/wp-json\/wp\/v2\/item?post=22814"}],"curies":[{"name":"wp","href":"https:\/\/api.w.org\/{rel}","templated":true}]}}