{"id":22810,"date":"2022-04-08T06:08:55","date_gmt":"2022-04-08T04:08:55","guid":{"rendered":"https:\/\/mgvpublications.com\/imam-gazali-ve-iman-kufur-siniri\/"},"modified":"2024-02-06T22:11:47","modified_gmt":"2024-02-06T21:11:47","slug":"imam-gazali-ve-iman-kufur-siniri","status":"publish","type":"product","link":"https:\/\/mgvpublications.com\/de\/imam-gazali-ve-iman-kufur-siniri\/","title":{"rendered":"\u0130mam Gazali ve \u0130man K\u00fcf\u00fcr S\u0131n\u0131r\u0131"},"content":{"rendered":"<p>\u00c7evirmen: Prof. Dr. Ahmet Turan Arslan<br \/>Yay\u0131n Tarihi: 21.05.2020<br \/>Orijinal Ad\u0131: Faysalu&#8217;t- Tefrika beyne&#8217;l-\u0130sl\u00e2m ve&#8217;z-Zendeka<br \/>ISBN: 9786050605020<br \/>Dil: T\u00dcRK\u00c7E<br \/>Sayfa Say\u0131s\u0131: 239<br \/>Cilt Tipi: Karton Kapak<br \/>Ka\u011f\u0131t Cinsi: 3. Hm. Ka\u011f\u0131t<br \/>Boyut: 13.5 x 19.5 cm<\/p>","protected":false},"excerpt":{"rendered":"<p>Gaz\u00e2l\u00ee, ak\u0131l ve nakilden birini al\u0131p \u00f6tekini b\u0131rakanlardan olmam\u0131\u015f, her ikisini de lay\u0131k olduklar\u0131 makama oturtmu\u015ftur. \u00d6nce akla ve nakle ba\u011fl\u0131 ilimleri ciddi olarak \u00f6\u011frenmi\u015f, ikisi aras\u0131nda \u00f6l\u00e7\u00fcl\u00fc bir denge kurabilmi\u015ftir. Elbette ona da itiraz edenler olmu\u015f, tenkid edenler bulunmu\u015ftur. Ama o hep ger\u00e7e\u011fin pe\u015finde olmu\u015ftur. Bir noktaya k\u00f6r\u00fc k\u00f6r\u00fcne saplan\u0131p kalmam\u0131\u015f, s\u00f6ylediklerini akl\u00ee ve nakl\u00ee \u00f6l\u00e7\u00fclere dayand\u0131rabilmi\u015ftir. Kendisine y\u00f6neltilen tenkidlerden korkmam\u0131\u015f ve y\u0131lmam\u0131\u015ft\u0131r. Onun kar\u015f\u0131la\u015ft\u0131\u011f\u0131 fikr\u00ee karga\u015fa, onun asr\u0131ndaki gibi ilm\u00ee ve fikr\u00ee m\u00fcnaka\u015fa zemini ve bu m\u00fcn\u00e2ka\u015fay\u0131 ger\u00e7ekle\u015ftirecek ilim ve fikir adamlar\u0131 toplulu\u011fu da nadir kar\u015f\u0131la\u015f\u0131lacak bir keyfiyettir. Bu y\u00fczden onun maruz kald\u0131\u011f\u0131 \u015fartlarla kar\u015f\u0131la\u015facak di\u011fer ki\u015fileri i\u00e7in onun metodu \u00f6nem ta\u015f\u0131maktad\u0131r. Gaz\u00e2l\u00ee&#8217;inin eserleri \u0130slam d\u00fc\u015f\u00fcncesiyle ilgilenen herkesin vazge\u00e7emeyece\u011fi kaynaklard\u0131r.<\/p>","protected":false},"featured_media":23314,"template":"","meta":{"spay_email":""},"product_cat":[174],"product_tag":[],"item":[940],"acf":[],"_links":{"self":[{"href":"https:\/\/mgvpublications.com\/de\/wp-json\/wp\/v2\/product\/22810"}],"collection":[{"href":"https:\/\/mgvpublications.com\/de\/wp-json\/wp\/v2\/product"}],"about":[{"href":"https:\/\/mgvpublications.com\/de\/wp-json\/wp\/v2\/types\/product"}],"wp:featuredmedia":[{"embeddable":true,"href":"https:\/\/mgvpublications.com\/de\/wp-json\/wp\/v2\/media\/23314"}],"wp:attachment":[{"href":"https:\/\/mgvpublications.com\/de\/wp-json\/wp\/v2\/media?parent=22810"}],"wp:term":[{"taxonomy":"product_cat","embeddable":true,"href":"https:\/\/mgvpublications.com\/de\/wp-json\/wp\/v2\/product_cat?post=22810"},{"taxonomy":"product_tag","embeddable":true,"href":"https:\/\/mgvpublications.com\/de\/wp-json\/wp\/v2\/product_tag?post=22810"},{"taxonomy":"item","embeddable":true,"href":"https:\/\/mgvpublications.com\/de\/wp-json\/wp\/v2\/item?post=22810"}],"curies":[{"name":"wp","href":"https:\/\/api.w.org\/{rel}","templated":true}]}}