{"id":22808,"date":"2022-04-08T06:08:55","date_gmt":"2022-04-08T04:08:55","guid":{"rendered":"https:\/\/mgvpublications.com\/kirk-hadis-2\/"},"modified":"2022-04-29T19:59:43","modified_gmt":"2022-04-29T17:59:43","slug":"kirk-hadis-2","status":"publish","type":"product","link":"https:\/\/mgvpublications.com\/de\/kirk-hadis-2\/","title":{"rendered":"K\u0131rk Hadis"},"content":{"rendered":"<p>Yay\u0131n Tarihi: 06.07.2020<br \/>ISBN: 9786050605068<br \/>Dil: T\u00dcRK\u00c7E<br \/>Sayfa Say\u0131s\u0131: 92<br \/>Cilt Tipi: Karton Kapak<br \/>Ka\u011f\u0131t Cinsi: Kitap Ka\u011f\u0131d\u0131<br \/>Boyut: 14.5 x 21.5 cm<\/p>","protected":false},"excerpt":{"rendered":"<p>\u201cAllah, bizden herhangi bir \u015feyi i\u015fiten ve i\u015fitti\u011fi gibi de tebli\u011f edip ba\u015fkalar\u0131na aktaran ki\u015finin y\u00fcz\u00fcn\u00fc ak etsin&#8230;\u201d ve \u201c\u00dcmmetimin din\u00ee i\u015flerine dair k\u0131rk hadis derleyen kimseyi Allah Te\u00e2l\u00e2 fakihler ve \u00e2limler toplulu\u011fu aras\u0131nda diriltir.\u201d Hadis-i \u015eeriflerine istinaden \u0130sl\u00e2m \u00e2limleri bu m\u00fcjdeye erebilmek i\u00e7in \u00e7e\u015fitli konularda K\u0131rk Hadisler derlemi\u015flerdir. \u0130mam Nevevi\u2019nin bu gelene\u011fi devam ettiren elinizdeki eseri, en fazla yay\u0131nlanan ve \u00fczerine \u015ferhler yap\u0131lan bir eserdir. Bu k\u0131ymetli \u00e7al\u0131\u015fmay\u0131, Nureddin Y\u0131ld\u0131z\u2019\u0131n k\u0131sa izahlar\u0131 ile okuyucumuzun istifadesine sunuyoruz.<\/p>","protected":false},"featured_media":22807,"template":"","meta":{"spay_email":""},"product_cat":[174],"product_tag":[],"item":[940],"acf":[],"_links":{"self":[{"href":"https:\/\/mgvpublications.com\/de\/wp-json\/wp\/v2\/product\/22808"}],"collection":[{"href":"https:\/\/mgvpublications.com\/de\/wp-json\/wp\/v2\/product"}],"about":[{"href":"https:\/\/mgvpublications.com\/de\/wp-json\/wp\/v2\/types\/product"}],"wp:featuredmedia":[{"embeddable":true,"href":"https:\/\/mgvpublications.com\/de\/wp-json\/wp\/v2\/media\/22807"}],"wp:attachment":[{"href":"https:\/\/mgvpublications.com\/de\/wp-json\/wp\/v2\/media?parent=22808"}],"wp:term":[{"taxonomy":"product_cat","embeddable":true,"href":"https:\/\/mgvpublications.com\/de\/wp-json\/wp\/v2\/product_cat?post=22808"},{"taxonomy":"product_tag","embeddable":true,"href":"https:\/\/mgvpublications.com\/de\/wp-json\/wp\/v2\/product_tag?post=22808"},{"taxonomy":"item","embeddable":true,"href":"https:\/\/mgvpublications.com\/de\/wp-json\/wp\/v2\/item?post=22808"}],"curies":[{"name":"wp","href":"https:\/\/api.w.org\/{rel}","templated":true}]}}