{"id":22798,"date":"2022-04-08T06:08:38","date_gmt":"2022-04-08T04:08:38","guid":{"rendered":"https:\/\/mgvpublications.com\/bela-ve-imtihan\/"},"modified":"2025-05-02T07:35:46","modified_gmt":"2025-05-02T05:35:46","slug":"bela-ve-imtihan","status":"publish","type":"product","link":"https:\/\/mgvpublications.com\/de\/bela-ve-imtihan\/","title":{"rendered":"Bela ve \u0130mtihan"},"content":{"rendered":"<p>Yay\u0131n Tarihi: 19.01.2022<br \/>ISBN: 9786257786126<br \/>Dil: T\u00dcRK\u00c7E<br \/>Sayfa Say\u0131s\u0131: 72<br \/>Cilt Tipi: Karton Kapak<br \/>Ka\u011f\u0131t Cinsi: Kitap Ka\u011f\u0131d\u0131<br \/>Boyut: 14.5 x 21.5 cm<\/p>","protected":false},"excerpt":{"rendered":"<p>Belalarla s\u0131nanman\u0131n hikmetine dair \u0130bni Kayy\u0131m el-Cevziyye\u2019nin \u201cPi\u015fman Olanlar\u0131 \u015eeytan\u0131n Tuzaklar\u0131ndan Kurtarmak\u201d kitab\u0131 ile Seyyid Kutub\u2019un \u201cFi Zilali\u2019l Kur\u2019an\u201d tefsirinden Nur Suresi\u2019nin 11. ayetten 26. ayete kadar olan b\u00f6l\u00fcm\u00fcn\u00fc kapsayan elinizdeki bu eser, \u00e7e\u015fit \u00e7e\u015fit s\u0131k\u0131nt\u0131 ve belalar\u0131n etraflar\u0131n\u0131 sard\u0131\u011f\u0131 esnada m\u00fcminlerin nas\u0131l davranmalar\u0131 gerekti\u011fini aktarmas\u0131 a\u00e7\u0131s\u0131ndan \u00e7ok \u00f6nemlidir. M\u00fcsl\u00fcmanlar\u0131n ba\u015f\u0131na gelen en b\u00fcy\u00fck musibetlerden biri olan \u0130fk Hadisesi\u2019nin i\u015flendi\u011fi bu kitap, M\u00fcsl\u00fcman toplumlar\u0131n b\u00f6ylesi b\u00fcy\u00fck durumlarla kar\u015f\u0131la\u015ft\u0131klar\u0131nda takip edecekleri metodu sunmaktad\u0131r. Seyyid Kutup bahse konu hadise ile ilgili de\u011ferlendirmesini Nur Suresi 11. Ayet-i Kerime ile \u00f6zetlemektedir: \u201cOnu kendiniz i\u00e7in bir \u015fer sanmay\u0131n. Bilakis o sizin i\u00e7in bir hay\u0131rd\u0131r.\u201d \u201c\u0130man zay\u0131flad\u0131\u011f\u0131nda, M\u00fcsl\u00fcmanlar\u0131n imanlar\u0131n\u0131n eksikli\u011fi nispetinde d\u00fc\u015fmanlar\u0131 aleyhte hareket imk\u00e2n\u0131 bulurlar. Allah\u2019a itaati terk etmekle d\u00fc\u015fmanlar\u0131na bu imk\u00e2n\u0131 bizzat veriyorlar.\u201d diyen \u0130bni Kayy\u0131m el-Cevziyye\u2019ye g\u00f6re de \u201cBelki de imtihan ge\u00e7mi\u015f hesaplara d\u00f6nmek i\u00e7in bir f\u0131rsat, kavu\u015fulmas\u0131 umulan gelecek i\u00e7in bir an durup d\u00fc\u015f\u00fcnmektir. \u0130mtihan, insan\u0131n olgunlu\u011funu ve kuvvetini artt\u0131r\u0131r; sad\u0131k davet\u00e7iler i\u00e7in ise sevap ve derinle\u015fmedir. \u0130mtihan, m\u00fcmin i\u00e7in asla \u015ferli bir \u015fey de\u011fildir. O, Allah Te\u00e2l\u00e2\u2019n\u0131n kullar\u0131n\u0131 kendine d\u00f6nd\u00fcrmek i\u00e7in y\u00fcr\u00fcrl\u00fc\u011fe koydu\u011fu bir hay\u0131rd\u0131r.\u201d<\/p>","protected":false},"featured_media":22797,"template":"","meta":{"spay_email":""},"product_cat":[174],"product_tag":[],"item":[940],"acf":[],"_links":{"self":[{"href":"https:\/\/mgvpublications.com\/de\/wp-json\/wp\/v2\/product\/22798"}],"collection":[{"href":"https:\/\/mgvpublications.com\/de\/wp-json\/wp\/v2\/product"}],"about":[{"href":"https:\/\/mgvpublications.com\/de\/wp-json\/wp\/v2\/types\/product"}],"wp:featuredmedia":[{"embeddable":true,"href":"https:\/\/mgvpublications.com\/de\/wp-json\/wp\/v2\/media\/22797"}],"wp:attachment":[{"href":"https:\/\/mgvpublications.com\/de\/wp-json\/wp\/v2\/media?parent=22798"}],"wp:term":[{"taxonomy":"product_cat","embeddable":true,"href":"https:\/\/mgvpublications.com\/de\/wp-json\/wp\/v2\/product_cat?post=22798"},{"taxonomy":"product_tag","embeddable":true,"href":"https:\/\/mgvpublications.com\/de\/wp-json\/wp\/v2\/product_tag?post=22798"},{"taxonomy":"item","embeddable":true,"href":"https:\/\/mgvpublications.com\/de\/wp-json\/wp\/v2\/item?post=22798"}],"curies":[{"name":"wp","href":"https:\/\/api.w.org\/{rel}","templated":true}]}}