{"id":22788,"date":"2022-04-08T06:08:25","date_gmt":"2022-04-08T04:08:25","guid":{"rendered":"https:\/\/mgvpublications.com\/pofi-benim-tuvaletim-geldi\/"},"modified":"2022-04-08T06:08:25","modified_gmt":"2022-04-08T04:08:25","slug":"pofi-benim-tuvaletim-geldi","status":"publish","type":"product","link":"https:\/\/mgvpublications.com\/de\/pofi-benim-tuvaletim-geldi\/","title":{"rendered":"Pofi &#8211; Benim Tuvaletim Geldi"},"content":{"rendered":"<p>Yay\u0131n Tarihi: 02.10.2019<br \/>ISBN: 9786053050711<br \/>Dil: T\u00dcRK\u00c7E<br \/>Sayfa Say\u0131s\u0131: 14<br \/>Cilt Tipi: Ciltli<br \/>Ka\u011f\u0131t Cinsi: Kitap Ka\u011f\u0131d\u0131<br \/>Boyut: 15 x 15 cm<br \/>\u00c7izer: Ay\u015fin Ero\u011flu<\/p>","protected":false},"excerpt":{"rendered":"<p>Sa\u011fl\u0131kl\u0131 bir ya\u015fam i\u00e7in \u00f6z bak\u0131m becerilerinin do\u011fru zamanda kazan\u0131lmas\u0131 kal\u0131c\u0131l\u0131k ad\u0131na \u00e7ok \u00f6nemlidir. \u00c7ocuklar yemek yemek, banyo yapmak, di\u015f f\u0131r\u00e7alamak, uyumak, tuvalete gitmek gibi becerileri 2 ya\u015f\u0131ndan itibaren kazanmaya ba\u015flarlar. POF\u0130 ile TAM ZAMANINDA SER\u0130S\u0130, \u00e7ocuklar\u0131n bu becerileri daha e\u011flenceli bir \u015fekilde tan\u0131mas\u0131na, benimsemesine ve bu becerilerin al\u0131\u015fkanl\u0131\u011fa d\u00f6n\u00fc\u015fmesine yard\u0131mc\u0131 olur.<\/p>","protected":false},"featured_media":22787,"template":"","meta":{"spay_email":""},"product_cat":[172],"product_tag":[],"item":[1789],"acf":[],"_links":{"self":[{"href":"https:\/\/mgvpublications.com\/de\/wp-json\/wp\/v2\/product\/22788"}],"collection":[{"href":"https:\/\/mgvpublications.com\/de\/wp-json\/wp\/v2\/product"}],"about":[{"href":"https:\/\/mgvpublications.com\/de\/wp-json\/wp\/v2\/types\/product"}],"wp:featuredmedia":[{"embeddable":true,"href":"https:\/\/mgvpublications.com\/de\/wp-json\/wp\/v2\/media\/22787"}],"wp:attachment":[{"href":"https:\/\/mgvpublications.com\/de\/wp-json\/wp\/v2\/media?parent=22788"}],"wp:term":[{"taxonomy":"product_cat","embeddable":true,"href":"https:\/\/mgvpublications.com\/de\/wp-json\/wp\/v2\/product_cat?post=22788"},{"taxonomy":"product_tag","embeddable":true,"href":"https:\/\/mgvpublications.com\/de\/wp-json\/wp\/v2\/product_tag?post=22788"},{"taxonomy":"item","embeddable":true,"href":"https:\/\/mgvpublications.com\/de\/wp-json\/wp\/v2\/item?post=22788"}],"curies":[{"name":"wp","href":"https:\/\/api.w.org\/{rel}","templated":true}]}}