{"id":22780,"date":"2022-04-08T06:08:12","date_gmt":"2022-04-08T04:08:12","guid":{"rendered":"https:\/\/mgvpublications.com\/cennete-giden-yollar\/"},"modified":"2022-04-08T06:08:12","modified_gmt":"2022-04-08T04:08:12","slug":"cennete-giden-yollar","status":"publish","type":"product","link":"https:\/\/mgvpublications.com\/de\/cennete-giden-yollar\/","title":{"rendered":"Cennete Giden Yollar"},"content":{"rendered":"<p>Yay\u0131n Tarihi: 28.04.2021<br \/>ISBN: 9786057619761<br \/>Dil: T\u00dcRK\u00c7E<br \/>Sayfa Say\u0131s\u0131: 168<br \/>Cilt Tipi: Karton Kapak<br \/>Ka\u011f\u0131t Cinsi: Kitap Ka\u011f\u0131d\u0131<br \/>Boyut: 13.5 x 19.5 cm<\/p>","protected":false},"excerpt":{"rendered":"<p>\u00dclkemizde \u201cNamazla Dirili\u015f\u201d programlar\u0131n\u0131 ba\u015flatan ve yediden yetmi\u015fe herkese namaz\u0131 sevdirmeye \u00e7al\u0131\u015fan, gen\u00e7lerin \u201cNamaz Abisi\u201d Ahmet Bulut, yeni kitab\u0131 Cennete Giden Yollar ile ayet ve hadislerin \u0131\u015f\u0131\u011f\u0131nda Allah\u2019\u0131n r\u0131zas\u0131n\u0131 arayanlara rehberlik ediyor. G\u00fcncel \u00f6yk\u00fclerle okuyucuya ayna tutuyor. Kitaba koydug\u0306umuz isim, Rabbimizden beklentimizdir.<\/p>","protected":false},"featured_media":22779,"template":"","meta":{"spay_email":""},"product_cat":[174],"product_tag":[],"item":[925],"acf":[],"_links":{"self":[{"href":"https:\/\/mgvpublications.com\/de\/wp-json\/wp\/v2\/product\/22780"}],"collection":[{"href":"https:\/\/mgvpublications.com\/de\/wp-json\/wp\/v2\/product"}],"about":[{"href":"https:\/\/mgvpublications.com\/de\/wp-json\/wp\/v2\/types\/product"}],"wp:featuredmedia":[{"embeddable":true,"href":"https:\/\/mgvpublications.com\/de\/wp-json\/wp\/v2\/media\/22779"}],"wp:attachment":[{"href":"https:\/\/mgvpublications.com\/de\/wp-json\/wp\/v2\/media?parent=22780"}],"wp:term":[{"taxonomy":"product_cat","embeddable":true,"href":"https:\/\/mgvpublications.com\/de\/wp-json\/wp\/v2\/product_cat?post=22780"},{"taxonomy":"product_tag","embeddable":true,"href":"https:\/\/mgvpublications.com\/de\/wp-json\/wp\/v2\/product_tag?post=22780"},{"taxonomy":"item","embeddable":true,"href":"https:\/\/mgvpublications.com\/de\/wp-json\/wp\/v2\/item?post=22780"}],"curies":[{"name":"wp","href":"https:\/\/api.w.org\/{rel}","templated":true}]}}