{"id":22778,"date":"2022-04-08T06:08:07","date_gmt":"2022-04-08T04:08:07","guid":{"rendered":"https:\/\/mgvpublications.com\/cennete-kosanlar-engelliler\/"},"modified":"2022-04-08T06:08:07","modified_gmt":"2022-04-08T04:08:07","slug":"cennete-kosanlar-engelliler","status":"publish","type":"product","link":"https:\/\/mgvpublications.com\/de\/cennete-kosanlar-engelliler\/","title":{"rendered":"Cennete Ko\u015fanlar Engelliler"},"content":{"rendered":"<p>Yay\u0131n Tarihi: 05.02.2019<br \/>ISBN: 9786050829815<br \/>Dil: T\u00dcRK\u00c7E<br \/>Sayfa Say\u0131s\u0131: 160<br \/>Cilt Tipi: Karton Kapak<br \/>Ka\u011f\u0131t Cinsi: Kitap Ka\u011f\u0131d\u0131<br \/>Boyut: 13.5 x 21 cm<\/p>","protected":false},"excerpt":{"rendered":"<p>Bir sahur program\u0131nda engelli bir \u00e7ocuk babas\u0131 olan ve on dokuz y\u0131ld\u0131r ibadet bilinciyle o\u011fluna hizmet eden Ali Bey\u2019i misafir etmi\u015ftim. Konu engellilerdi. Kar\u015f\u0131la\u015ft\u0131klar\u0131 problemleri, toplumun engellilere bak\u0131\u015f\u0131n\u0131 anlat\u0131yordu. O anlatt\u0131k\u00e7a ben kendimden utan\u0131yordum. Yer yar\u0131lsa yerin dibine girecektim. Bu konuda ne kadar gafil oldu\u011fumuzu fark ettik\u00e7e mahcubiyetim katlanarak artm\u0131\u015ft\u0131. Sivas\u2019taki bir konferans s\u0131ras\u0131nda tan\u0131d\u0131\u011f\u0131m Fatma Tatl\u0131 karde\u015fim, iman\u0131n imk\u00e2n\u0131n\u0131 fark etmemi sa\u011flad\u0131. \u0130lk Almanya ziyaretinde tan\u0131d\u0131\u011f\u0131m G\u00fclseren G\u00fcm\u00fc\u015f karde\u015fim, bana sahip olduklar\u0131m\u0131 hat\u0131rlatt\u0131. Ne kadar zengindim ve ne kadar az \u015f\u00fckrediyordum. Zaman i\u00e7inde tan\u0131\u015ft\u0131\u011f\u0131m karde\u015flerim artt\u0131. Hepsi Allah\u2019\u0131n ayr\u0131 bir ayetiydi. Hepsinde ayr\u0131 bir cevher vard\u0131. \u2018Bu karde\u015flerimin derdine merhem olabilir miyim,\u2019 d\u00fc\u015f\u00fcncesiyle hayat\u0131m\u0131zda onlara yer a\u00e7al\u0131m diye bu \u00e7al\u0131\u015fmaya ba\u015flad\u0131m. Onlar, en zor imtihana tabi tutulmalar\u0131yla Allah\u2019\u0131n \u00f6zel kullar\u0131yd\u0131lar. Rabbimiz onlara d\u00fcnyada baz\u0131 s\u0131k\u0131nt\u0131lar verse de \u015fundan emin olmal\u0131y\u0131z ki onlar\u0131 \u00e7ok seviyor. Ve onlar\u0131n hayatlar\u0131 bizler i\u00e7in ibretlik numuneler sunuyor.\u201d Ahmet Bulut, Cennete Ko\u015fanlar\u2019da bizleri Allah\u2019\u0131n verdi\u011fi nimetlerin k\u0131ymetini anlamaya, her g\u00fcn soludu\u011fumuz nefesin de\u011ferini bilmeye, \u00e7ok ola\u011fanm\u0131\u015f gibi kulland\u0131\u011f\u0131m\u0131z uzuvlar\u0131m\u0131z\u0131n \u00f6nemini fark etmeye davet ediyor. Okudu\u011funuzda hayat\u0131n\u0131zda \u00e7ok \u015fey de\u011fi\u015fecek. Ne kadar zengin oldu\u011fumuzu ancak buna kar\u015f\u0131n, ne kadar az \u015f\u00fckretti\u011fimizi g\u00f6receksiniz.<\/p>","protected":false},"featured_media":22777,"template":"","meta":{"spay_email":""},"product_cat":[168],"product_tag":[],"item":[360],"acf":[],"_links":{"self":[{"href":"https:\/\/mgvpublications.com\/de\/wp-json\/wp\/v2\/product\/22778"}],"collection":[{"href":"https:\/\/mgvpublications.com\/de\/wp-json\/wp\/v2\/product"}],"about":[{"href":"https:\/\/mgvpublications.com\/de\/wp-json\/wp\/v2\/types\/product"}],"wp:featuredmedia":[{"embeddable":true,"href":"https:\/\/mgvpublications.com\/de\/wp-json\/wp\/v2\/media\/22777"}],"wp:attachment":[{"href":"https:\/\/mgvpublications.com\/de\/wp-json\/wp\/v2\/media?parent=22778"}],"wp:term":[{"taxonomy":"product_cat","embeddable":true,"href":"https:\/\/mgvpublications.com\/de\/wp-json\/wp\/v2\/product_cat?post=22778"},{"taxonomy":"product_tag","embeddable":true,"href":"https:\/\/mgvpublications.com\/de\/wp-json\/wp\/v2\/product_tag?post=22778"},{"taxonomy":"item","embeddable":true,"href":"https:\/\/mgvpublications.com\/de\/wp-json\/wp\/v2\/item?post=22778"}],"curies":[{"name":"wp","href":"https:\/\/api.w.org\/{rel}","templated":true}]}}