{"id":22766,"date":"2022-04-08T06:07:50","date_gmt":"2022-04-08T04:07:50","guid":{"rendered":"https:\/\/mgvpublications.com\/o-balonda-babamin-nefesi-var-muhabbet-yazilari-2\/"},"modified":"2022-04-08T06:07:50","modified_gmt":"2022-04-08T04:07:50","slug":"o-balonda-babamin-nefesi-var-muhabbet-yazilari-2","status":"publish","type":"product","link":"https:\/\/mgvpublications.com\/de\/o-balonda-babamin-nefesi-var-muhabbet-yazilari-2\/","title":{"rendered":"O Balonda Babam\u0131n Nefesi Var \/ Muhabbet Yaz\u0131lar\u0131 2"},"content":{"rendered":"<p>Yay\u0131n Tarihi: 28.12.2020<br \/>ISBN: 9786051835785<br \/>Dil: T\u00dcRK\u00c7E<br \/>Sayfa Say\u0131s\u0131: 184<br \/>Cilt Tipi: Karton Kapak<br \/>Ka\u011f\u0131t Cinsi: Kitap Ka\u011f\u0131d\u0131<br \/>Boyut: 13.5 x 21 cm<\/p>","protected":false},"excerpt":{"rendered":"<p>\u0130nsan derdini anlatmak i\u00e7in onlarca yol bulabilir belki k\u00e2ri. Kimi s\u00f6yler, kimi a\u011flar, kimi ka\u00e7ar gider ve kimi de yazar. Ama bence en asil olan\u0131 susmak. Ben yazmay\u0131 s\u00f6ylemekten de\u011fil de susmaktan bir c\u00fcz olarak g\u00f6renlerdenim. Yazarak susmak diye bir h\u00e2l bu bahsetti\u011fim. Kendine saklamaya g\u00fcc\u00fcn\u00fcn yetmediklerinin ard\u0131na saklanmak bir \u00e7e\u015fit. Tan\u0131mad\u0131\u011f\u0131n, tan\u0131\u015fmad\u0131\u011f\u0131n biriyle dertle\u015fmek gibi. Hem s\u00f6ylemek hem de s\u00f6ylememek yani. \u2026 Bu kez Muhabbet Yaz\u0131lar\u0131na daha i\u00e7imi yakan hatta baz\u0131 vakitler beni sinirlendiren meseleler ile ilgili yazd\u0131klar\u0131mla devam edeyim istedim. \u201cO Balonda Babam\u0131n Nefesi Var\u201d diyen bir \u015fehit \u00e7ocu\u011funun c\u00fcmlesi doland\u0131 durdu zihnim\u00adde. San\u0131r\u0131m hi\u00e7bir zaman unutmayaca\u011f\u0131m ve zihnimden \u00e7\u0131\u00adkaramayaca\u011f\u0131m bir c\u00fcmle bu benim i\u00e7in. \u0130\u00e7imi yakanlar\u0131 sana anlatay\u0131m istedim. Ama daha \u00f6nce oldu\u011fu gibi bu kez de hayret ettim benim i\u00e7imi yakan kelimelerin k\u00e2\u011f\u0131tlar\u0131 na\u00ads\u0131l yakmad\u0131\u011f\u0131na.<\/p>","protected":false},"featured_media":22765,"template":"","meta":{"spay_email":""},"product_cat":[168],"product_tag":[],"item":[732],"acf":[],"_links":{"self":[{"href":"https:\/\/mgvpublications.com\/de\/wp-json\/wp\/v2\/product\/22766"}],"collection":[{"href":"https:\/\/mgvpublications.com\/de\/wp-json\/wp\/v2\/product"}],"about":[{"href":"https:\/\/mgvpublications.com\/de\/wp-json\/wp\/v2\/types\/product"}],"wp:featuredmedia":[{"embeddable":true,"href":"https:\/\/mgvpublications.com\/de\/wp-json\/wp\/v2\/media\/22765"}],"wp:attachment":[{"href":"https:\/\/mgvpublications.com\/de\/wp-json\/wp\/v2\/media?parent=22766"}],"wp:term":[{"taxonomy":"product_cat","embeddable":true,"href":"https:\/\/mgvpublications.com\/de\/wp-json\/wp\/v2\/product_cat?post=22766"},{"taxonomy":"product_tag","embeddable":true,"href":"https:\/\/mgvpublications.com\/de\/wp-json\/wp\/v2\/product_tag?post=22766"},{"taxonomy":"item","embeddable":true,"href":"https:\/\/mgvpublications.com\/de\/wp-json\/wp\/v2\/item?post=22766"}],"curies":[{"name":"wp","href":"https:\/\/api.w.org\/{rel}","templated":true}]}}