{"id":22764,"date":"2022-04-08T06:07:49","date_gmt":"2022-04-08T04:07:49","guid":{"rendered":"https:\/\/mgvpublications.com\/kizil-elma-anadolu\/"},"modified":"2022-04-08T06:07:49","modified_gmt":"2022-04-08T04:07:49","slug":"kizil-elma-anadolu","status":"publish","type":"product","link":"https:\/\/mgvpublications.com\/de\/kizil-elma-anadolu\/","title":{"rendered":"K\u0131z\u0131l Elma \/ Anadolu"},"content":{"rendered":"<p>Yay\u0131n Tarihi: 19.01.2021<br \/>ISBN: 9786051833866<br \/>Dil: T\u00dcRK\u00c7E<br \/>Sayfa Say\u0131s\u0131: 328<br \/>Cilt Tipi: Karton Kapak<br \/>Ka\u011f\u0131t Cinsi: Kitap Ka\u011f\u0131d\u0131<br \/>Boyut: 13.5 x 21 cm<\/p>","protected":false},"excerpt":{"rendered":"<p>Zafer, inanmakt\u0131r k\u00e2ri. Ve baz\u0131lar\u0131 \u00f6lseler de zafer kazan\u0131rlar&#8230; Bu millet as\u0131rlard\u0131r bir sanca\u011f\u0131n alt\u0131nda ve bir bayra\u011f\u0131n g\u00f6lgesinde ya\u015fad\u0131. O g\u00f6lge var olduk\u00e7a ve o sancak elde durduk\u00e7a karde\u015flik daim oldu. \u00c7ok eski vakitlerde safran sar\u0131s\u0131 bozk\u0131rlarda atlar\u0131n\u0131 g\u00fcne\u015fin batt\u0131\u011f\u0131 y\u00f6ne s\u00fcren atalar\u0131m\u0131z bizim ya\u015fad\u0131\u011f\u0131m\u0131z bu vakitleri ve bu topraklar\u0131 hayal ettiler. Hayallerinin u\u011frunda her \u015feylerini terk ettiler. Bu bayrak dalgalans\u0131n ve Allah\u2019\u0131n ismi g\u00f6k kubbede yank\u0131lans\u0131n diye \u00e7ok ac\u0131 \u00e7ekti, \u00e7ok can verdi ve \u00e7ok \u00e7ileye katland\u0131lar. \u0130slam sanca\u011f\u0131n\u0131 ellerine al\u0131p, Allah\u2019\u0131n adaletini d\u00fcnyaya yaymak i\u00e7in zalimin kar\u015f\u0131s\u0131na dikildiler. \u2026 \u015eimdi bu sayfalar\u0131 aralad\u0131\u011f\u0131nda seni as\u0131rlar \u00f6ncesine g\u00f6t\u00fcrece\u011fim ve bu diyarlarda nas\u0131l geldi\u011fimizi f\u0131s\u0131ldayaca\u011f\u0131m kula\u011f\u0131na&#8230; Orta Asya bozk\u0131rlar\u0131ndan \u00e7\u0131k\u0131p \u0130stanbul \u00f6nlerine kadar at ko\u015fturan ecdad\u0131n i\u00e7ini yakan fetih ate\u015fini ve \u201cK\u0131z\u0131lelma\u201d mefk\u00fbresini anlataca\u011f\u0131m. Sesleri duyuyor musun? \u015e\u00f6yle diyorlar: \u201cDavam\u0131z nizam-\u0131 \u00e2lem, menzilimiz K\u0131z\u0131lelma ve maksad\u0131m\u0131z i\u2019la-y\u0131 kelimetullah\u2019t\u0131r&#8230;\u201d<\/p>","protected":false},"featured_media":22763,"template":"","meta":{"spay_email":""},"product_cat":[168],"product_tag":[],"item":[732],"acf":[],"_links":{"self":[{"href":"https:\/\/mgvpublications.com\/de\/wp-json\/wp\/v2\/product\/22764"}],"collection":[{"href":"https:\/\/mgvpublications.com\/de\/wp-json\/wp\/v2\/product"}],"about":[{"href":"https:\/\/mgvpublications.com\/de\/wp-json\/wp\/v2\/types\/product"}],"wp:featuredmedia":[{"embeddable":true,"href":"https:\/\/mgvpublications.com\/de\/wp-json\/wp\/v2\/media\/22763"}],"wp:attachment":[{"href":"https:\/\/mgvpublications.com\/de\/wp-json\/wp\/v2\/media?parent=22764"}],"wp:term":[{"taxonomy":"product_cat","embeddable":true,"href":"https:\/\/mgvpublications.com\/de\/wp-json\/wp\/v2\/product_cat?post=22764"},{"taxonomy":"product_tag","embeddable":true,"href":"https:\/\/mgvpublications.com\/de\/wp-json\/wp\/v2\/product_tag?post=22764"},{"taxonomy":"item","embeddable":true,"href":"https:\/\/mgvpublications.com\/de\/wp-json\/wp\/v2\/item?post=22764"}],"curies":[{"name":"wp","href":"https:\/\/api.w.org\/{rel}","templated":true}]}}