{"id":22762,"date":"2022-04-08T06:07:44","date_gmt":"2022-04-08T04:07:44","guid":{"rendered":"https:\/\/mgvpublications.com\/sir-bir-yahya-efendi-romani\/"},"modified":"2022-04-08T06:07:44","modified_gmt":"2022-04-08T04:07:44","slug":"sir-bir-yahya-efendi-romani","status":"publish","type":"product","link":"https:\/\/mgvpublications.com\/de\/sir-bir-yahya-efendi-romani\/","title":{"rendered":"S\u0131r Bir Yahya Efendi Roman\u0131"},"content":{"rendered":"<p>Yay\u0131n Tarihi: 10.07.2021<br \/>ISBN: 9786051626246<br \/>Dil: T\u00dcRK\u00c7E<br \/>Sayfa Say\u0131s\u0131: 208<br \/>Cilt Tipi: Karton Kapak<br \/>Ka\u011f\u0131t Cinsi: Kitap Ka\u011f\u0131d\u0131<br \/>Boyut: 13.5 x 21 cm<\/p>","protected":false},"excerpt":{"rendered":"<p>\u201cBaz\u0131lar\u0131 vard\u0131r ki ya\u015farken \u00f6l\u00fcd\u00fcrler ve baz\u0131lar\u0131 da \u00f6l\u00fcyken diri. G\u00f6nl\u00fc \u00f6l\u00fc olan\u0131n bedeni diri olsa da \u00f6l\u00fcd\u00fcr. G\u00f6nl\u00fcn\u00fcn s\u0131rr\u0131n\u0131 bilen \u00f6lse dahi diri\u2026 \u00d6lmek dedikleri o sebeple hep ayn\u0131 de\u011fildir i\u015fte. Bu \u00e2lemi \u00f6l\u00fc gibi ya\u015fayanlar \u00f6te \u00e2lemde diri gibi dola\u015f\u0131rlar\u201d dedi Yahya Efendi. G\u00f6zlerini k\u0131sarak Be\u015fikta\u015f s\u0131rtlar\u0131ndan deryaya bak\u0131yordu. \u00d6l\u00fcm bedeni \u00f6ld\u00fcr\u00fcyor lakin g\u00f6nl\u00fcne dokunmuyordu insan\u0131n. \u2026 Eskiler \u0130stanbul\u2019un d\u00f6rt manevi muhaf\u0131z\u0131 var diye inan\u0131rlarm\u0131\u015f. \u0130\u015fte Yahya Efendi o d\u00f6rt manevi muhaf\u0131zdan biri\u2026 \u00d6lse de vazifesi bitmeyen bir g\u00f6n\u00fcl eri\u2026 Cihan Sultan\u0131 Kanuni Sultan S\u00fcleyman\u2019\u0131n s\u00fctkarde\u015fi \u0130stanbul\u2019un sahipleri topra\u011f\u0131n \u00fcst\u00fcnde ya\u015fayanlar de\u011fil, alt\u0131nda ya\u015fayanlard\u0131r. \u201c\u00d6l\u00fcms\u00fcz bir a\u015fk m\u0131 istiyorsun o vakit \u00f6l\u00fcms\u00fcz olan bir sevgiliye \u00e2\u015f\u0131k ol\u201d diyor eskiler i\u015fte ben de \u00f6yle bir \u00e2\u015f\u0131ktan bahis a\u00e7\u0131yorum bu kez. Bu d\u00fcnyadan g\u00f6\u00e7\u00fcp giden ama \u00f6lmeyen birinden\u2026 Yahya Efendi\u2019den\u2026 Zira Yunus\u2019un da dedi\u011fi gibi \u201c\u00c2\u015f\u0131klar \u00f6lmez\u2026\u201d \u2026 \u00d6lenler yok mu oluyorlar san\u0131yorsun k\u00e2ri? Ya \u00f6lmeyen \u00f6l\u00fcler de varsa?<\/p>","protected":false},"featured_media":22761,"template":"","meta":{"spay_email":""},"product_cat":[168],"product_tag":[],"item":[732],"acf":[],"_links":{"self":[{"href":"https:\/\/mgvpublications.com\/de\/wp-json\/wp\/v2\/product\/22762"}],"collection":[{"href":"https:\/\/mgvpublications.com\/de\/wp-json\/wp\/v2\/product"}],"about":[{"href":"https:\/\/mgvpublications.com\/de\/wp-json\/wp\/v2\/types\/product"}],"wp:featuredmedia":[{"embeddable":true,"href":"https:\/\/mgvpublications.com\/de\/wp-json\/wp\/v2\/media\/22761"}],"wp:attachment":[{"href":"https:\/\/mgvpublications.com\/de\/wp-json\/wp\/v2\/media?parent=22762"}],"wp:term":[{"taxonomy":"product_cat","embeddable":true,"href":"https:\/\/mgvpublications.com\/de\/wp-json\/wp\/v2\/product_cat?post=22762"},{"taxonomy":"product_tag","embeddable":true,"href":"https:\/\/mgvpublications.com\/de\/wp-json\/wp\/v2\/product_tag?post=22762"},{"taxonomy":"item","embeddable":true,"href":"https:\/\/mgvpublications.com\/de\/wp-json\/wp\/v2\/item?post=22762"}],"curies":[{"name":"wp","href":"https:\/\/api.w.org\/{rel}","templated":true}]}}