{"id":22756,"date":"2022-04-08T06:07:36","date_gmt":"2022-04-08T04:07:36","guid":{"rendered":"https:\/\/mgvpublications.com\/kirildigin-yerden-cicek-acacaksin\/"},"modified":"2022-04-08T06:07:36","modified_gmt":"2022-04-08T04:07:36","slug":"kirildigin-yerden-cicek-acacaksin","status":"publish","type":"product","link":"https:\/\/mgvpublications.com\/de\/kirildigin-yerden-cicek-acacaksin\/","title":{"rendered":"K\u0131r\u0131ld\u0131\u011f\u0131n Yerden \u00c7i\u00e7ek A\u00e7acaks\u0131n"},"content":{"rendered":"<p>Yay\u0131n Tarihi: 15.02.2022<br \/>ISBN: 9786258043297<br \/>Dil: T\u00dcRK\u00c7E<br \/>Sayfa Say\u0131s\u0131: 160<br \/>Cilt Tipi: Karton Kapak<br \/>Ka\u011f\u0131t Cinsi: Kitap Ka\u011f\u0131d\u0131<br \/>Boyut: 13.5 x 21 cm<\/p>","protected":false},"excerpt":{"rendered":"<p>Kaybetmenin tad\u0131na bir defa olsun bakmak gerekiyordu. Ancak kaybettik\u00e7e kazanmaya ba\u015fl\u0131yordu insan. Senden istedi\u011fini koparana kadar m\u00fccadelesi bitmiyordu ya\u015fam\u0131n ve sadece, senden istediklerini koparm\u0131\u015f insanlarla yol devam ediyordu. Di\u011ferleri g\u00fcven yoksunu birer budalayd\u0131. G\u00fcven, istedi\u011fini verdi\u011fin ki\u015filerle var oluyordu. De\u011fi\u015ftiklerinde anl\u0131yordun unutmaktan ba\u015fka se\u00e7enek b\u0131rakmad\u0131klar\u0131n\u0131. Onlars\u0131z hayat\u0131n nas\u0131l da ak\u0131c\u0131 oldu\u011funu yeniden ke\u015ffetmenin hazz\u0131 ile sal\u0131veriyordun kendini dinginli\u011fe. Dikine \u00e7atlam\u0131\u015f bir bardaktan s\u0131zan kaynar \u00e7ay gibi koyveriyordun t\u00fcm birikmi\u015flikleri durduk yere. Tahamm\u00fcl s\u0131n\u0131r\u0131n\u0131 \u00e7oktan a\u015fm\u0131\u015f fikriyat ve kalbin, g\u00fcvensizlik sinyali veren t\u00fcm l\u00fczumsuzlar\u0131 devre d\u0131\u015f\u0131 b\u0131rak\u0131p hak edilmi\u015f mutluluklar s\u0131k\u0131\u015ft\u0131r\u0131yordu onlar\u0131n yerlerine. Bug\u00fcne kadar geli\u015fig\u00fczel t\u0131k\u0131\u015ft\u0131rd\u0131\u011f\u0131n her \u015fey oraya buraya savrulurken y\u0131rt\u0131k bir cepten f\u0131rlarcas\u0131na, umursamadan y\u00fcr\u00fcmeye devam ediyordun. Umursad\u0131k\u00e7a umursanmayan oldu\u011funun idrakine vard\u0131\u011f\u0131ndan beri daha kolay \u00e7izik atmay\u0131 \u00f6\u011frenmi\u015ftin y\u00fcrek fihristine. Bu noktada geriye d\u00f6n\u00fcp bakma gereksizli\u011finin bilincinde, ileri ad\u0131m att\u0131\u011f\u0131n s\u00fcrece ba\u015far\u0131ya bir ad\u0131m daha yakla\u015f\u0131yordun. K\u0131r\u0131ld\u0131k\u00e7a \u00e7i\u00e7ekleniyor, \u00e7i\u00e7ek a\u00e7t\u0131k\u00e7a g\u00fc\u00e7leniyordun. \u00c7\u00fcnk\u00fc biliyordun ki her yenilgi, kendini bulman i\u00e7in bir \u00f6\u011fretiydi ve sen bunca olumsuzluk i\u00e7inden yepyeni, umut dolu kazan\u0131mlar\u0131 al\u0131p, y\u00fcrek heybene koyup yola \u00f6yle devam edecektin. Etmek zorundayd\u0131n hatta. Aksi h\u00e2lde olumsuzluklara tak\u0131l\u0131 kalmak, i\u00e7inden \u00e7\u0131k\u0131lamayacak koca bir kaos ve zaman kayb\u0131 olacakt\u0131. Yol varmak i\u00e7in de\u011fildi, m\u00fccadele ettik\u00e7e ula\u015f\u0131lmaz oluyordu. Yakla\u015ft\u0131k\u00e7a bir miktar daha uzuyor ama bir t\u00fcrl\u00fc var\u0131lm\u0131yordu. G\u00fcvenlik ihlali yapan g\u00fcvensizler de \u00e7\u0131km\u0131\u015ft\u0131 hayat\u0131ndan fakat bir t\u00fcrl\u00fc istenilen dengeyi sa\u011flayam\u0131yordun. Peki, ne yapmak gerekiyordu yolun hedef k\u0131sm\u0131na varmak i\u00e7in ve ne eksikti? \u0130\u015fte bu kitap, sana eksikliklerini g\u00f6stermesi ve \u015fifa olmas\u0131 i\u00e7in yaz\u0131ld\u0131. Sadece oku ve c\u00fcmlelere s\u0131ms\u0131k\u0131 sar\u0131l. \u00c7\u00fcnk\u00fc okuyunca K\u0131r\u0131ld\u0131\u011f\u0131n Yerden \u00c7i\u00e7ek A\u00e7acaks\u0131n!<\/p>","protected":false},"featured_media":22755,"template":"","meta":{"spay_email":""},"product_cat":[168],"product_tag":[],"item":[1362],"acf":[],"_links":{"self":[{"href":"https:\/\/mgvpublications.com\/de\/wp-json\/wp\/v2\/product\/22756"}],"collection":[{"href":"https:\/\/mgvpublications.com\/de\/wp-json\/wp\/v2\/product"}],"about":[{"href":"https:\/\/mgvpublications.com\/de\/wp-json\/wp\/v2\/types\/product"}],"wp:featuredmedia":[{"embeddable":true,"href":"https:\/\/mgvpublications.com\/de\/wp-json\/wp\/v2\/media\/22755"}],"wp:attachment":[{"href":"https:\/\/mgvpublications.com\/de\/wp-json\/wp\/v2\/media?parent=22756"}],"wp:term":[{"taxonomy":"product_cat","embeddable":true,"href":"https:\/\/mgvpublications.com\/de\/wp-json\/wp\/v2\/product_cat?post=22756"},{"taxonomy":"product_tag","embeddable":true,"href":"https:\/\/mgvpublications.com\/de\/wp-json\/wp\/v2\/product_tag?post=22756"},{"taxonomy":"item","embeddable":true,"href":"https:\/\/mgvpublications.com\/de\/wp-json\/wp\/v2\/item?post=22756"}],"curies":[{"name":"wp","href":"https:\/\/api.w.org\/{rel}","templated":true}]}}