{"id":22754,"date":"2022-04-08T06:07:31","date_gmt":"2022-04-08T04:07:31","guid":{"rendered":"https:\/\/mgvpublications.com\/buyuk-islam-ilmihali-kitap-kagidi-ciltsiz\/"},"modified":"2025-03-27T04:39:05","modified_gmt":"2025-03-27T03:39:05","slug":"buyuk-islam-ilmihali-kitap-kagidi-ciltsiz","status":"publish","type":"product","link":"https:\/\/mgvpublications.com\/de\/buyuk-islam-ilmihali-kitap-kagidi-ciltsiz\/","title":{"rendered":"B\u00fcy\u00fck \u0130slam \u0130lmihali (Kitap Ka\u011f\u0131d\u0131-Ciltsiz)"},"content":{"rendered":"<p>Yay\u0131n Tarihi: 14.10.2014<br \/>ISBN: 9786055094713<br \/>Dil: T\u00dcRK\u00c7E<br \/>Sayfa Say\u0131s\u0131: 612<br \/>Cilt Tipi: Karton Kapak<br \/>Ka\u011f\u0131t Cinsi: Kitap Ka\u011f\u0131d\u0131<br \/>Boyut: 15 x 22 cm<br \/>Sadele\u015ftiren: Mehmet Talu<\/p>","protected":false},"excerpt":{"rendered":"<p>Muhterem Okuyucu! Elinizdeki bu eser, Fatih Dersimalar\u0131ndan emekli Diyanet i\u015fleri reisi, merhum \u00d6mer Nasuhi Bilmen&#8217;in, &#8220;B\u00fcy\u00fck \u0130slam \u0130lmihali&#8221; adl\u0131 bu k\u0131ymetli eserin sadele\u015ftirilmesi ile meydana gelmi\u015ftir. Bilindi\u011fi gibi ilmihal; her m\u00fcsl\u00fcman\u0131n mutlaka bilmesi gerekli, farz-\u0131 ayn olan; ba\u015fta temel iman bilgileri ile taharet, ibadet usullerini, nikah-talak ve helal-haram gibi dini hususlar\u0131 \u00f6\u011fretmet \u00fczere yaz\u0131lm\u0131\u015f olan dini kitapt\u0131r. Elinizdeki &#8220;B\u00fcy\u00fck \u0130slam \u0130lmihali&#8221;, m\u00fcsl\u00fcmanlar i\u00e7in yap\u0131lm\u0131\u015f b\u00fcy\u00fcyk hizmetlerin ba\u015f\u0131ndad\u0131r. Her m\u00fcsl\u00fcman\u0131n evinde bulunmas\u0131 gereken bu eser bir\u00e7ok dini meseleleri ihtiva etmektedir.<\/p>","protected":false},"featured_media":22753,"template":"","meta":{"spay_email":""},"product_cat":[174],"product_tag":[],"item":[404],"acf":[],"_links":{"self":[{"href":"https:\/\/mgvpublications.com\/de\/wp-json\/wp\/v2\/product\/22754"}],"collection":[{"href":"https:\/\/mgvpublications.com\/de\/wp-json\/wp\/v2\/product"}],"about":[{"href":"https:\/\/mgvpublications.com\/de\/wp-json\/wp\/v2\/types\/product"}],"wp:featuredmedia":[{"embeddable":true,"href":"https:\/\/mgvpublications.com\/de\/wp-json\/wp\/v2\/media\/22753"}],"wp:attachment":[{"href":"https:\/\/mgvpublications.com\/de\/wp-json\/wp\/v2\/media?parent=22754"}],"wp:term":[{"taxonomy":"product_cat","embeddable":true,"href":"https:\/\/mgvpublications.com\/de\/wp-json\/wp\/v2\/product_cat?post=22754"},{"taxonomy":"product_tag","embeddable":true,"href":"https:\/\/mgvpublications.com\/de\/wp-json\/wp\/v2\/product_tag?post=22754"},{"taxonomy":"item","embeddable":true,"href":"https:\/\/mgvpublications.com\/de\/wp-json\/wp\/v2\/item?post=22754"}],"curies":[{"name":"wp","href":"https:\/\/api.w.org\/{rel}","templated":true}]}}