{"id":22750,"date":"2022-04-08T06:07:25","date_gmt":"2022-04-08T04:07:25","guid":{"rendered":"https:\/\/mgvpublications.com\/yasamin-gizli-isaretleri-yaklasan-hadiselerin-metafizigi\/"},"modified":"2022-04-08T06:07:25","modified_gmt":"2022-04-08T04:07:25","slug":"yasamin-gizli-isaretleri-yaklasan-hadiselerin-metafizigi","status":"publish","type":"product","link":"https:\/\/mgvpublications.com\/de\/yasamin-gizli-isaretleri-yaklasan-hadiselerin-metafizigi\/","title":{"rendered":"Ya\u015fam\u0131n Gizli \u0130\u015faretleri &#8211; Yakla\u015fan Hadiselerin Metafizi\u011fi"},"content":{"rendered":"<p>Yay\u0131n Tarihi: 13.05.2019<br \/>ISBN: 9786052214978<br \/>Dil: T\u00dcRK\u00c7E<br \/>Sayfa Say\u0131s\u0131: 184<br \/>Cilt Tipi: Karton Kapak<br \/>Ka\u011f\u0131t Cinsi: Kitap Ka\u011f\u0131d\u0131<br \/>Boyut: 13.5 x 21 cm<\/p>","protected":false},"excerpt":{"rendered":"<p>G\u00fcndelik ya\u015fam sahnelerinin \u00f6zel bir dili vard\u0131r. Elimizdeki barda\u011f\u0131n d\u00fc\u015f\u00fcp k\u0131r\u0131lmas\u0131na var\u0131ncaya kadar, her ya\u015fam sahnesi bir i\u015farettir. G\u00fcn i\u00e7erisinde semboller ve hadiseler \u00fczerinden insana bir\u00e7ok mesaj ula\u015ft\u0131r\u0131l\u0131r. Bir\u00e7o\u011fumuz bu \u00f6zel y\u00f6nlendirmeleri lay\u0131k\u0131yla anlay\u0131p de\u011ferlendiremeyiz. Hadiselerin \u00f6zel dilini \u00e7\u00f6zemeyen, onlar\u0131n getirdi\u011fi manidar mesajlar\u0131 fark edemeyen insanlar i\u00e7in bir i\u015faret dili e\u011fitimine ihtiya\u00e7 vard\u0131r. Bir konu\u015fmac\u0131y\u0131, dinleyen herkesin ayn\u0131 seviyede anlayamamas\u0131 gibi, ya\u015fanan hadiseleri de herkesin ayn\u0131 seviyede yorumlamas\u0131 beklenemez. Varl\u0131k dilsiz de\u011fildir, kimine ba\u011f\u0131rarak kimine f\u0131s\u0131ldayarak da olsa herkesle konu\u015fur. Hadiseler, ak\u0131p giden varl\u0131k nehri \u00fczerindeki en hikmetli par\u0131lt\u0131lard\u0131r. Evrende gayesiz tek bir nesne g\u00f6sterilemedi\u011fi gibi, rastlant\u0131sal hi\u00e7bir olay da yoktur. Ba\u015fa gelen irili ufakl\u0131 her hadise bir\u00e7ok gaye ve hikmet ta\u015f\u0131r. G\u00fcndelik her hadise de, Rabbimizin bize g\u00f6nderdi\u011fi \u00f6zel bir iletidir; anlam, mesaj ve i\u015faretler y\u00fckl\u00fc birer sembold\u00fcr. Ya\u015fam, y\u00f6nlendirici ve haberci i\u015faretlerle dolup ta\u015fmaktad\u0131r. Hayat\u0131n beden dilini okumay\u0131 \u00f6\u011frenen biri, her olaydan, her ya\u015fam sahnesinden kendisi i\u00e7in can al\u0131c\u0131 y\u00f6nlendirmeler \u00e7\u0131karabilir. G\u00fcndelik hadiselerin ta\u015f\u0131d\u0131\u011f\u0131 \u00f6zel anlamlar\u0131, verdi\u011fi manidar mesajlar\u0131 do\u011fru okuyabilmek i\u00e7in Kur\u2019an-\u0131 Kerim ayetlerinden, Peygamberimizin (sav) hadislerinden ve sufilerin -\u00e7o\u011fu tozlu raflarda kalm\u0131\u015f- ki\u015fisel tecr\u00fcbelerinden faydalanarak \u00e2deta bir \u201ck\u0131sayol haritas\u0131\u201d \u00e7\u0131karan Ya\u015fam\u0131n Gizli \u0130\u015faretleri, ruhundaki y\u00f6n bulma ihtiyac\u0131n\u0131n fark\u0131nda olanlara sunulmu\u015f ezber bozan bir \u201cg\u00f6rme ve anlama\u201d at\u00f6lyesi\u2026<\/p>","protected":false},"featured_media":22749,"template":"","meta":{"spay_email":""},"product_cat":[174],"product_tag":[],"item":[685],"acf":[],"_links":{"self":[{"href":"https:\/\/mgvpublications.com\/de\/wp-json\/wp\/v2\/product\/22750"}],"collection":[{"href":"https:\/\/mgvpublications.com\/de\/wp-json\/wp\/v2\/product"}],"about":[{"href":"https:\/\/mgvpublications.com\/de\/wp-json\/wp\/v2\/types\/product"}],"wp:featuredmedia":[{"embeddable":true,"href":"https:\/\/mgvpublications.com\/de\/wp-json\/wp\/v2\/media\/22749"}],"wp:attachment":[{"href":"https:\/\/mgvpublications.com\/de\/wp-json\/wp\/v2\/media?parent=22750"}],"wp:term":[{"taxonomy":"product_cat","embeddable":true,"href":"https:\/\/mgvpublications.com\/de\/wp-json\/wp\/v2\/product_cat?post=22750"},{"taxonomy":"product_tag","embeddable":true,"href":"https:\/\/mgvpublications.com\/de\/wp-json\/wp\/v2\/product_tag?post=22750"},{"taxonomy":"item","embeddable":true,"href":"https:\/\/mgvpublications.com\/de\/wp-json\/wp\/v2\/item?post=22750"}],"curies":[{"name":"wp","href":"https:\/\/api.w.org\/{rel}","templated":true}]}}