{"id":22744,"date":"2022-04-08T06:07:19","date_gmt":"2022-04-08T04:07:19","guid":{"rendered":"https:\/\/mgvpublications.com\/sen-ona-asiksin\/"},"modified":"2022-04-08T06:07:19","modified_gmt":"2022-04-08T04:07:19","slug":"sen-ona-asiksin","status":"publish","type":"product","link":"https:\/\/mgvpublications.com\/de\/sen-ona-asiksin\/","title":{"rendered":"Sen O&#8217;na A\u015f\u0131ks\u0131n"},"content":{"rendered":"<p>Yay\u0131n Tarihi: 06.05.2019<br \/>ISBN: 9789752477070<br \/>Dil: T\u00dcRK\u00c7E<br \/>Sayfa Say\u0131s\u0131: 168<br \/>Cilt Tipi: Karton Kapak<br \/>Ka\u011f\u0131t Cinsi: Kitap Ka\u011f\u0131d\u0131<br \/>Boyut: 13.5 x 21 cm<\/p>","protected":false},"excerpt":{"rendered":"<p>D\u00fc\u015f\u00fcn bir, insan kimi seviyorsa ve kim taraf\u0131ndan sevilmeyi arzuluyorsa, ona uygun olmaya \u00e7al\u0131\u015f\u0131r\u2026 D\u00fc\u015f\u00fcn bir, insan \u00e2\u015f\u0131ksa, ma\u015fukunu arzular, hayat\u0131n\u0131n her yerini a\u00e7ar ona, b\u00fct\u00fcn varl\u0131\u011f\u0131n\u0131 adar\u2026 Oturdu\u011funu kalkt\u0131\u011f\u0131n\u0131, s\u00f6yledi\u011fini yapt\u0131\u011f\u0131n\u0131, yalan\u0131n\u0131 hakikatini, eylemini, onu ba\u015flang\u0131\u00e7 ve biti\u015f diye g\u00f6r\u00fcr de ona g\u00f6re ayarlar. O, art\u0131k onun kam\u00e7\u0131s\u0131d\u0131r, derdidir. Ve d\u00fc\u015f\u00fcn bir, d\u00fcnya hayat\u0131nda b\u00f6yle bir kutup bulabilir misin? Buldun say, nefs nefse ne kadar ya\u015fatabileceksin o a\u015fk\u0131? O kutup seni nereye ta\u015f\u0131yacak? Oysa d\u00fc\u015f\u00fcn bir, a\u015fk\u0131n ba\u015flang\u0131c\u0131 Resulullah olsa, varaca\u011f\u0131 yer neresidir? &#8220;Ben gizli bir hazine idim; bilinmek istedim.\u201d<\/p>","protected":false},"featured_media":22743,"template":"","meta":{"spay_email":""},"product_cat":[168],"product_tag":[],"item":[685],"acf":[],"_links":{"self":[{"href":"https:\/\/mgvpublications.com\/de\/wp-json\/wp\/v2\/product\/22744"}],"collection":[{"href":"https:\/\/mgvpublications.com\/de\/wp-json\/wp\/v2\/product"}],"about":[{"href":"https:\/\/mgvpublications.com\/de\/wp-json\/wp\/v2\/types\/product"}],"wp:featuredmedia":[{"embeddable":true,"href":"https:\/\/mgvpublications.com\/de\/wp-json\/wp\/v2\/media\/22743"}],"wp:attachment":[{"href":"https:\/\/mgvpublications.com\/de\/wp-json\/wp\/v2\/media?parent=22744"}],"wp:term":[{"taxonomy":"product_cat","embeddable":true,"href":"https:\/\/mgvpublications.com\/de\/wp-json\/wp\/v2\/product_cat?post=22744"},{"taxonomy":"product_tag","embeddable":true,"href":"https:\/\/mgvpublications.com\/de\/wp-json\/wp\/v2\/product_tag?post=22744"},{"taxonomy":"item","embeddable":true,"href":"https:\/\/mgvpublications.com\/de\/wp-json\/wp\/v2\/item?post=22744"}],"curies":[{"name":"wp","href":"https:\/\/api.w.org\/{rel}","templated":true}]}}