{"id":22736,"date":"2022-04-08T06:07:07","date_gmt":"2022-04-08T04:07:07","guid":{"rendered":"https:\/\/mgvpublications.com\/fare-fasol-1-kedibuken\/"},"modified":"2022-04-08T06:07:07","modified_gmt":"2022-04-08T04:07:07","slug":"fare-fasol-1-kedibuken","status":"publish","type":"product","link":"https:\/\/mgvpublications.com\/de\/fare-fasol-1-kedibuken\/","title":{"rendered":"Fare Fasol 1 \u2013 Kedib\u00fcken"},"content":{"rendered":"<p>Yay\u0131n Tarihi: 03.10.2019<br \/>ISBN: 9786052297155<br \/>Dil: T\u00dcRK\u00c7E<br \/>Sayfa Say\u0131s\u0131: 120<br \/>Cilt Tipi: Karton Kapak<br \/>Ka\u011f\u0131t Cinsi: Kitap Ka\u011f\u0131d\u0131<br \/>Boyut: 13.5 x 21 cm<br \/>\u00c7izer: Volkan Akme\u015fe<br \/>Di\u011fer \u00d6zellik: 8+ Ya\u015f<\/p>","protected":false},"excerpt":{"rendered":"<p>Ben Fare. Fare Fasol. Yani ad\u0131m Fare, soyad\u0131m Fasol. S\u00fcrekli ad\u0131m\u0131, soyad\u0131m\u0131 anlatmaktan yoruldum. Tan\u0131\u015ft\u0131ysak esas konuya girelim. D\u00fcnyan\u0131n ilk k\u00f6\u015fe yazar\u0131 faresinin d\u00fcnyas\u0131na ho\u015f geldiniz. Bu d\u00fcnyada baltal\u0131 vampir kom\u015fular, yer alt\u0131 \u015fehirleri ve kemirme bilgisi dersinden y\u00fcksek not alma s\u0131rlar\u0131 var. Bu d\u00fcnya, keskin di\u015fler ile keskin zek\u00e2lar\u0131n kar\u015f\u0131la\u015ft\u0131\u011f\u0131 yer\u2026 Bu d\u00fcnya, fare masallar\u0131n\u0131n gizemli d\u00fcnyas\u0131\u2026 Bu d\u00fcnya, size uzak ve k\u00fc\u00e7\u00fck gibi g\u00f6r\u00fcnse de asl\u0131nda sizin d\u00fcnyan\u0131z\u0131n ayn\u0131s\u0131. Belki de buras\u0131 sizin d\u00fcnyan\u0131z. Tekrar ho\u015f geldiniz\u2026<\/p>","protected":false},"featured_media":22735,"template":"","meta":{"spay_email":""},"product_cat":[172],"product_tag":[],"item":[1085],"acf":[],"_links":{"self":[{"href":"https:\/\/mgvpublications.com\/de\/wp-json\/wp\/v2\/product\/22736"}],"collection":[{"href":"https:\/\/mgvpublications.com\/de\/wp-json\/wp\/v2\/product"}],"about":[{"href":"https:\/\/mgvpublications.com\/de\/wp-json\/wp\/v2\/types\/product"}],"wp:featuredmedia":[{"embeddable":true,"href":"https:\/\/mgvpublications.com\/de\/wp-json\/wp\/v2\/media\/22735"}],"wp:attachment":[{"href":"https:\/\/mgvpublications.com\/de\/wp-json\/wp\/v2\/media?parent=22736"}],"wp:term":[{"taxonomy":"product_cat","embeddable":true,"href":"https:\/\/mgvpublications.com\/de\/wp-json\/wp\/v2\/product_cat?post=22736"},{"taxonomy":"product_tag","embeddable":true,"href":"https:\/\/mgvpublications.com\/de\/wp-json\/wp\/v2\/product_tag?post=22736"},{"taxonomy":"item","embeddable":true,"href":"https:\/\/mgvpublications.com\/de\/wp-json\/wp\/v2\/item?post=22736"}],"curies":[{"name":"wp","href":"https:\/\/api.w.org\/{rel}","templated":true}]}}