{"id":22723,"date":"2022-03-30T13:53:08","date_gmt":"2022-03-30T11:53:08","guid":{"rendered":"https:\/\/mgvpublications.com\/?post_type=product&#038;p=22723"},"modified":"2022-06-08T10:23:23","modified_gmt":"2022-06-08T08:23:23","slug":"hikayelerle-kisa-sureler-kureys-suresi","status":"publish","type":"product","link":"https:\/\/mgvpublications.com\/de\/hikayelerle-kisa-sureler-kureys-suresi\/","title":{"rendered":"H\u0130K\u00c2YELERLE KISA SURELER KUREY\u015e SURES\u0130"},"content":{"rendered":"<p>T\u00fcr\u00fc:\u00c7OCUK<\/p>\n<p>Bas\u0131m Y\u0131l\u0131: \u015eUBAT 2022 1.Bask\u0131<\/p>\n<p>Kitab\u0131n Ad\u0131: H\u0130K\u00c2YELERLE KISA SURELER KUREY\u015e SURES\u0130<\/p>\n<p>Yazar\u0131: ESRA \u00c7EK\u0130C\u0130 DEM\u0130R<\/p>\n<p>Sayfa Say\u0131s\u0131: 16<\/p>\n<p>Bask\u0131 \u00d6zellikleri: Karton Kapak, KU\u015eE KA\u011eIT<\/p>\n<p>Ebat: 19 x 26 cm<\/p>\n<p>ISBN:9786054952229<\/p>","protected":false},"excerpt":{"rendered":"<p>Siz hi\u00e7 k\u00f6t\u00fc adamlar\u0131n yolculara zarar verdi\u011fi tehlikeli yollardan ge\u00e7mek zorunda kald\u0131n\u0131z m\u0131 ? Peki Kabenin kom\u015fusu olan Kurey\u015fli aileler o yoldan ge\u00e7mek zorundalar desem, ne dersiniz?<\/p>\n<p>\u0130\u015fte namaz k\u0131larken s\u0131k\u00e7a okudu\u011fumuz Kurey\u015f Suresi bu tehlikeli yolculu\u011fu anlat\u0131yor.<\/p>\n<p>Psikolojik Dan\u0131\u015fman Esra Demir, Kurey\u015f Suresini k\u00fc\u00e7\u00fck okurlar\u0131n zihinsel ve psikolojik geli\u015fimine uygun bir bi\u00e7imde hikayele\u015ftirdi.<\/p>\n<p>Bu hikayeyi okurken hem \u00e7ocuklar hem de hikayeyi onlara okuyan anne babalar\u0131 Kurey\u015f suresinin e\u015fsiz s\u0131rlar\u0131n\u0131 ke\u015ffedecek ve Rabbimizin sonsuz merhametine \u015fahit olacaklar.<\/p>","protected":false},"featured_media":22724,"template":"","meta":{"spay_email":""},"product_cat":[172],"product_tag":[],"item":[335],"acf":[],"_links":{"self":[{"href":"https:\/\/mgvpublications.com\/de\/wp-json\/wp\/v2\/product\/22723"}],"collection":[{"href":"https:\/\/mgvpublications.com\/de\/wp-json\/wp\/v2\/product"}],"about":[{"href":"https:\/\/mgvpublications.com\/de\/wp-json\/wp\/v2\/types\/product"}],"wp:featuredmedia":[{"embeddable":true,"href":"https:\/\/mgvpublications.com\/de\/wp-json\/wp\/v2\/media\/22724"}],"wp:attachment":[{"href":"https:\/\/mgvpublications.com\/de\/wp-json\/wp\/v2\/media?parent=22723"}],"wp:term":[{"taxonomy":"product_cat","embeddable":true,"href":"https:\/\/mgvpublications.com\/de\/wp-json\/wp\/v2\/product_cat?post=22723"},{"taxonomy":"product_tag","embeddable":true,"href":"https:\/\/mgvpublications.com\/de\/wp-json\/wp\/v2\/product_tag?post=22723"},{"taxonomy":"item","embeddable":true,"href":"https:\/\/mgvpublications.com\/de\/wp-json\/wp\/v2\/item?post=22723"}],"curies":[{"name":"wp","href":"https:\/\/api.w.org\/{rel}","templated":true}]}}