{"id":22698,"date":"2022-03-23T14:59:29","date_gmt":"2022-03-23T13:59:29","guid":{"rendered":"https:\/\/mgvpublications.com\/?post_type=product&#038;p=22698"},"modified":"2022-03-23T15:00:05","modified_gmt":"2022-03-23T14:00:05","slug":"kurani-nasil-okuyalim","status":"publish","type":"product","link":"https:\/\/mgvpublications.com\/de\/kurani-nasil-okuyalim\/","title":{"rendered":"Kur&#8217;an&#8217;\u0131 Nas\u0131l Okuyal\u0131m"},"content":{"rendered":"<p>\u00c7evirmen:\tProf. Dr. Bekir Karl\u0131\u011fa<br \/>\nOrijinal Ad\u0131:\tkeyfe nakreu&#8217;l kur&#8217;an<br \/>\nISBN:\t        9789753500135<br \/>\nDil:\t        T\u00dcRK\u00c7E<br \/>\nSayfa Say\u0131s\u0131:\t128<br \/>\nCilt Tipi:\tKarton Kapak<br \/>\nKa\u011f\u0131t Cinsi:\t3. Hm. Ka\u011f\u0131t<br \/>\nBoyut:\t        12.5 x 19.5 cm<\/p>","protected":false},"excerpt":{"rendered":"<p>M\u00fcsl\u00fcman i\u00e7in Kur&#8217;an, kar\u015f\u0131s\u0131na \u00e7\u0131kacak her meselede kendisine ba\u015fvurulacak ana m\u00fcracaat kitab\u0131d\u0131r. Bu nedenle Kur&#8217;an, s\u0131radan bir eseri okur gibi bir defa okunup kald\u0131r\u0131lacak bir kitap de\u011fildir. Yine al\u0131\u015f\u0131lagelen \u015fekliyle yaln\u0131z hastalar veya \u00f6l\u00fcler i\u00e7in okunup \u00fcflenen bir kitap da de\u011fildir. O; ahiretin kitab\u0131 oldu\u011fu kadar, d\u00fcnyan\u0131n da kitab\u0131d\u0131r. O, hastalar\u0131n ve \u00f6l\u00fclerin kitab\u0131 olmaktan \u00e7ok, hayat\u0131n ve ya\u015fayanlar\u0131n kitab\u0131d\u0131r.<br \/>\nMuhammed Kutub, bu k\u00fc\u00e7\u00fck eserde, g\u00fcndelik hayat\u0131n problemleri i\u00e7inde, Kur&#8217;an&#8217;\u0131, bir hayat kitab\u0131 olarak okuman\u0131n yollar\u0131n\u0131 g\u00f6stermektedir.<\/p>","protected":false},"featured_media":0,"template":"","meta":{"spay_email":""},"product_cat":[174],"product_tag":[],"item":[1519],"acf":[],"_links":{"self":[{"href":"https:\/\/mgvpublications.com\/de\/wp-json\/wp\/v2\/product\/22698"}],"collection":[{"href":"https:\/\/mgvpublications.com\/de\/wp-json\/wp\/v2\/product"}],"about":[{"href":"https:\/\/mgvpublications.com\/de\/wp-json\/wp\/v2\/types\/product"}],"wp:attachment":[{"href":"https:\/\/mgvpublications.com\/de\/wp-json\/wp\/v2\/media?parent=22698"}],"wp:term":[{"taxonomy":"product_cat","embeddable":true,"href":"https:\/\/mgvpublications.com\/de\/wp-json\/wp\/v2\/product_cat?post=22698"},{"taxonomy":"product_tag","embeddable":true,"href":"https:\/\/mgvpublications.com\/de\/wp-json\/wp\/v2\/product_tag?post=22698"},{"taxonomy":"item","embeddable":true,"href":"https:\/\/mgvpublications.com\/de\/wp-json\/wp\/v2\/item?post=22698"}],"curies":[{"name":"wp","href":"https:\/\/api.w.org\/{rel}","templated":true}]}}