{"id":22657,"date":"2022-03-09T13:17:56","date_gmt":"2022-03-09T12:17:56","guid":{"rendered":"https:\/\/mgvpublications.com\/?post_type=product&#038;p=22657"},"modified":"2023-01-12T21:09:44","modified_gmt":"2023-01-12T20:09:44","slug":"abu-bakr-r-a-ein-beispiel-fur-wahrhaftigkeit","status":"publish","type":"product","link":"https:\/\/mgvpublications.com\/de\/abu-bakr-r-a-ein-beispiel-fur-wahrhaftigkeit\/","title":{"rendered":"Abu Bakr (r.a.) Ein Beispiel f\u00fcr Wahrhaftigkeit"},"content":{"rendered":"<p><strong>Verlag:\u00a0<\/strong>Ilm Verlag<br \/>\n<strong>Sprache:<\/strong>\u00a0Deutsch<br \/>\n<strong>Seitenzahl:<\/strong>\u00a032 Seiten mit Bildern<br \/>\n<strong>Autor:\u00a0<\/strong>Verfasst von einem Sira Gremium<br \/>\n<strong>ISBN:<\/strong>\u00a09786059283427<\/p>","protected":false},"excerpt":{"rendered":"<p><strong>Abu Bakr (r.a.) Ein Beispiel f\u00fcr Wahrhaftigkeit<\/strong><\/p>\n<p>In der Buchreihe &#8220;Die vier Kalifen&#8221; bringen wir unseren Kindern vier ganz besondere und tugendhafte Gef\u00e4hrten unseres Propheten (s.a.s.) n\u00e4her.<\/p>\n<p>Es waren die Fr\u00fcchte des Islam und diejenigen, welche den Weg f\u00fcr den Islam ebneten und die Botschaft, nach dem Ableben des letzten Propehten (s.a.s.), weitertrugen.<\/p>\n<p>Abu Bakr (r.a.) as-Siddiq, derjenige, der die Wahrheit erkennt und die Wahrheit spricht. Er war der Erste der Ersten, welcher ohne zu z\u00f6gern den Islam annahm und der erste Kalif der Muslime.<\/p>\n<p>Wenn es um Tugendhaftigkeit ging, war er allen anderen voraus. Welch wundervollen Eigenschaften zeichnete ihn aus. Wollen wir unsere Kinder aufwachsen lassen, ohne seine Geschichte zu kennen?<\/p>\n<p>Dies w\u00e4re wahrlich ein gro\u00dfes Vers\u00e4umnis liebe Eltern.<\/p>\n<p>Die Texte sind mit zahlreichen Bildern untermalt und sollen dadurch eine kindgerechte Vermittlung dieser edlen Pers\u00f6nlichkeiten erzielen.<\/p>","protected":false},"featured_media":22658,"template":"","meta":{"spay_email":""},"product_cat":[231,172],"product_tag":[],"item":[690],"acf":[],"_links":{"self":[{"href":"https:\/\/mgvpublications.com\/de\/wp-json\/wp\/v2\/product\/22657"}],"collection":[{"href":"https:\/\/mgvpublications.com\/de\/wp-json\/wp\/v2\/product"}],"about":[{"href":"https:\/\/mgvpublications.com\/de\/wp-json\/wp\/v2\/types\/product"}],"wp:featuredmedia":[{"embeddable":true,"href":"https:\/\/mgvpublications.com\/de\/wp-json\/wp\/v2\/media\/22658"}],"wp:attachment":[{"href":"https:\/\/mgvpublications.com\/de\/wp-json\/wp\/v2\/media?parent=22657"}],"wp:term":[{"taxonomy":"product_cat","embeddable":true,"href":"https:\/\/mgvpublications.com\/de\/wp-json\/wp\/v2\/product_cat?post=22657"},{"taxonomy":"product_tag","embeddable":true,"href":"https:\/\/mgvpublications.com\/de\/wp-json\/wp\/v2\/product_tag?post=22657"},{"taxonomy":"item","embeddable":true,"href":"https:\/\/mgvpublications.com\/de\/wp-json\/wp\/v2\/item?post=22657"}],"curies":[{"name":"wp","href":"https:\/\/api.w.org\/{rel}","templated":true}]}}