{"id":22642,"date":"2022-03-07T18:13:28","date_gmt":"2022-03-07T17:13:28","guid":{"rendered":"https:\/\/mgvpublications.com\/?post_type=product&#038;p=22642"},"modified":"2022-03-09T17:47:16","modified_gmt":"2022-03-09T16:47:16","slug":"enteresan-dunya-tarihi-4-islam-tarihi-2","status":"publish","type":"product","link":"https:\/\/mgvpublications.com\/de\/enteresan-dunya-tarihi-4-islam-tarihi-2\/","title":{"rendered":"Enteresan D\u00fcnya Tarihi 4 \/ \u0130slam Tarihi 2"},"content":{"rendered":"<table>\n<tbody>\n<tr>\n<td>Derleyici:<\/td>\n<td><a href=\"https:\/\/www.kitapyurdu.com\/yazar\/zehra-aygul\/55829.html\" target=\"_blank\" rel=\"noopener\">Zehra Ayg\u00fcl<\/a><\/td>\n<\/tr>\n<tr>\n<td>Yay\u0131n Tarihi:<\/td>\n<td>12.10.2021<\/td>\n<\/tr>\n<tr>\n<td>ISBN:<\/td>\n<td>9786257151597<\/td>\n<\/tr>\n<tr>\n<td>Dil:<\/td>\n<td>T\u00dcRK\u00c7E<\/td>\n<\/tr>\n<tr>\n<td>Sayfa Say\u0131s\u0131:<\/td>\n<td>168<\/td>\n<\/tr>\n<tr>\n<td>Cilt Tipi:<\/td>\n<td>Karton Kapak<\/td>\n<\/tr>\n<tr>\n<td>Ka\u011f\u0131t Cinsi:<\/td>\n<td>Kitap Ka\u011f\u0131d\u0131<\/td>\n<\/tr>\n<tr>\n<td>Boyut:<\/td>\n<td>13.5 x 21 cm<\/td>\n<\/tr>\n<tr>\n<td>Di\u011fer \u00d6zellik:<\/td>\n<td>9  Ya\u015f<\/td>\n<\/tr>\n<\/tbody>\n<\/table>","protected":false},"excerpt":{"rendered":"<p>\u015eimdiden s\u00f6yleyelim, uyar\u0131m\u0131z\u0131 yapal\u0131m. Enteresan D\u00fcnya Tarihi Serisi\u2019ni okuman\u0131n olas\u0131 yan etkileri:<br \/>\n\u2014 Tarih derslerinde parmak kald\u0131rmaktan parma\u011f\u0131n\u0131z a\u011fr\u0131yabilir,<br \/>\n\u2014 Kendinizi fena kapt\u0131r\u0131p yolda izde okumaya devam ederken kafan\u0131z k\u00fct diye elektrik dire\u011fine \u00e7arpabilir,<br \/>\n\u2014 Enteresan Kitap Serisi\u2019nde \u00f6\u011frenece\u011finiz m\u00fcthi\u015f bilgileri i\u00e7inizde tutamay\u0131p e\u015fe dosta anlat\u0131nca \u00e7okbilmi\u015flikle su\u00e7lanabilir,<br \/>\n\u2014 Kitap serisini bir an \u00f6nce bitirmek i\u00e7in uykusuz kalabilir, kedinize mama vermeyi unutabilir, sevdi\u011finiz diziyi ka\u00e7\u0131rabilirsiniz.<br \/>\nBizden s\u00f6ylemesi&#8230;<\/p>","protected":false},"featured_media":22643,"template":"","meta":{"spay_email":""},"product_cat":[172],"product_tag":[],"item":[692],"acf":[],"_links":{"self":[{"href":"https:\/\/mgvpublications.com\/de\/wp-json\/wp\/v2\/product\/22642"}],"collection":[{"href":"https:\/\/mgvpublications.com\/de\/wp-json\/wp\/v2\/product"}],"about":[{"href":"https:\/\/mgvpublications.com\/de\/wp-json\/wp\/v2\/types\/product"}],"wp:featuredmedia":[{"embeddable":true,"href":"https:\/\/mgvpublications.com\/de\/wp-json\/wp\/v2\/media\/22643"}],"wp:attachment":[{"href":"https:\/\/mgvpublications.com\/de\/wp-json\/wp\/v2\/media?parent=22642"}],"wp:term":[{"taxonomy":"product_cat","embeddable":true,"href":"https:\/\/mgvpublications.com\/de\/wp-json\/wp\/v2\/product_cat?post=22642"},{"taxonomy":"product_tag","embeddable":true,"href":"https:\/\/mgvpublications.com\/de\/wp-json\/wp\/v2\/product_tag?post=22642"},{"taxonomy":"item","embeddable":true,"href":"https:\/\/mgvpublications.com\/de\/wp-json\/wp\/v2\/item?post=22642"}],"curies":[{"name":"wp","href":"https:\/\/api.w.org\/{rel}","templated":true}]}}