{"id":22637,"date":"2022-03-07T17:14:26","date_gmt":"2022-03-07T16:14:26","guid":{"rendered":"https:\/\/mgvpublications.com\/?post_type=product&#038;p=22637"},"modified":"2022-03-10T10:38:03","modified_gmt":"2022-03-10T09:38:03","slug":"kral-sakir-ingilizce-hayvanlar-muhtisim-egitici-kartlar-2","status":"publish","type":"product","link":"https:\/\/mgvpublications.com\/de\/kral-sakir-ingilizce-hayvanlar-muhtisim-egitici-kartlar-2\/","title":{"rendered":"Kral \u015eakir &#8211; \u0130ngilizce Hayvanlar \/ Muhti\u015fim E\u011fitici Kartlar"},"content":{"rendered":"<table>\n<tbody>\n<tr>\n<td>\u00c7izer:<\/td>\n<td><a href=\"https:\/\/www.kitapyurdu.com\/yazar\/varol-yasaroglu\/202953.html\" target=\"_blank\" rel=\"noopener\">Varol Ya\u015faro\u011flu<\/a><\/td>\n<\/tr>\n<tr>\n<td>Yay\u0131n Tarihi:<\/td>\n<td>24.04.2020<\/td>\n<\/tr>\n<tr>\n<td>ISBN:<\/td>\n<td>9786057690890<\/td>\n<\/tr>\n<tr>\n<td>Dil:<\/td>\n<td>\u0130NG\u0130L\u0130ZCE<\/td>\n<\/tr>\n<tr>\n<td>Sayfa Say\u0131s\u0131:<\/td>\n<td>50<\/td>\n<\/tr>\n<tr>\n<td>Boyut:<\/td>\n<td>9.5 x 7 cm<\/td>\n<\/tr>\n<\/tbody>\n<\/table>","protected":false},"excerpt":{"rendered":"<p><strong>MUHT\u0130\u015e\u0130M E\u011e\u0130T\u0130C\u0130 KARTLAR!<\/strong><br \/>\n<strong>HEM DE ARTTIRILMI\u015e GER\u00c7EKL\u0130KLE!<\/strong><br \/>\nSelam Arkada\u015flar ben \u015eakir! Herkesin bildi\u011fi ismimle Kral \u015eakir!<br \/>\nBu muhti\u015fim kart setimizde hem \u00e7oook e\u011fleniyor hem de hayvanlar\u0131n \u0130ngilizce isimlerini \u00f6\u011freniyoruz.<br \/>\nHeyooo!<\/p>","protected":false},"featured_media":22638,"template":"","meta":{"spay_email":""},"product_cat":[172],"product_tag":[],"item":[1268],"acf":[],"_links":{"self":[{"href":"https:\/\/mgvpublications.com\/de\/wp-json\/wp\/v2\/product\/22637"}],"collection":[{"href":"https:\/\/mgvpublications.com\/de\/wp-json\/wp\/v2\/product"}],"about":[{"href":"https:\/\/mgvpublications.com\/de\/wp-json\/wp\/v2\/types\/product"}],"wp:featuredmedia":[{"embeddable":true,"href":"https:\/\/mgvpublications.com\/de\/wp-json\/wp\/v2\/media\/22638"}],"wp:attachment":[{"href":"https:\/\/mgvpublications.com\/de\/wp-json\/wp\/v2\/media?parent=22637"}],"wp:term":[{"taxonomy":"product_cat","embeddable":true,"href":"https:\/\/mgvpublications.com\/de\/wp-json\/wp\/v2\/product_cat?post=22637"},{"taxonomy":"product_tag","embeddable":true,"href":"https:\/\/mgvpublications.com\/de\/wp-json\/wp\/v2\/product_tag?post=22637"},{"taxonomy":"item","embeddable":true,"href":"https:\/\/mgvpublications.com\/de\/wp-json\/wp\/v2\/item?post=22637"}],"curies":[{"name":"wp","href":"https:\/\/api.w.org\/{rel}","templated":true}]}}