{"id":22632,"date":"2022-03-07T16:51:00","date_gmt":"2022-03-07T15:51:00","guid":{"rendered":"https:\/\/mgvpublications.com\/?post_type=product&#038;p=22632"},"modified":"2022-03-09T17:50:53","modified_gmt":"2022-03-09T16:50:53","slug":"cocuklar-icin-dini-kitaplar-6-kitap","status":"publish","type":"product","link":"https:\/\/mgvpublications.com\/de\/cocuklar-icin-dini-kitaplar-6-kitap\/","title":{"rendered":"\u00c7ocuklar \u0130\u00e7in Dini Kitaplar (6 Kitap)"},"content":{"rendered":"<div class=\"attributes\">\n<table>\n<tbody>\n<tr>\n<td>Yay\u0131n Tarihi:<\/td>\n<td>09.09.2020<\/td>\n<\/tr>\n<tr>\n<td>ISBN:<\/td>\n<td>5330006480014<\/td>\n<\/tr>\n<tr>\n<td>Dil:<\/td>\n<td>T\u00dcRK\u00c7E<\/td>\n<\/tr>\n<tr>\n<td>Sayfa Say\u0131s\u0131:<\/td>\n<td>880<\/td>\n<\/tr>\n<tr>\n<td>Cilt Tipi:<\/td>\n<td>Karton Kapak<\/td>\n<\/tr>\n<tr>\n<td>Ka\u011f\u0131t Cinsi:<\/td>\n<td>Kitap Ka\u011f\u0131d\u0131<\/td>\n<\/tr>\n<tr>\n<td>Boyut:<\/td>\n<td>16.5 x 23.5 cm<\/td>\n<\/tr>\n<\/tbody>\n<\/table>\n<\/div>","protected":false},"excerpt":{"rendered":"<p>Yay\u0131n Tarihi: 09.09.2020 ISBN: 5330006480014 Dil: T\u00dcRK\u00c7E Sayfa Say\u0131s\u0131: 880 Cilt Tipi: Karton Kapak Ka\u011f\u0131t Cinsi: Kitap Ka\u011f\u0131d\u0131 Boyut: 16.5 x 23.5 cm<\/p>","protected":false},"featured_media":22633,"template":"","meta":{"spay_email":""},"product_cat":[172],"product_tag":[],"item":[692],"acf":[],"_links":{"self":[{"href":"https:\/\/mgvpublications.com\/de\/wp-json\/wp\/v2\/product\/22632"}],"collection":[{"href":"https:\/\/mgvpublications.com\/de\/wp-json\/wp\/v2\/product"}],"about":[{"href":"https:\/\/mgvpublications.com\/de\/wp-json\/wp\/v2\/types\/product"}],"wp:featuredmedia":[{"embeddable":true,"href":"https:\/\/mgvpublications.com\/de\/wp-json\/wp\/v2\/media\/22633"}],"wp:attachment":[{"href":"https:\/\/mgvpublications.com\/de\/wp-json\/wp\/v2\/media?parent=22632"}],"wp:term":[{"taxonomy":"product_cat","embeddable":true,"href":"https:\/\/mgvpublications.com\/de\/wp-json\/wp\/v2\/product_cat?post=22632"},{"taxonomy":"product_tag","embeddable":true,"href":"https:\/\/mgvpublications.com\/de\/wp-json\/wp\/v2\/product_tag?post=22632"},{"taxonomy":"item","embeddable":true,"href":"https:\/\/mgvpublications.com\/de\/wp-json\/wp\/v2\/item?post=22632"}],"curies":[{"name":"wp","href":"https:\/\/api.w.org\/{rel}","templated":true}]}}