{"id":22630,"date":"2022-03-07T16:37:37","date_gmt":"2022-03-07T15:37:37","guid":{"rendered":"https:\/\/mgvpublications.com\/?post_type=product&#038;p=22630"},"modified":"2022-03-08T22:58:18","modified_gmt":"2022-03-08T21:58:18","slug":"dinimi-ogreniyorum-10-kitap-takim","status":"publish","type":"product","link":"https:\/\/mgvpublications.com\/de\/dinimi-ogreniyorum-10-kitap-takim\/","title":{"rendered":"Dinimi \u00d6\u011freniyorum (10 Kitap Tak\u0131m)"},"content":{"rendered":"<table>\n<tbody>\n<tr>\n<td>Yay\u0131n Tarihi:<\/td>\n<td>12.02.2021<\/td>\n<\/tr>\n<tr>\n<td>ISBN:<\/td>\n<td>9789752637344<\/td>\n<\/tr>\n<tr>\n<td>Dil:<\/td>\n<td>T\u00dcRK\u00c7E<\/td>\n<\/tr>\n<tr>\n<td>Sayfa Say\u0131s\u0131:<\/td>\n<td>320<\/td>\n<\/tr>\n<tr>\n<td>Cilt Tipi:<\/td>\n<td>Karton Kapak<\/td>\n<\/tr>\n<tr>\n<td>Ka\u011f\u0131t Cinsi:<\/td>\n<td>Ku\u015fe Ka\u011f\u0131t<\/td>\n<\/tr>\n<tr>\n<td>Boyut:<\/td>\n<td>20 x 26 cm<\/td>\n<\/tr>\n<\/tbody>\n<\/table>","protected":false},"excerpt":{"rendered":"<p>Allah&#8217;a Te\u015fekk\u00fcr Ediyorum<br \/>\nAllah&#8217;\u0131n G\u00fczel \u0130simlerini Biliyorum<br \/>\nBeni Kimin Yaratt\u0131\u011f\u0131n\u0131 Biliyorum<br \/>\nCenneti Merak Ediyorum<br \/>\nDua Etmeyi Biliyorum<br \/>\nKitab\u0131m\u0131n Kur&#8217;an Oldu\u011funu Biliyorum<br \/>\nMelekler Beni Seviyor<br \/>\nNamaz K\u0131lmay\u0131 Seviyorum<br \/>\nOru\u00e7 Tutmay\u0131 Seviyorum<br \/>\nPeygamberimin Kim Oldu\u011funu Biliyorum<\/p>","protected":false},"featured_media":22631,"template":"","meta":{"spay_email":""},"product_cat":[172],"product_tag":[],"item":[360],"acf":[],"_links":{"self":[{"href":"https:\/\/mgvpublications.com\/de\/wp-json\/wp\/v2\/product\/22630"}],"collection":[{"href":"https:\/\/mgvpublications.com\/de\/wp-json\/wp\/v2\/product"}],"about":[{"href":"https:\/\/mgvpublications.com\/de\/wp-json\/wp\/v2\/types\/product"}],"wp:featuredmedia":[{"embeddable":true,"href":"https:\/\/mgvpublications.com\/de\/wp-json\/wp\/v2\/media\/22631"}],"wp:attachment":[{"href":"https:\/\/mgvpublications.com\/de\/wp-json\/wp\/v2\/media?parent=22630"}],"wp:term":[{"taxonomy":"product_cat","embeddable":true,"href":"https:\/\/mgvpublications.com\/de\/wp-json\/wp\/v2\/product_cat?post=22630"},{"taxonomy":"product_tag","embeddable":true,"href":"https:\/\/mgvpublications.com\/de\/wp-json\/wp\/v2\/product_tag?post=22630"},{"taxonomy":"item","embeddable":true,"href":"https:\/\/mgvpublications.com\/de\/wp-json\/wp\/v2\/item?post=22630"}],"curies":[{"name":"wp","href":"https:\/\/api.w.org\/{rel}","templated":true}]}}