{"id":22627,"date":"2022-03-07T16:31:55","date_gmt":"2022-03-07T15:31:55","guid":{"rendered":"https:\/\/mgvpublications.com\/?post_type=product&#038;p=22627"},"modified":"2022-03-10T10:38:40","modified_gmt":"2022-03-10T09:38:40","slug":"hanim-sahabiler-not-defterim","status":"publish","type":"product","link":"https:\/\/mgvpublications.com\/de\/hanim-sahabiler-not-defterim\/","title":{"rendered":"Han\u0131m Sahabiler Not Defterim"},"content":{"rendered":"<table>\n<tbody>\n<tr>\n<td>Derleyici:<\/td>\n<td><a href=\"https:\/\/www.kitapyurdu.com\/yazar\/muhammed-emin-yildirim\/47641.html\" target=\"_blank\" rel=\"noopener\">Muhammed Emin Y\u0131ld\u0131r\u0131m<\/a><\/td>\n<\/tr>\n<tr>\n<td>Yay\u0131n Tarihi:<\/td>\n<td>29.01.2022<\/td>\n<\/tr>\n<tr>\n<td>ISBN:<\/td>\n<td>9786258015232<\/td>\n<\/tr>\n<tr>\n<td>Dil:<\/td>\n<td>T\u00dcRK\u00c7E<\/td>\n<\/tr>\n<tr>\n<td>Sayfa Say\u0131s\u0131:<\/td>\n<td>312<\/td>\n<\/tr>\n<tr>\n<td>Cilt Tipi:<\/td>\n<td>Ciltli<\/td>\n<\/tr>\n<tr>\n<td>Ka\u011f\u0131t Cinsi:<\/td>\n<td>Kitap Ka\u011f\u0131d\u0131<\/td>\n<\/tr>\n<tr>\n<td>Boyut:<\/td>\n<td>13.5 x 21 cm<\/td>\n<\/tr>\n<\/tbody>\n<\/table>","protected":false},"excerpt":{"rendered":"<p>Derleyici: Muhammed Emin Y\u0131ld\u0131r\u0131m Yay\u0131n Tarihi: 29.01.2022 ISBN: 9786258015232 Dil: T\u00dcRK\u00c7E Sayfa Say\u0131s\u0131: 312 Cilt Tipi: Ciltli Ka\u011f\u0131t Cinsi: Kitap Ka\u011f\u0131d\u0131 Boyut: 13.5 x 21 cm<\/p>","protected":false},"featured_media":22628,"template":"","meta":{"spay_email":""},"product_cat":[174],"product_tag":[],"item":[426],"acf":[],"_links":{"self":[{"href":"https:\/\/mgvpublications.com\/de\/wp-json\/wp\/v2\/product\/22627"}],"collection":[{"href":"https:\/\/mgvpublications.com\/de\/wp-json\/wp\/v2\/product"}],"about":[{"href":"https:\/\/mgvpublications.com\/de\/wp-json\/wp\/v2\/types\/product"}],"wp:featuredmedia":[{"embeddable":true,"href":"https:\/\/mgvpublications.com\/de\/wp-json\/wp\/v2\/media\/22628"}],"wp:attachment":[{"href":"https:\/\/mgvpublications.com\/de\/wp-json\/wp\/v2\/media?parent=22627"}],"wp:term":[{"taxonomy":"product_cat","embeddable":true,"href":"https:\/\/mgvpublications.com\/de\/wp-json\/wp\/v2\/product_cat?post=22627"},{"taxonomy":"product_tag","embeddable":true,"href":"https:\/\/mgvpublications.com\/de\/wp-json\/wp\/v2\/product_tag?post=22627"},{"taxonomy":"item","embeddable":true,"href":"https:\/\/mgvpublications.com\/de\/wp-json\/wp\/v2\/item?post=22627"}],"curies":[{"name":"wp","href":"https:\/\/api.w.org\/{rel}","templated":true}]}}