{"id":22464,"date":"2022-03-06T16:14:18","date_gmt":"2022-03-06T15:14:18","guid":{"rendered":"https:\/\/mgvpublications.com\/produkt\/tiamat-karton-kapak\/"},"modified":"2022-04-08T06:22:24","modified_gmt":"2022-04-08T04:22:24","slug":"tiamat-karton-kapak","status":"publish","type":"product","link":"https:\/\/mgvpublications.com\/de\/tiamat-karton-kapak\/","title":{"rendered":"Tiamat (Karton Kapak)"},"content":{"rendered":"<p>Yay\u0131n Tarihi: 15.02.2022<br \/>ISBN: 9786051857237<br \/>Dil: T\u00dcRK\u00c7E<br \/>Sayfa Say\u0131s\u0131: 160<br \/>Cilt Tipi: Karton Kapak<br \/>Ka\u011f\u0131t Cinsi: Kitap Ka\u011f\u0131d\u0131<br \/>Boyut: 13.5 x 19.5 cm<\/p>","protected":false},"excerpt":{"rendered":"<p>\u201cBa\u015flang\u0131\u00e7ta her \u015fey so\u011fuk, bo\u015f ve anlams\u0131zd\u0131. Kutsal R\u00fczg\u00e2r sular \u00fczerinde ok\u015far gibi anaforlarla esiyor, g\u00fcne\u015f ve ay\u0131n, bur\u00e7lar ve y\u0131ld\u0131zlar\u0131n hen\u00fcz yarat\u0131lmad\u0131\u011f\u0131 zifir\u00ee gecede, g\u00f6zleri mucizev\u00ee bir dokunu\u015fla a\u00e7\u0131lm\u0131\u015f halde bizzat kendini, yani karanl\u0131\u011f\u0131n yine ta kendisini g\u00f6ren k\u00f6r tabiat\u0131 sanki teselli ediyordu. Onun uyan\u0131p cisimle\u015fmi\u015f h\u00e2li olan di\u011fer \u00e7elik canavar\u0131n belirsiz silueti ise sat\u0131htaki zay\u0131f ayd\u0131nl\u0131\u011f\u0131n hemen alt\u0131nda \u00e2deta k\u0131m\u0131lt\u0131s\u0131zd\u0131.\u201d \u0130hsan Oktay Anar\u2019\u0131n derin denizlerde kurdu\u011fu \u00e2lemde, o belirsiz, k\u0131m\u0131lt\u0131s\u0131z siluetin hem i\u00e7inde hem d\u0131\u015f\u0131nda, ola\u011fan\u00fcst\u00fc bir hik\u00e2yede, hik\u00e2yeyiz.<\/p>","protected":false},"featured_media":23217,"template":"","meta":{"spay_email":""},"product_cat":[168],"product_tag":[],"item":[416],"acf":[],"_links":{"self":[{"href":"https:\/\/mgvpublications.com\/de\/wp-json\/wp\/v2\/product\/22464"}],"collection":[{"href":"https:\/\/mgvpublications.com\/de\/wp-json\/wp\/v2\/product"}],"about":[{"href":"https:\/\/mgvpublications.com\/de\/wp-json\/wp\/v2\/types\/product"}],"wp:featuredmedia":[{"embeddable":true,"href":"https:\/\/mgvpublications.com\/de\/wp-json\/wp\/v2\/media\/23217"}],"wp:attachment":[{"href":"https:\/\/mgvpublications.com\/de\/wp-json\/wp\/v2\/media?parent=22464"}],"wp:term":[{"taxonomy":"product_cat","embeddable":true,"href":"https:\/\/mgvpublications.com\/de\/wp-json\/wp\/v2\/product_cat?post=22464"},{"taxonomy":"product_tag","embeddable":true,"href":"https:\/\/mgvpublications.com\/de\/wp-json\/wp\/v2\/product_tag?post=22464"},{"taxonomy":"item","embeddable":true,"href":"https:\/\/mgvpublications.com\/de\/wp-json\/wp\/v2\/item?post=22464"}],"curies":[{"name":"wp","href":"https:\/\/api.w.org\/{rel}","templated":true}]}}