{"id":22458,"date":"2022-03-06T16:14:04","date_gmt":"2022-03-06T15:14:04","guid":{"rendered":"https:\/\/mgvpublications.com\/produkt\/gelisim-defteri-kendine-iyi-davran-guzel-insan\/"},"modified":"2022-03-13T12:15:09","modified_gmt":"2022-03-13T11:15:09","slug":"gelisim-defteri-kendine-iyi-davran-guzel-insan","status":"publish","type":"product","link":"https:\/\/mgvpublications.com\/de\/gelisim-defteri-kendine-iyi-davran-guzel-insan\/","title":{"rendered":"Geli\u015fim Defteri Kendine \u0130yi Davran G\u00fczel \u0130nsan"},"content":{"rendered":"<p>Yay\u0131n Tarihi: 22.12.2021<br \/>ISBN: 9786057405838<br \/>Bask\u0131 Say\u0131s\u0131: Eren Caner Polat<br \/>Dil: T\u00dcRK\u00c7E<br \/>Sayfa Say\u0131s\u0131: 208<br \/>Cilt Tipi: Karton Kapak<br \/>Ka\u011f\u0131t Cinsi: Kitap Ka\u011f\u0131d\u0131<br \/>Boyut: 15 x 2 cm<br \/>Derleyici: Eren Caner Polat<br \/>Di\u011fer \u00d6zellik: Poster Hediyeli<\/p>","protected":false},"excerpt":{"rendered":"<p>\u0130nsan hangi yola \u00e7\u0131karsa \u00e7\u0131ks\u0131n, ba\u015flang\u0131\u00e7 noktas\u0131 kendisi olmal\u0131d\u0131r. \u0130nsan\u0131n kendi i\u00e7inde ba\u015flamayan herhangi bir giri\u015fim ve de\u011fi\u015fim \u00e7abas\u0131 ba\u015far\u0131s\u0131zl\u0131kla sonu\u00e7lanacakt\u0131r. Kendimizle ili\u015fkimiz, di\u011fer insanlar\u0131n bize kar\u015f\u0131 davran\u0131\u015flar\u0131n\u0131 belirleyen en \u00f6nemli unsurdur. Bu geli\u015fim defterinin amac\u0131 sana ilham vermek, kendi geli\u015fimini izlemen i\u00e7in f\u0131rsatlar sunmakt\u0131r. Bu defterin sana zamans\u0131z bir ayna ve ayn\u0131 zamanda yol arkada\u015f\u0131 olmas\u0131n\u0131 diliyorum. Kendine iyi davran g\u00fczel insan.<\/p>","protected":false},"featured_media":22457,"template":"","meta":{"spay_email":""},"product_cat":[216],"product_tag":[],"item":[1887],"acf":[],"_links":{"self":[{"href":"https:\/\/mgvpublications.com\/de\/wp-json\/wp\/v2\/product\/22458"}],"collection":[{"href":"https:\/\/mgvpublications.com\/de\/wp-json\/wp\/v2\/product"}],"about":[{"href":"https:\/\/mgvpublications.com\/de\/wp-json\/wp\/v2\/types\/product"}],"wp:featuredmedia":[{"embeddable":true,"href":"https:\/\/mgvpublications.com\/de\/wp-json\/wp\/v2\/media\/22457"}],"wp:attachment":[{"href":"https:\/\/mgvpublications.com\/de\/wp-json\/wp\/v2\/media?parent=22458"}],"wp:term":[{"taxonomy":"product_cat","embeddable":true,"href":"https:\/\/mgvpublications.com\/de\/wp-json\/wp\/v2\/product_cat?post=22458"},{"taxonomy":"product_tag","embeddable":true,"href":"https:\/\/mgvpublications.com\/de\/wp-json\/wp\/v2\/product_tag?post=22458"},{"taxonomy":"item","embeddable":true,"href":"https:\/\/mgvpublications.com\/de\/wp-json\/wp\/v2\/item?post=22458"}],"curies":[{"name":"wp","href":"https:\/\/api.w.org\/{rel}","templated":true}]}}