{"id":22456,"date":"2022-03-06T16:14:02","date_gmt":"2022-03-06T15:14:02","guid":{"rendered":"https:\/\/mgvpublications.com\/produkt\/faiz-ayetinin-tefsiri\/"},"modified":"2022-03-13T15:26:07","modified_gmt":"2022-03-13T14:26:07","slug":"faiz-ayetinin-tefsiri","status":"publish","type":"product","link":"https:\/\/mgvpublications.com\/de\/faiz-ayetinin-tefsiri\/","title":{"rendered":"Faiz Ayetinin Tefsiri"},"content":{"rendered":"<p>Yay\u0131n Tarihi: 26.11.2019<br \/>ISBN: 9786056974519<br \/>Dil: T\u00dcRK\u00c7E<br \/>Sayfa Say\u0131s\u0131: 100<br \/>Cilt Tipi: Karton Kapak<br \/>Ka\u011f\u0131t Cinsi: Kitap Ka\u011f\u0131d\u0131<br \/>Boyut: 14.5 x 21 cm<\/p>","protected":false},"excerpt":{"rendered":"<p>Bir M\u00fcsl\u00fcman, faizin ka\u00e7\u0131n\u0131lmaz oldu\u011funa ve bu devirde onsuz bir ekonomik d\u00fczenin y\u00fcr\u00fcyemeyece\u011fine inan\u0131yorsa bu onun, bu konularda hi\u00e7bir bilgisi olmad\u0131\u011f\u0131n\u0131 a\u00e7\u0131\u011fa \u00e7\u0131kar\u0131r. Bu d\u00fc\u015f\u00fcnce ba\u015ftanba\u015fa sakat ve yanl\u0131\u015ft\u0131r. Bu d\u00fc\u015f\u00fcnce sadece prensipte sakat olmakla kalmaz, hatta insan hayat\u0131 i\u00e7in en \u00f6nemli ve ka\u00e7\u0131n\u0131lmaz olan ve onsuz d\u00fcnya i\u015flerinin y\u00fcr\u00fcyemeyece\u011fi bir \u015feyden bizi men etmeyece\u011fine inand\u0131\u011f\u0131m\u0131z Allah hakk\u0131nda da suizanda (k\u00f6t\u00fc d\u00fc\u015f\u00fcncede) bulunulmu\u015f olur. Seyyid Kutub\u2019un \u201cFaiz Ayetinin Tefsiri\u201d kitab\u0131 hacim itibari ile k\u00fc\u00e7\u00fck ancak muhtevas\u0131 itibari faiz sistemini her y\u00f6n\u00fc ile ele alan kapsaml\u0131 bir eserdir.<\/p>","protected":false},"featured_media":22455,"template":"","meta":{"spay_email":""},"product_cat":[174],"product_tag":[],"item":[940],"acf":[],"_links":{"self":[{"href":"https:\/\/mgvpublications.com\/de\/wp-json\/wp\/v2\/product\/22456"}],"collection":[{"href":"https:\/\/mgvpublications.com\/de\/wp-json\/wp\/v2\/product"}],"about":[{"href":"https:\/\/mgvpublications.com\/de\/wp-json\/wp\/v2\/types\/product"}],"wp:featuredmedia":[{"embeddable":true,"href":"https:\/\/mgvpublications.com\/de\/wp-json\/wp\/v2\/media\/22455"}],"wp:attachment":[{"href":"https:\/\/mgvpublications.com\/de\/wp-json\/wp\/v2\/media?parent=22456"}],"wp:term":[{"taxonomy":"product_cat","embeddable":true,"href":"https:\/\/mgvpublications.com\/de\/wp-json\/wp\/v2\/product_cat?post=22456"},{"taxonomy":"product_tag","embeddable":true,"href":"https:\/\/mgvpublications.com\/de\/wp-json\/wp\/v2\/product_tag?post=22456"},{"taxonomy":"item","embeddable":true,"href":"https:\/\/mgvpublications.com\/de\/wp-json\/wp\/v2\/item?post=22456"}],"curies":[{"name":"wp","href":"https:\/\/api.w.org\/{rel}","templated":true}]}}