{"id":22450,"date":"2022-03-06T16:13:47","date_gmt":"2022-03-06T15:13:47","guid":{"rendered":"https:\/\/mgvpublications.com\/produkt\/mekkeden-istanbula-fetih-fatih-ayasofya\/"},"modified":"2022-03-08T22:58:15","modified_gmt":"2022-03-08T21:58:15","slug":"mekkeden-istanbula-fetih-fatih-ayasofya","status":"publish","type":"product","link":"https:\/\/mgvpublications.com\/de\/mekkeden-istanbula-fetih-fatih-ayasofya\/","title":{"rendered":"Mekke\u2019den \u0130stanbul\u2019a Fetih Fatih Ayasofya"},"content":{"rendered":"<p>Yay\u0131n Tarihi: 23.06.2020<br \/>ISBN: 9786056917066<br \/>Dil: T\u00dcRK\u00c7E<br \/>Sayfa Say\u0131s\u0131: 176<br \/>Cilt Tipi: Karton Kapak<br \/>Ka\u011f\u0131t Cinsi: Kitap Ka\u011f\u0131d\u0131<br \/>Boyut: 13.5 x 21 cm<\/p>","protected":false},"excerpt":{"rendered":"<p>Ayasofya, Allah Ras\u00fbl\u00fc\u2019n\u00fcn \ufdfa fethini m\u00fcjdeledi\u011fi, kendisiyle birlikte askerini de \u00f6vd\u00fc\u011f\u00fc Fatih Sultan Mehmed\u2019in zafer an\u0131t\u0131d\u0131r. Ayasofya, yirmi bir ya\u015f\u0131nda \u0130sl\u00e2m\u2019\u0131 cih\u00e2na h\u00e2kim k\u0131lacak iradeyi ku\u015fanan devlet adam\u0131n\u0131n fetih m\u00fchr\u00fcd\u00fcr. Ayasofya, \u0130sl\u00e2m\u2019a adanm\u0131\u015f hayatlara verilen \u0130l\u00e2hi arma\u011fand\u0131r; \u201cFeth-i M\u00fcb\u00een\u201ddir. Ayasofya, Ak\u015femseddin (r.a) ve Molla G\u00fcrani (r.a) gibi Allah Ras\u00fbl\u00fc\u2019n\u00fcn \ufdfa S\u00fcnnet-i Seniyyesi\u2019ne ba\u011fl\u0131 iki ulu hocan\u0131n, irf\u00e2n\u0131n Fatih\u2019in \u015fahs\u0131nda devletle\u015fme tez\u00e2h\u00fcr\u00fcd\u00fcr. Ayasofya, gemileri karadan y\u00fcr\u00fcten muhkem iradenin Hakk\u2019\u0131 B\u00e2t\u0131ldan ay\u0131ran son s\u00f6z\u00fcd\u00fcr. Ayasofya, siy\u00e2sette Yavuz\u2019u, ilimde Ebussuud\u2019u, donanmada Barbaros\u2019u, \u015fiirde B\u00e2ki\u2019yi, mim\u00e2ride Sinan\u2019\u0131 yeti\u015ftiren mukaddes\u00e2t merkezidir. Ayasofya, \u0130sl\u00e2m\u2019\u0131n k\u00fcfre kar\u015f\u0131 mutlak \u00fcst\u00fcnl\u00fc\u011f\u00fcn\u00fc resmetmesi \u00eetibariyle; M\u00fcsl\u00fcmanlar\u0131n Allah\u2019\u0131n \ufdfb yery\u00fcz\u00fcndeki halifeleri olduklar\u0131n\u0131n ve d\u00fcnyaya yeniden adaleti getirecek yeg\u00e2ne \u00fcmmetin onlar olaca\u011f\u0131n\u0131n al\u00e2metidir. Ayasofya, \u00e7an seslerinin kapatt\u0131\u011f\u0131 m\u00e2vera yolunun tekbir sesleri ile a\u00e7\u0131ld\u0131\u011f\u0131 tevhid k\u00fcrs\u00fcs\u00fcd\u00fcr. Ayasofya, Bat\u0131\u2019n\u0131n b\u00fcy\u00fck olarak ilan etti\u011fi b\u00fct\u00fcn devlet adamlar\u0131n\u0131n, -gen\u00e7 ya\u015fta n\u00e2il oldu\u011fu muvaff\u00e2kiyet \u00eetibariyle- kendisine y\u00e2ver bile olamayaca\u011f\u0131 Fatih\u2019in a\u00e7t\u0131\u011f\u0131, korunmas\u0131n\u0131 da bir vasiyetle b\u00fct\u00fcn \u00fcmmete havale etti\u011fi mes&#8217;\u00fbliyet merkezidir. Ayasofya, M\u00fcsl\u00fcmanlar i\u00e7in basit bir mek\u00e2n de\u011fil, ulvi bir m\u00e2n\u00e2; m\u00fcze de\u011fil, cami; ta\u015f de\u011fil, ruhtur. Bu y\u00fczden Ayasofya\u2019n\u0131n kapanmas\u0131 ya da m\u00fcze olmas\u0131 M\u00fcsl\u00fcmanl\u0131kla yo\u011frulan bu milletin r\u00fbhuna \u201ck\u00fcf\u00fcr m\u00fchr\u00fc\u201d vurmakla e\u015fde\u011fer bir h\u00e2disedir. Ayasofya, denize s\u00fcrd\u00fc\u011f\u00fc at\u0131n\u0131n \u00fczerinden S\u00fcleyman Pa\u015fa\u2019ya \u201cO k\u00fcf\u00fcr donanmas\u0131n\u0131 ya al ya da \u00f6l de gel\u201d diye emreden, z\u00e2limin sulh teklifini \u201cYa \u0130stanbul beni ya da ben \u0130stanbul\u2019u al\u0131r\u0131m.\u201d diyerek reddeden Fatih\u2019in \u00eeman\u0131na, cihad \u015fuuruna, \u0130sl\u00e2m idr\u00e2kine ve \u015fecaatine varis oldu\u011fumuzda \u00f6yle bir a\u00e7\u0131lacak ki, beraberinde mukaddes\u00e2t\u0131m\u0131z \u00fczerine kapat\u0131lan b\u00fct\u00fcn kap\u0131lar k\u0131r\u0131lacak.<\/p>","protected":false},"featured_media":22449,"template":"","meta":{"spay_email":""},"product_cat":[174],"product_tag":[],"item":[700],"acf":[],"_links":{"self":[{"href":"https:\/\/mgvpublications.com\/de\/wp-json\/wp\/v2\/product\/22450"}],"collection":[{"href":"https:\/\/mgvpublications.com\/de\/wp-json\/wp\/v2\/product"}],"about":[{"href":"https:\/\/mgvpublications.com\/de\/wp-json\/wp\/v2\/types\/product"}],"wp:featuredmedia":[{"embeddable":true,"href":"https:\/\/mgvpublications.com\/de\/wp-json\/wp\/v2\/media\/22449"}],"wp:attachment":[{"href":"https:\/\/mgvpublications.com\/de\/wp-json\/wp\/v2\/media?parent=22450"}],"wp:term":[{"taxonomy":"product_cat","embeddable":true,"href":"https:\/\/mgvpublications.com\/de\/wp-json\/wp\/v2\/product_cat?post=22450"},{"taxonomy":"product_tag","embeddable":true,"href":"https:\/\/mgvpublications.com\/de\/wp-json\/wp\/v2\/product_tag?post=22450"},{"taxonomy":"item","embeddable":true,"href":"https:\/\/mgvpublications.com\/de\/wp-json\/wp\/v2\/item?post=22450"}],"curies":[{"name":"wp","href":"https:\/\/api.w.org\/{rel}","templated":true}]}}